{"id":12602,"date":"2021-05-13T12:49:35","date_gmt":"2021-05-13T11:49:35","guid":{"rendered":"http:\/\/jagodina.museum\/collections\/art-department\/zbirka-primenjene-umetnosti\/"},"modified":"2021-05-31T13:12:21","modified_gmt":"2021-05-31T12:12:21","slug":"zbirka-primenjene-umetnosti","status":"publish","type":"page","link":"https:\/\/jagodina.museum\/en\/collections\/art-department\/zbirka-primenjene-umetnosti\/","title":{"rendered":"Applied Art Collection"},"content":{"rendered":"\t\t<div data-elementor-type=\"wp-post\" data-elementor-id=\"12602\" class=\"elementor elementor-12602 elementor-12597\" data-elementor-post-type=\"page\">\n\t\t\t\t\t\t<section class=\"elementor-section elementor-top-section elementor-element elementor-element-bd5cc26 elementor-section-boxed elementor-section-height-default elementor-section-height-default\" data-id=\"bd5cc26\" data-element_type=\"section\" data-e-type=\"section\">\n\t\t\t\t\t\t<div class=\"elementor-container elementor-column-gap-extended\">\n\t\t\t\t\t<div class=\"elementor-column elementor-col-100 elementor-top-column elementor-element elementor-element-f2c5bdf sc_inner_width_none sc_content_align_inherit sc_layouts_column_icons_position_left\" data-id=\"f2c5bdf\" data-element_type=\"column\" data-e-type=\"column\">\n\t\t\t<div class=\"elementor-widget-wrap elementor-element-populated\">\n\t\t\t\t\t\t<div class=\"elementor-element elementor-element-13b95b9 elementor-nav-menu--dropdown-none elementor-nav-menu__align-end animation_type_block sc_fly_static elementor-widget elementor-widget-nav-menu\" data-id=\"13b95b9\" data-element_type=\"widget\" data-e-type=\"widget\" data-settings=\"{&quot;layout&quot;:&quot;horizontal&quot;,&quot;submenu_icon&quot;:{&quot;value&quot;:&quot;&lt;i class=\\&quot;fas fa-caret-down\\&quot; aria-hidden=\\&quot;true\\&quot;&gt;&lt;\\\/i&gt;&quot;,&quot;library&quot;:&quot;fa-solid&quot;}}\" data-widget_type=\"nav-menu.default\">\n\t\t\t\t<div class=\"elementor-widget-container\">\n\t\t\t\t\t\t\t\t<nav aria-label=\"Menu\" class=\"elementor-nav-menu--main elementor-nav-menu__container elementor-nav-menu--layout-horizontal e--pointer-background e--animation-fade\">\n\t\t\t\t<ul id=\"menu-1-13b95b9\" class=\"elementor-nav-menu\"><li class=\"menu-item menu-item-type-post_type menu-item-object-page menu-item-13402\"><a href=\"https:\/\/jagodina.museum\/en\/collections\/art-department\/\" class=\"elementor-item\">Art Department<\/a><\/li>\n<\/ul>\t\t\t<\/nav>\n\t\t\t\t\t\t<nav class=\"elementor-nav-menu--dropdown elementor-nav-menu__container\" aria-hidden=\"true\">\n\t\t\t\t<ul id=\"menu-2-13b95b9\" class=\"elementor-nav-menu\"><li class=\"menu-item menu-item-type-post_type menu-item-object-page menu-item-13402\"><a href=\"https:\/\/jagodina.museum\/en\/collections\/art-department\/\" class=\"elementor-item\" tabindex=\"-1\">Art Department<\/a><\/li>\n<\/ul>\t\t\t<\/nav>\n\t\t\t\t\t\t<\/div>\n\t\t\t\t<\/div>\n\t\t\t\t<div class=\"elementor-element elementor-element-14a70af elementor-widget-divider--view-line animation_type_block sc_fly_static elementor-widget elementor-widget-divider\" data-id=\"14a70af\" data-element_type=\"widget\" data-e-type=\"widget\" data-widget_type=\"divider.default\">\n\t\t\t\t<div class=\"elementor-widget-container\">\n\t\t\t\t\t\t\t<div class=\"elementor-divider\">\n\t\t\t<span class=\"elementor-divider-separator\">\n\t\t\t\t\t\t<\/span>\n\t\t<\/div>\n\t\t\t\t\t\t<\/div>\n\t\t\t\t<\/div>\n\t\t\t\t<div class=\"elementor-element elementor-element-b80e931 animation_type_block sc_fly_static elementor-widget elementor-widget-text-editor\" data-id=\"b80e931\" data-element_type=\"widget\" data-e-type=\"widget\" data-widget_type=\"text-editor.default\">\n\t\t\t\t<div class=\"elementor-widget-container\">\n\t\t\t\t\t\t\t\t\t<p><strong>APPLIED ART COLLECTION<\/strong><\/p><p>The Collection was created in 2020 by separating works from the Collection of Paintings, so that the process of its formation is underway. The collection includes drafts for the costumes of the theater play &#8220;Ivkova slava&#8221; made by Boris \u010cer\u0161kov during the 1960s, as well as caricatures of the Jagodina journalist and artist Aleksandar Urosevi\u0107 Matra.<\/p><p><em>Curator: <a href=\"https:\/\/jagodina.museum\/en\/team\/jasmina-trajkov\/\" target=\"_blank\" rel=\"noopener\">Jasmina Trajkov<\/a><\/em><\/p>\t\t\t\t\t\t\t\t<\/div>\n\t\t\t\t<\/div>\n\t\t\t\t<div class=\"elementor-element elementor-element-5b63925 animation_type_block sc_fly_static elementor-widget elementor-widget-spacer\" data-id=\"5b63925\" data-element_type=\"widget\" data-e-type=\"widget\" data-widget_type=\"spacer.default\">\n\t\t\t\t<div class=\"elementor-widget-container\">\n\t\t\t\t\t\t\t<div class=\"elementor-spacer\">\n\t\t\t<div class=\"elementor-spacer-inner\"><\/div>\n\t\t<\/div>\n\t\t\t\t\t\t<\/div>\n\t\t\t\t<\/div>\n\t\t\t\t<div class=\"elementor-element elementor-element-42758a1 animation_type_sequental sc_fly_static elementor-invisible elementor-widget elementor-widget-trx_sc_blogger\" data-id=\"42758a1\" data-element_type=\"widget\" data-e-type=\"widget\" data-settings=\"{&quot;_animation&quot;:&quot;fadeIn&quot;,&quot;_animation_delay&quot;:&quot;200&quot;}\" data-widget_type=\"trx_sc_blogger.default\">\n\t\t\t\t<div class=\"elementor-widget-container\">\n\t\t\t\t\t<div  id=\"trx_sc_blogger_1758898269\"\t\tclass=\"sc_blogger sc_blogger_masonry sc_blogger_masonry_default\"><div class=\"sc_blogger_content sc_item_content sc_item_posts_container posts_container masonry_wrap masonry_3\"><div class=\"masonry_item masonry_item-1_3\"><article id=\"post-5085\" data-post-id=\"5085\"\n\tclass=\"post_item post_format_standard post_layout_classic post_layout_classic_3 post_layout_masonry post_layout_masonry_3 post-5085 cpt_portfolio type-cpt_portfolio status-publish has-post-thumbnail hentry cpt_portfolio_group-applied-art cpt_portfolio_group-art-department cpt_portfolio_group-collections\">\n\t<div class=\"post_featured with_thumb hover_view\"><img fetchpriority=\"high\" decoding=\"async\" width=\"370\" height=\"260\" src=\"https:\/\/jagodina.museum\/wp-content\/uploads\/2021\/03\/aleksandar_urosevic_karikatura_bez_reci-370x260.jpg\" class=\"attachment-ozeum-thumb-masonry size-ozeum-thumb-masonry wp-post-image\" alt=\"\" srcset=\"https:\/\/jagodina.museum\/wp-content\/uploads\/2021\/03\/aleksandar_urosevic_karikatura_bez_reci-370x260.jpg 370w, https:\/\/jagodina.museum\/wp-content\/uploads\/2021\/03\/aleksandar_urosevic_karikatura_bez_reci-300x211.jpg 300w, https:\/\/jagodina.museum\/wp-content\/uploads\/2021\/03\/aleksandar_urosevic_karikatura_bez_reci-1024x721.jpg 1024w, https:\/\/jagodina.museum\/wp-content\/uploads\/2021\/03\/aleksandar_urosevic_karikatura_bez_reci-768x540.jpg 768w, https:\/\/jagodina.museum\/wp-content\/uploads\/2021\/03\/aleksandar_urosevic_karikatura_bez_reci-1536x1081.jpg 1536w, https:\/\/jagodina.museum\/wp-content\/uploads\/2021\/03\/aleksandar_urosevic_karikatura_bez_reci-770x542.jpg 770w, https:\/\/jagodina.museum\/wp-content\/uploads\/2021\/03\/aleksandar_urosevic_karikatura_bez_reci.jpg 1600w\" sizes=\"(max-width: 370px) 100vw, 370px\" \/>\t\t\t\t\t\t<div class=\"mask\"><\/div>\n\t\t\t\t\t\t            <a href=\"https:\/\/jagodina.museum\/en\/portfolio\/caricature-without-words\/\"  aria-hidden=\"true\" class=\"view\"><span>View<\/span><\/a>\n            <\/div>\t\t<div class=\"post_header entry-header\">\n\t\t\t<h4 class=\"post_title entry-title\"><a href=\"https:\/\/jagodina.museum\/en\/portfolio\/caricature-without-words\/\" rel=\"bookmark\">Caricature &#8220;Without Words&#8221;<\/a><\/h4>\t\t<div class=\"post_meta\">\n\t\t\t<span class=\"post_meta_item post_categories\"><a href=\"https:\/\/jagodina.museum\/en\/portfolio_group\/collections\/art-department\/applied-art\/\" title=\"View all posts in Applied Art Collection\">Applied Art Collection, <\/a><a href=\"https:\/\/jagodina.museum\/en\/portfolio_group\/collections\/art-department\/\" title=\"View all posts in Art Department\">Art Department, <\/a><a href=\"https:\/\/jagodina.museum\/en\/portfolio_group\/collections\/\" title=\"View all posts in Collections\">Collections<\/a><\/span>\t\t<\/div><!-- .post_meta -->\n\t\t\t\t<\/div><!-- .entry-header -->\n\t\t\n<\/article><\/div><div class=\"masonry_item masonry_item-1_3\"><article id=\"post-5081\" data-post-id=\"5081\"\n\tclass=\"post_item post_format_standard post_layout_classic post_layout_classic_3 post_layout_masonry post_layout_masonry_3 post-5081 cpt_portfolio type-cpt_portfolio status-publish has-post-thumbnail hentry cpt_portfolio_group-applied-art cpt_portfolio_group-art-department cpt_portfolio_group-collections\">\n\t<div class=\"post_featured with_thumb hover_view\"><img decoding=\"async\" width=\"370\" height=\"552\" src=\"https:\/\/jagodina.museum\/wp-content\/uploads\/2021\/03\/boris_cerskov_ciganka-370x552.jpg\" class=\"attachment-ozeum-thumb-masonry size-ozeum-thumb-masonry wp-post-image\" alt=\"\" srcset=\"https:\/\/jagodina.museum\/wp-content\/uploads\/2021\/03\/boris_cerskov_ciganka-370x552.jpg 370w, https:\/\/jagodina.museum\/wp-content\/uploads\/2021\/03\/boris_cerskov_ciganka-201x300.jpg 201w, https:\/\/jagodina.museum\/wp-content\/uploads\/2021\/03\/boris_cerskov_ciganka-686x1024.jpg 686w, https:\/\/jagodina.museum\/wp-content\/uploads\/2021\/03\/boris_cerskov_ciganka-768x1146.jpg 768w, https:\/\/jagodina.museum\/wp-content\/uploads\/2021\/03\/boris_cerskov_ciganka-1029x1536.jpg 1029w, https:\/\/jagodina.museum\/wp-content\/uploads\/2021\/03\/boris_cerskov_ciganka-770x1149.jpg 770w, https:\/\/jagodina.museum\/wp-content\/uploads\/2021\/03\/boris_cerskov_ciganka.jpg 1072w\" sizes=\"(max-width: 370px) 100vw, 370px\" \/>\t\t\t\t\t\t<div class=\"mask\"><\/div>\n\t\t\t\t\t\t            <a href=\"https:\/\/jagodina.museum\/en\/portfolio\/gypsy-costume-design\/\"  aria-hidden=\"true\" class=\"view\"><span>View<\/span><\/a>\n            <\/div>\t\t<div class=\"post_header entry-header\">\n\t\t\t<h4 class=\"post_title entry-title\"><a href=\"https:\/\/jagodina.museum\/en\/portfolio\/gypsy-costume-design\/\" rel=\"bookmark\">Gypsy, costume design for the play &#8220;Ivko&#8217;s Slava&#8221;<\/a><\/h4>\t\t<div class=\"post_meta\">\n\t\t\t<span class=\"post_meta_item post_categories\"><a href=\"https:\/\/jagodina.museum\/en\/portfolio_group\/collections\/art-department\/applied-art\/\" title=\"View all posts in Applied Art Collection\">Applied Art Collection, <\/a><a href=\"https:\/\/jagodina.museum\/en\/portfolio_group\/collections\/art-department\/\" title=\"View all posts in Art Department\">Art Department, <\/a><a href=\"https:\/\/jagodina.museum\/en\/portfolio_group\/collections\/\" title=\"View all posts in Collections\">Collections<\/a><\/span>\t\t<\/div><!-- .post_meta -->\n\t\t\t\t<\/div><!-- .entry-header -->\n\t\t\n<\/article><\/div><\/div><\/div>\t\t\t\t<\/div>\n\t\t\t\t<\/div>\n\t\t\t\t<div class=\"elementor-element elementor-element-c5f96fe sc_height_large animation_type_block sc_fly_static elementor-widget elementor-widget-spacer\" data-id=\"c5f96fe\" data-element_type=\"widget\" data-e-type=\"widget\" data-widget_type=\"spacer.default\">\n\t\t\t\t<div class=\"elementor-widget-container\">\n\t\t\t\t\t\t\t<div class=\"elementor-spacer\">\n\t\t\t<div class=\"elementor-spacer-inner\"><\/div>\n\t\t<\/div>\n\t\t\t\t\t\t<\/div>\n\t\t\t\t<\/div>\n\t\t\t\t<div class=\"elementor-element elementor-element-0b3b9e1 elementor-nav-menu--dropdown-none elementor-nav-menu__align-end animation_type_block sc_fly_static elementor-widget elementor-widget-nav-menu\" data-id=\"0b3b9e1\" data-element_type=\"widget\" data-e-type=\"widget\" data-settings=\"{&quot;layout&quot;:&quot;horizontal&quot;,&quot;submenu_icon&quot;:{&quot;value&quot;:&quot;&lt;i class=\\&quot;fas fa-caret-down\\&quot; aria-hidden=\\&quot;true\\&quot;&gt;&lt;\\\/i&gt;&quot;,&quot;library&quot;:&quot;fa-solid&quot;}}\" data-widget_type=\"nav-menu.default\">\n\t\t\t\t<div class=\"elementor-widget-container\">\n\t\t\t\t\t\t\t\t<nav aria-label=\"Menu\" class=\"elementor-nav-menu--main elementor-nav-menu__container elementor-nav-menu--layout-horizontal e--pointer-background e--animation-fade\">\n\t\t\t\t<ul id=\"menu-1-0b3b9e1\" class=\"elementor-nav-menu\"><li class=\"menu-item menu-item-type-post_type menu-item-object-page menu-item-13402\"><a href=\"https:\/\/jagodina.museum\/en\/collections\/art-department\/\" class=\"elementor-item\">Art Department<\/a><\/li>\n<\/ul>\t\t\t<\/nav>\n\t\t\t\t\t\t<nav class=\"elementor-nav-menu--dropdown elementor-nav-menu__container\" aria-hidden=\"true\">\n\t\t\t\t<ul id=\"menu-2-0b3b9e1\" class=\"elementor-nav-menu\"><li class=\"menu-item menu-item-type-post_type menu-item-object-page menu-item-13402\"><a href=\"https:\/\/jagodina.museum\/en\/collections\/art-department\/\" class=\"elementor-item\" tabindex=\"-1\">Art Department<\/a><\/li>\n<\/ul>\t\t\t<\/nav>\n\t\t\t\t\t\t<\/div>\n\t\t\t\t<\/div>\n\t\t\t\t\t<\/div>\n\t\t<\/div>\n\t\t\t\t\t<\/div>\n\t\t<\/section>\n\t\t\t\t<\/div>\n\t\t","protected":false},"excerpt":{"rendered":"<p>APPLIED ART COLLECTION The Collection was created in 2020 by separating works from the Collection of Paintings, so that the process of its formation is underway. The collection includes drafts for the costumes of the theater play &#8220;Ivkova slava&#8221; made by Boris \u010cer\u0161kov during the&hellip;<\/p>\n","protected":false},"author":3,"featured_media":0,"parent":6007,"menu_order":5,"comment_status":"closed","ping_status":"closed","template":"","meta":{"footnotes":""},"class_list":["post-12602","page","type-page","status-publish","hentry"],"_links":{"self":[{"href":"https:\/\/jagodina.museum\/en\/wp-json\/wp\/v2\/pages\/12602","targetHints":{"allow":["GET"]}}],"collection":[{"href":"https:\/\/jagodina.museum\/en\/wp-json\/wp\/v2\/pages"}],"about":[{"href":"https:\/\/jagodina.museum\/en\/wp-json\/wp\/v2\/types\/page"}],"author":[{"embeddable":true,"href":"https:\/\/jagodina.museum\/en\/wp-json\/wp\/v2\/users\/3"}],"replies":[{"embeddable":true,"href":"https:\/\/jagodina.museum\/en\/wp-json\/wp\/v2\/comments?post=12602"}],"version-history":[{"count":0,"href":"https:\/\/jagodina.museum\/en\/wp-json\/wp\/v2\/pages\/12602\/revisions"}],"up":[{"embeddable":true,"href":"https:\/\/jagodina.museum\/en\/wp-json\/wp\/v2\/pages\/6007"}],"wp:attachment":[{"href":"https:\/\/jagodina.museum\/en\/wp-json\/wp\/v2\/media?parent=12602"}],"curies":[{"name":"wp","href":"https:\/\/api.w.org\/{rel}","templated":true}]}}