{"id":12661,"date":"2021-05-13T13:08:19","date_gmt":"2021-05-13T12:08:19","guid":{"rendered":"http:\/\/jagodina.museum\/collections\/history-department\/zbirka-kalendara\/"},"modified":"2021-05-17T11:05:06","modified_gmt":"2021-05-17T10:05:06","slug":"zbirka-kalendara","status":"publish","type":"page","link":"https:\/\/jagodina.museum\/en\/collections\/history-department\/zbirka-kalendara\/","title":{"rendered":"Collection Of Calendars"},"content":{"rendered":"\t\t<div data-elementor-type=\"wp-post\" data-elementor-id=\"12661\" class=\"elementor elementor-12661 elementor-12648\" data-elementor-post-type=\"page\">\n\t\t\t\t\t\t<section class=\"elementor-section elementor-top-section elementor-element elementor-element-bd5cc26 elementor-section-boxed elementor-section-height-default elementor-section-height-default sc_fly_static\" data-id=\"bd5cc26\" data-element_type=\"section\" data-e-type=\"section\">\n\t\t\t\t\t\t<div class=\"elementor-container elementor-column-gap-extended\">\n\t\t\t\t\t<div class=\"elementor-column elementor-col-100 elementor-top-column elementor-element elementor-element-f2c5bdf sc_content_align_inherit sc_layouts_column_icons_position_left sc_fly_static\" data-id=\"f2c5bdf\" data-element_type=\"column\" data-e-type=\"column\">\n\t\t\t<div class=\"elementor-widget-wrap elementor-element-populated\">\n\t\t\t\t\t\t<div class=\"elementor-element elementor-element-0cd9239 elementor-nav-menu--dropdown-none elementor-nav-menu__align-end sc_fly_static elementor-widget elementor-widget-nav-menu\" data-id=\"0cd9239\" data-element_type=\"widget\" data-e-type=\"widget\" data-settings=\"{&quot;layout&quot;:&quot;horizontal&quot;,&quot;submenu_icon&quot;:{&quot;value&quot;:&quot;&lt;i class=\\&quot;fas fa-caret-down\\&quot; aria-hidden=\\&quot;true\\&quot;&gt;&lt;\\\/i&gt;&quot;,&quot;library&quot;:&quot;fa-solid&quot;}}\" data-widget_type=\"nav-menu.default\">\n\t\t\t\t<div class=\"elementor-widget-container\">\n\t\t\t\t\t\t\t\t<nav aria-label=\"Menu\" class=\"elementor-nav-menu--main elementor-nav-menu__container elementor-nav-menu--layout-horizontal e--pointer-background e--animation-fade\">\n\t\t\t\t<ul id=\"menu-1-0cd9239\" class=\"elementor-nav-menu\"><li class=\"menu-item menu-item-type-post_type menu-item-object-page menu-item-12651\"><a href=\"https:\/\/jagodina.museum\/en\/collections\/history-department\/\" class=\"elementor-item\">History Department<\/a><\/li><\/ul>\t\t\t<\/nav>\n\t\t\t\t\t\t<nav class=\"elementor-nav-menu--dropdown elementor-nav-menu__container\" aria-hidden=\"true\">\n\t\t\t\t<ul id=\"menu-2-0cd9239\" class=\"elementor-nav-menu\"><li class=\"menu-item menu-item-type-post_type menu-item-object-page menu-item-12651\"><a href=\"https:\/\/jagodina.museum\/en\/collections\/history-department\/\" class=\"elementor-item\" tabindex=\"-1\">History Department<\/a><\/li><\/ul>\t\t\t<\/nav>\n\t\t\t\t\t\t<\/div>\n\t\t\t\t<\/div>\n\t\t\t\t<div class=\"elementor-element elementor-element-87af09d elementor-widget-divider--view-line sc_fly_static elementor-widget elementor-widget-divider\" data-id=\"87af09d\" data-element_type=\"widget\" data-e-type=\"widget\" data-widget_type=\"divider.default\">\n\t\t\t\t<div class=\"elementor-widget-container\">\n\t\t\t\t\t\t\t<div class=\"elementor-divider\">\n\t\t\t<span class=\"elementor-divider-separator\">\n\t\t\t\t\t\t<\/span>\n\t\t<\/div>\n\t\t\t\t\t\t<\/div>\n\t\t\t\t<\/div>\n\t\t\t\t<div class=\"elementor-element elementor-element-b9bff79 sc_fly_static elementor-widget elementor-widget-text-editor\" data-id=\"b9bff79\" data-element_type=\"widget\" data-e-type=\"widget\" data-widget_type=\"text-editor.default\">\n\t\t\t\t<div class=\"elementor-widget-container\">\n\t\t\t\t\t\t\t\t\t<p><strong>COLLECTION OF CALENDARS<\/strong><\/p><p>The collection contains calendars issued in the period from the middle of the 19th century to 2014. The most important part of the collection is a series of annual calendars of the Svetozarevo Cable Factory, whose concept was conceived and graphically designed by the designer of this factory Slobodan Seleni\u0107 (1936-1994), one of the pioneers of graphic design in Serbia. He choosed various topics from Serbian culture, history and ethnography as a main theme of this calendars. The calendars of the Svetozarevo Cable Factory were issued in the period from 1966 to 1991, and were especially noted both in the country and abroad. The collection also includes various calendars printed in the period between the two world wars, of which those with a memorandum or advertisement of craft workshops and factories in Pomoravlje are especially important. Calendars printed during the First and Second World Wars are also kept in the fund.<\/p><p><em>Curator: <a href=\"https:\/\/jagodina.museum\/en\/team\/jasmina-trajkov\/\" target=\"_blank\" rel=\"noopener\">Jasmina Trajkov<\/a><\/em><\/p>\t\t\t\t\t\t\t\t<\/div>\n\t\t\t\t<\/div>\n\t\t\t\t<div class=\"elementor-element elementor-element-a79d7aa sc_fly_static elementor-widget elementor-widget-spacer\" data-id=\"a79d7aa\" data-element_type=\"widget\" data-e-type=\"widget\" data-widget_type=\"spacer.default\">\n\t\t\t\t<div class=\"elementor-widget-container\">\n\t\t\t\t\t\t\t<div class=\"elementor-spacer\">\n\t\t\t<div class=\"elementor-spacer-inner\"><\/div>\n\t\t<\/div>\n\t\t\t\t\t\t<\/div>\n\t\t\t\t<\/div>\n\t\t\t\t<div data-animation-type=\"sequental\" data-animation-stagger=\"\" class=\"elementor-element elementor-element-42758a1 animation_type_sequental sc_fly_static elementor-invisible elementor-widget elementor-widget-trx_sc_blogger\" data-id=\"42758a1\" data-element_type=\"widget\" data-e-type=\"widget\" data-settings=\"{&quot;_animation&quot;:&quot;fadeIn&quot;,&quot;_animation_delay&quot;:&quot;200&quot;}\" data-widget_type=\"trx_sc_blogger.default\">\n\t\t\t\t<div class=\"elementor-widget-container\">\n\t\t\t\t\t<div \t\tclass=\"sc_blogger sc_blogger_masonry sc_blogger_masonry_default sc_item_filters_tabs_none alignnone\"><div class=\"sc_blogger_content sc_item_content sc_item_posts_container posts_container masonry_wrap masonry_3\"><div class=\"masonry_item masonry_item-1_3\"><article id=\"post-10285\" data-post-id=\"10285\"\n\tclass=\"post_item post_format_standard post_layout_classic post_layout_classic_3 post_layout_masonry post_layout_masonry_3 post-10285 cpt_portfolio type-cpt_portfolio status-publish has-post-thumbnail hentry cpt_portfolio_group-calendars cpt_portfolio_group-collections cpt_portfolio_group-history-department\">\n\t<div class=\"post_featured with_thumb hover_view\"><img fetchpriority=\"high\" decoding=\"async\" width=\"370\" height=\"282\" src=\"https:\/\/jagodina.museum\/wp-content\/uploads\/2021\/03\/kalendar_1932-370x282.jpg\" class=\"attachment-ozeum-thumb-masonry size-ozeum-thumb-masonry wp-post-image\" alt=\"\" srcset=\"https:\/\/jagodina.museum\/wp-content\/uploads\/2021\/03\/kalendar_1932-370x282.jpg 370w, https:\/\/jagodina.museum\/wp-content\/uploads\/2021\/03\/kalendar_1932-300x228.jpg 300w, https:\/\/jagodina.museum\/wp-content\/uploads\/2021\/03\/kalendar_1932-1024x780.jpg 1024w, https:\/\/jagodina.museum\/wp-content\/uploads\/2021\/03\/kalendar_1932-768x585.jpg 768w, https:\/\/jagodina.museum\/wp-content\/uploads\/2021\/03\/kalendar_1932-1536x1169.jpg 1536w, https:\/\/jagodina.museum\/wp-content\/uploads\/2021\/03\/kalendar_1932-770x586.jpg 770w, https:\/\/jagodina.museum\/wp-content\/uploads\/2021\/03\/kalendar_1932.jpg 1600w\" sizes=\"(max-width: 767px) 100vw, 370px\" \/>\t\t\t\t\t\t<div class=\"mask\"><\/div>\n\t\t\t\t\t\t            <a href=\"https:\/\/jagodina.museum\/en\/portfolio\/kalendar-povlascene-knjizare-cuprija\/\"  aria-hidden=\"true\" class=\"view\"><span>View<\/span><\/a>\n            <\/div>\t\t<div class=\"post_header entry-header\">\n\t\t\t<h4 class=\"post_title entry-title\"><a href=\"https:\/\/jagodina.museum\/en\/portfolio\/kalendar-povlascene-knjizare-cuprija\/\" rel=\"bookmark\">Calendar of the Privileged Bookstore, Office Supplies Store, Printing House and Bookbinder \u0110oka N. Jovanovi\u0107, \u0106uprija<\/a><\/h4>\t\t<div class=\"post_meta\">\n\t\t\t<span class=\"post_meta_item post_categories\"><a href=\"https:\/\/jagodina.museum\/en\/portfolio_group\/collections\/history-department\/calendars\/\" title=\"View all posts in Collection of Calendars\">Collection of Calendars, <\/a><a href=\"https:\/\/jagodina.museum\/en\/portfolio_group\/collections\/\" title=\"View all posts in Collections\">Collections, <\/a><a href=\"https:\/\/jagodina.museum\/en\/portfolio_group\/collections\/history-department\/\" title=\"View all posts in History Department\">History Department<\/a><\/span>\t\t<\/div><!-- .post_meta -->\n\t\t\t\t<\/div><!-- .entry-header -->\n\t\t\n<\/article><\/div><div class=\"masonry_item masonry_item-1_3\"><article id=\"post-10281\" data-post-id=\"10281\"\n\tclass=\"post_item post_format_standard post_layout_classic post_layout_classic_3 post_layout_masonry post_layout_masonry_3 post-10281 cpt_portfolio type-cpt_portfolio status-publish has-post-thumbnail hentry cpt_portfolio_group-calendars cpt_portfolio_group-collections cpt_portfolio_group-history-department\">\n\t<div class=\"post_featured with_thumb hover_view\"><img decoding=\"async\" width=\"370\" height=\"363\" src=\"https:\/\/jagodina.museum\/wp-content\/uploads\/2021\/03\/kalendar_fks_1980-370x363.jpg\" class=\"attachment-ozeum-thumb-masonry size-ozeum-thumb-masonry wp-post-image\" alt=\"\" srcset=\"https:\/\/jagodina.museum\/wp-content\/uploads\/2021\/03\/kalendar_fks_1980-370x363.jpg 370w, https:\/\/jagodina.museum\/wp-content\/uploads\/2021\/03\/kalendar_fks_1980-300x294.jpg 300w, https:\/\/jagodina.museum\/wp-content\/uploads\/2021\/03\/kalendar_fks_1980-1024x1004.jpg 1024w, https:\/\/jagodina.museum\/wp-content\/uploads\/2021\/03\/kalendar_fks_1980-768x753.jpg 768w, https:\/\/jagodina.museum\/wp-content\/uploads\/2021\/03\/kalendar_fks_1980-770x755.jpg 770w, https:\/\/jagodina.museum\/wp-content\/uploads\/2021\/03\/kalendar_fks_1980.jpg 1500w\" sizes=\"(max-width: 767px) 100vw, 370px\" \/>\t\t\t\t\t\t<div class=\"mask\"><\/div>\n\t\t\t\t\t\t            <a href=\"https:\/\/jagodina.museum\/en\/portfolio\/kalendar-fks-1980\/\"  aria-hidden=\"true\" class=\"view\"><span>View<\/span><\/a>\n            <\/div>\t\t<div class=\"post_header entry-header\">\n\t\t\t<h4 class=\"post_title entry-title\"><a href=\"https:\/\/jagodina.museum\/en\/portfolio\/kalendar-fks-1980\/\" rel=\"bookmark\">Calendar of Cable Factory Svetozarevo<\/a><\/h4>\t\t<div class=\"post_meta\">\n\t\t\t<span class=\"post_meta_item post_categories\"><a href=\"https:\/\/jagodina.museum\/en\/portfolio_group\/collections\/history-department\/calendars\/\" title=\"View all posts in Collection of Calendars\">Collection of Calendars, <\/a><a href=\"https:\/\/jagodina.museum\/en\/portfolio_group\/collections\/\" title=\"View all posts in Collections\">Collections, <\/a><a href=\"https:\/\/jagodina.museum\/en\/portfolio_group\/collections\/history-department\/\" title=\"View all posts in History Department\">History Department<\/a><\/span>\t\t<\/div><!-- .post_meta -->\n\t\t\t\t<\/div><!-- .entry-header -->\n\t\t\n<\/article><\/div><\/div><\/div>\t\t\t\t<\/div>\n\t\t\t\t<\/div>\n\t\t\t\t<div class=\"elementor-element elementor-element-671048b sc_height_large sc_fly_static elementor-widget elementor-widget-spacer\" data-id=\"671048b\" data-element_type=\"widget\" data-e-type=\"widget\" data-widget_type=\"spacer.default\">\n\t\t\t\t<div class=\"elementor-widget-container\">\n\t\t\t\t\t\t\t<div class=\"elementor-spacer\">\n\t\t\t<div class=\"elementor-spacer-inner\"><\/div>\n\t\t<\/div>\n\t\t\t\t\t\t<\/div>\n\t\t\t\t<\/div>\n\t\t\t\t<div class=\"elementor-element elementor-element-6bbb40c elementor-nav-menu--dropdown-none elementor-nav-menu__align-end sc_fly_static elementor-widget elementor-widget-nav-menu\" data-id=\"6bbb40c\" data-element_type=\"widget\" data-e-type=\"widget\" data-settings=\"{&quot;layout&quot;:&quot;horizontal&quot;,&quot;submenu_icon&quot;:{&quot;value&quot;:&quot;&lt;i class=\\&quot;fas fa-caret-down\\&quot; aria-hidden=\\&quot;true\\&quot;&gt;&lt;\\\/i&gt;&quot;,&quot;library&quot;:&quot;fa-solid&quot;}}\" data-widget_type=\"nav-menu.default\">\n\t\t\t\t<div class=\"elementor-widget-container\">\n\t\t\t\t\t\t\t\t<nav aria-label=\"Menu\" class=\"elementor-nav-menu--main elementor-nav-menu__container elementor-nav-menu--layout-horizontal e--pointer-background e--animation-fade\">\n\t\t\t\t<ul id=\"menu-1-6bbb40c\" class=\"elementor-nav-menu\"><li class=\"menu-item menu-item-type-post_type menu-item-object-page menu-item-12651\"><a href=\"https:\/\/jagodina.museum\/en\/collections\/history-department\/\" class=\"elementor-item\">History Department<\/a><\/li><\/ul>\t\t\t<\/nav>\n\t\t\t\t\t\t<nav class=\"elementor-nav-menu--dropdown elementor-nav-menu__container\" aria-hidden=\"true\">\n\t\t\t\t<ul id=\"menu-2-6bbb40c\" class=\"elementor-nav-menu\"><li class=\"menu-item menu-item-type-post_type menu-item-object-page menu-item-12651\"><a href=\"https:\/\/jagodina.museum\/en\/collections\/history-department\/\" class=\"elementor-item\" tabindex=\"-1\">History Department<\/a><\/li><\/ul>\t\t\t<\/nav>\n\t\t\t\t\t\t<\/div>\n\t\t\t\t<\/div>\n\t\t\t\t\t<\/div>\n\t\t<\/div>\n\t\t\t\t\t<\/div>\n\t\t<\/section>\n\t\t\t\t<\/div>\n\t\t","protected":false},"excerpt":{"rendered":"<p>COLLECTION OF CALENDARS The collection contains calendars issued in the period from the middle of the 19th century to 2014. The most important part of the collection is a series of annual calendars of the Svetozarevo Cable Factory, whose concept was conceived and graphically designed&hellip;<\/p>\n","protected":false},"author":3,"featured_media":0,"parent":6009,"menu_order":4,"comment_status":"closed","ping_status":"closed","template":"","meta":{"footnotes":""},"class_list":["post-12661","page","type-page","status-publish","hentry"],"_links":{"self":[{"href":"https:\/\/jagodina.museum\/en\/wp-json\/wp\/v2\/pages\/12661","targetHints":{"allow":["GET"]}}],"collection":[{"href":"https:\/\/jagodina.museum\/en\/wp-json\/wp\/v2\/pages"}],"about":[{"href":"https:\/\/jagodina.museum\/en\/wp-json\/wp\/v2\/types\/page"}],"author":[{"embeddable":true,"href":"https:\/\/jagodina.museum\/en\/wp-json\/wp\/v2\/users\/3"}],"replies":[{"embeddable":true,"href":"https:\/\/jagodina.museum\/en\/wp-json\/wp\/v2\/comments?post=12661"}],"version-history":[{"count":0,"href":"https:\/\/jagodina.museum\/en\/wp-json\/wp\/v2\/pages\/12661\/revisions"}],"up":[{"embeddable":true,"href":"https:\/\/jagodina.museum\/en\/wp-json\/wp\/v2\/pages\/6009"}],"wp:attachment":[{"href":"https:\/\/jagodina.museum\/en\/wp-json\/wp\/v2\/media?parent=12661"}],"curies":[{"name":"wp","href":"https:\/\/api.w.org\/{rel}","templated":true}]}}