{"id":12879,"date":"2021-05-14T09:28:48","date_gmt":"2021-05-14T08:28:48","guid":{"rendered":"http:\/\/jagodina.museum\/collections\/history-department\/zbirka-karata-mapa-i-geografskih-atlasa\/"},"modified":"2021-05-14T10:58:40","modified_gmt":"2021-05-14T09:58:40","slug":"zbirka-karata-mapa-i-geografskih-atlasa","status":"publish","type":"page","link":"https:\/\/jagodina.museum\/en\/collections\/history-department\/zbirka-karata-mapa-i-geografskih-atlasa\/","title":{"rendered":"Collection Of Maps And Geographical Features"},"content":{"rendered":"\t\t<div data-elementor-type=\"wp-post\" data-elementor-id=\"12879\" class=\"elementor elementor-12879 elementor-12716\" data-elementor-post-type=\"page\">\n\t\t\t\t\t\t<section class=\"elementor-section elementor-top-section elementor-element elementor-element-bd5cc26 elementor-section-boxed elementor-section-height-default elementor-section-height-default sc_fly_static\" data-id=\"bd5cc26\" data-element_type=\"section\" data-e-type=\"section\">\n\t\t\t\t\t\t<div class=\"elementor-container elementor-column-gap-extended\">\n\t\t\t\t\t<div class=\"elementor-column elementor-col-100 elementor-top-column elementor-element elementor-element-f2c5bdf sc_content_align_inherit sc_layouts_column_icons_position_left sc_fly_static\" data-id=\"f2c5bdf\" data-element_type=\"column\" data-e-type=\"column\">\n\t\t\t<div class=\"elementor-widget-wrap elementor-element-populated\">\n\t\t\t\t\t\t<div class=\"elementor-element elementor-element-0cd9239 elementor-nav-menu--dropdown-none elementor-nav-menu__align-end sc_fly_static elementor-widget elementor-widget-nav-menu\" data-id=\"0cd9239\" data-element_type=\"widget\" data-e-type=\"widget\" data-settings=\"{&quot;layout&quot;:&quot;horizontal&quot;,&quot;submenu_icon&quot;:{&quot;value&quot;:&quot;&lt;i class=\\&quot;fas fa-caret-down\\&quot; aria-hidden=\\&quot;true\\&quot;&gt;&lt;\\\/i&gt;&quot;,&quot;library&quot;:&quot;fa-solid&quot;}}\" data-widget_type=\"nav-menu.default\">\n\t\t\t\t<div class=\"elementor-widget-container\">\n\t\t\t\t\t\t\t\t<nav aria-label=\"Menu\" class=\"elementor-nav-menu--main elementor-nav-menu__container elementor-nav-menu--layout-horizontal e--pointer-background e--animation-fade\">\n\t\t\t\t<ul id=\"menu-1-0cd9239\" class=\"elementor-nav-menu\"><li class=\"menu-item menu-item-type-post_type menu-item-object-page menu-item-12651\"><a href=\"https:\/\/jagodina.museum\/en\/collections\/history-department\/\" class=\"elementor-item\">History Department<\/a><\/li><\/ul>\t\t\t<\/nav>\n\t\t\t\t\t\t<nav class=\"elementor-nav-menu--dropdown elementor-nav-menu__container\" aria-hidden=\"true\">\n\t\t\t\t<ul id=\"menu-2-0cd9239\" class=\"elementor-nav-menu\"><li class=\"menu-item menu-item-type-post_type menu-item-object-page menu-item-12651\"><a href=\"https:\/\/jagodina.museum\/en\/collections\/history-department\/\" class=\"elementor-item\" tabindex=\"-1\">History Department<\/a><\/li><\/ul>\t\t\t<\/nav>\n\t\t\t\t\t\t<\/div>\n\t\t\t\t<\/div>\n\t\t\t\t<div class=\"elementor-element elementor-element-87af09d elementor-widget-divider--view-line sc_fly_static elementor-widget elementor-widget-divider\" data-id=\"87af09d\" data-element_type=\"widget\" data-e-type=\"widget\" data-widget_type=\"divider.default\">\n\t\t\t\t<div class=\"elementor-widget-container\">\n\t\t\t\t\t\t\t<div class=\"elementor-divider\">\n\t\t\t<span class=\"elementor-divider-separator\">\n\t\t\t\t\t\t<\/span>\n\t\t<\/div>\n\t\t\t\t\t\t<\/div>\n\t\t\t\t<\/div>\n\t\t\t\t<div class=\"elementor-element elementor-element-b9bff79 sc_fly_static elementor-widget elementor-widget-text-editor\" data-id=\"b9bff79\" data-element_type=\"widget\" data-e-type=\"widget\" data-widget_type=\"text-editor.default\">\n\t\t\t\t<div class=\"elementor-widget-container\">\n\t\t\t\t\t\t\t\t\t<p><strong>COLLECTION OF MAPS AND GEOGRAPHICAL FEATURES<\/strong><\/p><p>The collection contains various materials which, in addition to the territory of the city of Jagodina and the Pomoravski district, include a wider area (territory of the Republic of Serbia, Kingdom of Serbs, Croats and Slovenes\/Yugoslavia, socialist Yugoslavia, territory outside the mentioned state creations). The period from the 18th to the 21st century is covered. The collection includes: geographical maps, historical maps, topographic maps, silent maps, maps, geographical and historical atlases, tourist maps, road maps, newspaper texts, archives. The oldest map in the collection is the Map of the Austro-Turkish War 1716-1718 (author Johann Fr. Etinger), printed in Nuremberg (Germany) in 1737. Intresting item is the map of the Velika Morava Basin, created in the period 1899-1914 and published by the bookstore &#8220;Rajkovi\u0107 and \u0106ukovi\u0107&#8221; from Belgrade. It is important to mention the Plan of the electric network of the town of Jagodina from 1927. The collection also includes various types of plans for Svetozarevo and Jagodina.<\/p><p><em>Curator: <a href=\"https:\/\/jagodina.museum\/en\/team\/dusko-grbovic\/\" target=\"_blank\" rel=\"noopener\">Du\u0161ko Grbovi\u0107<\/a><\/em><\/p>\t\t\t\t\t\t\t\t<\/div>\n\t\t\t\t<\/div>\n\t\t\t\t<div class=\"elementor-element elementor-element-a79d7aa sc_fly_static elementor-widget elementor-widget-spacer\" data-id=\"a79d7aa\" data-element_type=\"widget\" data-e-type=\"widget\" data-widget_type=\"spacer.default\">\n\t\t\t\t<div class=\"elementor-widget-container\">\n\t\t\t\t\t\t\t<div class=\"elementor-spacer\">\n\t\t\t<div class=\"elementor-spacer-inner\"><\/div>\n\t\t<\/div>\n\t\t\t\t\t\t<\/div>\n\t\t\t\t<\/div>\n\t\t\t\t<div data-animation-type=\"sequental\" data-animation-stagger=\"\" class=\"elementor-element elementor-element-42758a1 animation_type_sequental sc_fly_static elementor-invisible elementor-widget elementor-widget-trx_sc_blogger\" data-id=\"42758a1\" data-element_type=\"widget\" data-e-type=\"widget\" data-settings=\"{&quot;_animation&quot;:&quot;fadeIn&quot;,&quot;_animation_delay&quot;:&quot;200&quot;}\" data-widget_type=\"trx_sc_blogger.default\">\n\t\t\t\t<div class=\"elementor-widget-container\">\n\t\t\t\t\t<div \t\tclass=\"sc_blogger sc_blogger_masonry sc_blogger_masonry_default sc_item_filters_tabs_none alignnone\"><div class=\"sc_blogger_content sc_item_content sc_item_posts_container posts_container masonry_wrap masonry_3\"><div class=\"masonry_item masonry_item-1_3\"><article id=\"post-10293\" data-post-id=\"10293\"\n\tclass=\"post_item post_format_standard post_layout_classic post_layout_classic_3 post_layout_masonry post_layout_masonry_3 post-10293 cpt_portfolio type-cpt_portfolio status-publish has-post-thumbnail hentry cpt_portfolio_group-maps-and-geographical-features cpt_portfolio_group-collections cpt_portfolio_group-history-department\">\n\t<div class=\"post_featured with_thumb hover_view\"><img fetchpriority=\"high\" decoding=\"async\" width=\"370\" height=\"203\" src=\"https:\/\/jagodina.museum\/wp-content\/uploads\/2021\/07\/karta-vojista-austro-turskog-rata-1716-1718-godine-370x203.jpg\" class=\"attachment-ozeum-thumb-masonry size-ozeum-thumb-masonry wp-post-image\" alt=\"\" srcset=\"https:\/\/jagodina.museum\/wp-content\/uploads\/2021\/07\/karta-vojista-austro-turskog-rata-1716-1718-godine-370x203.jpg 370w, https:\/\/jagodina.museum\/wp-content\/uploads\/2021\/07\/karta-vojista-austro-turskog-rata-1716-1718-godine-300x165.jpg 300w, https:\/\/jagodina.museum\/wp-content\/uploads\/2021\/07\/karta-vojista-austro-turskog-rata-1716-1718-godine-1024x562.jpg 1024w, https:\/\/jagodina.museum\/wp-content\/uploads\/2021\/07\/karta-vojista-austro-turskog-rata-1716-1718-godine-768x421.jpg 768w, https:\/\/jagodina.museum\/wp-content\/uploads\/2021\/07\/karta-vojista-austro-turskog-rata-1716-1718-godine-770x422.jpg 770w, https:\/\/jagodina.museum\/wp-content\/uploads\/2021\/07\/karta-vojista-austro-turskog-rata-1716-1718-godine.jpg 1400w\" sizes=\"(max-width: 767px) 100vw, 370px\" \/>\t\t\t\t\t\t<div class=\"mask\"><\/div>\n\t\t\t\t\t\t            <a href=\"https:\/\/jagodina.museum\/en\/portfolio\/karta-vojista-1716-1718\/\"  aria-hidden=\"true\" class=\"view\"><span>View<\/span><\/a>\n            <\/div>\t\t<div class=\"post_header entry-header\">\n\t\t\t<h4 class=\"post_title entry-title\"><a href=\"https:\/\/jagodina.museum\/en\/portfolio\/karta-vojista-1716-1718\/\" rel=\"bookmark\">Map of the Austro-Turkish War 1716-1718<\/a><\/h4>\t\t<div class=\"post_meta\">\n\t\t\t<span class=\"post_meta_item post_categories\"><a href=\"https:\/\/jagodina.museum\/en\/portfolio_group\/collections\/history-department\/maps-and-geographical-features\/\" title=\"View all posts in Collection of Maps and Geographical Features\">Collection of Maps and Geographical Features, <\/a><a href=\"https:\/\/jagodina.museum\/en\/portfolio_group\/collections\/\" title=\"View all posts in Collections\">Collections, <\/a><a href=\"https:\/\/jagodina.museum\/en\/portfolio_group\/collections\/history-department\/\" title=\"View all posts in History Department\">History Department<\/a><\/span>\t\t<\/div><!-- .post_meta -->\n\t\t\t\t<\/div><!-- .entry-header -->\n\t\t\n<\/article><\/div><div class=\"masonry_item masonry_item-1_3\"><article id=\"post-10297\" data-post-id=\"10297\"\n\tclass=\"post_item post_format_standard post_layout_classic post_layout_classic_3 post_layout_masonry post_layout_masonry_3 post-10297 cpt_portfolio type-cpt_portfolio status-publish has-post-thumbnail hentry cpt_portfolio_group-maps-and-geographical-features cpt_portfolio_group-collections cpt_portfolio_group-history-department\">\n\t<div class=\"post_featured with_thumb hover_view\"><img decoding=\"async\" width=\"370\" height=\"269\" src=\"https:\/\/jagodina.museum\/wp-content\/uploads\/2021\/04\/Karta-Kraljevine-Jugoslavije-370x269.jpg\" class=\"attachment-ozeum-thumb-masonry size-ozeum-thumb-masonry wp-post-image\" alt=\"\" srcset=\"https:\/\/jagodina.museum\/wp-content\/uploads\/2021\/04\/Karta-Kraljevine-Jugoslavije-370x269.jpg 370w, https:\/\/jagodina.museum\/wp-content\/uploads\/2021\/04\/Karta-Kraljevine-Jugoslavije-300x218.jpg 300w, https:\/\/jagodina.museum\/wp-content\/uploads\/2021\/04\/Karta-Kraljevine-Jugoslavije-1024x746.jpg 1024w, https:\/\/jagodina.museum\/wp-content\/uploads\/2021\/04\/Karta-Kraljevine-Jugoslavije-768x559.jpg 768w, https:\/\/jagodina.museum\/wp-content\/uploads\/2021\/04\/Karta-Kraljevine-Jugoslavije-1536x1119.jpg 1536w, https:\/\/jagodina.museum\/wp-content\/uploads\/2021\/04\/Karta-Kraljevine-Jugoslavije-770x561.jpg 770w, https:\/\/jagodina.museum\/wp-content\/uploads\/2021\/04\/Karta-Kraljevine-Jugoslavije.jpg 1825w\" sizes=\"(max-width: 767px) 100vw, 370px\" \/>\t\t\t\t\t\t<div class=\"mask\"><\/div>\n\t\t\t\t\t\t            <a href=\"https:\/\/jagodina.museum\/en\/portfolio\/karta-kraljevine-jugoslavije\/\"  aria-hidden=\"true\" class=\"view\"><span>View<\/span><\/a>\n            <\/div>\t\t<div class=\"post_header entry-header\">\n\t\t\t<h4 class=\"post_title entry-title\"><a href=\"https:\/\/jagodina.museum\/en\/portfolio\/karta-kraljevine-jugoslavije\/\" rel=\"bookmark\">The Map of the Kingdom of Yugoslavia<\/a><\/h4>\t\t<div class=\"post_meta\">\n\t\t\t<span class=\"post_meta_item post_categories\"><a href=\"https:\/\/jagodina.museum\/en\/portfolio_group\/collections\/history-department\/maps-and-geographical-features\/\" title=\"View all posts in Collection of Maps and Geographical Features\">Collection of Maps and Geographical Features, <\/a><a href=\"https:\/\/jagodina.museum\/en\/portfolio_group\/collections\/\" title=\"View all posts in Collections\">Collections, <\/a><a href=\"https:\/\/jagodina.museum\/en\/portfolio_group\/collections\/history-department\/\" title=\"View all posts in History Department\">History Department<\/a><\/span>\t\t<\/div><!-- .post_meta -->\n\t\t\t\t<\/div><!-- .entry-header -->\n\t\t\n<\/article><\/div><\/div><\/div>\t\t\t\t<\/div>\n\t\t\t\t<\/div>\n\t\t\t\t<div class=\"elementor-element elementor-element-671048b sc_height_large sc_fly_static elementor-widget elementor-widget-spacer\" data-id=\"671048b\" data-element_type=\"widget\" data-e-type=\"widget\" data-widget_type=\"spacer.default\">\n\t\t\t\t<div class=\"elementor-widget-container\">\n\t\t\t\t\t\t\t<div class=\"elementor-spacer\">\n\t\t\t<div class=\"elementor-spacer-inner\"><\/div>\n\t\t<\/div>\n\t\t\t\t\t\t<\/div>\n\t\t\t\t<\/div>\n\t\t\t\t<div class=\"elementor-element elementor-element-6bbb40c elementor-nav-menu--dropdown-none elementor-nav-menu__align-end sc_fly_static elementor-widget elementor-widget-nav-menu\" data-id=\"6bbb40c\" data-element_type=\"widget\" data-e-type=\"widget\" data-settings=\"{&quot;layout&quot;:&quot;horizontal&quot;,&quot;submenu_icon&quot;:{&quot;value&quot;:&quot;&lt;i class=\\&quot;fas fa-caret-down\\&quot; aria-hidden=\\&quot;true\\&quot;&gt;&lt;\\\/i&gt;&quot;,&quot;library&quot;:&quot;fa-solid&quot;}}\" data-widget_type=\"nav-menu.default\">\n\t\t\t\t<div class=\"elementor-widget-container\">\n\t\t\t\t\t\t\t\t<nav aria-label=\"Menu\" class=\"elementor-nav-menu--main elementor-nav-menu__container elementor-nav-menu--layout-horizontal e--pointer-background e--animation-fade\">\n\t\t\t\t<ul id=\"menu-1-6bbb40c\" class=\"elementor-nav-menu\"><li class=\"menu-item menu-item-type-post_type menu-item-object-page menu-item-12651\"><a href=\"https:\/\/jagodina.museum\/en\/collections\/history-department\/\" class=\"elementor-item\">History Department<\/a><\/li><\/ul>\t\t\t<\/nav>\n\t\t\t\t\t\t<nav class=\"elementor-nav-menu--dropdown elementor-nav-menu__container\" aria-hidden=\"true\">\n\t\t\t\t<ul id=\"menu-2-6bbb40c\" class=\"elementor-nav-menu\"><li class=\"menu-item menu-item-type-post_type menu-item-object-page menu-item-12651\"><a href=\"https:\/\/jagodina.museum\/en\/collections\/history-department\/\" class=\"elementor-item\" tabindex=\"-1\">History Department<\/a><\/li><\/ul>\t\t\t<\/nav>\n\t\t\t\t\t\t<\/div>\n\t\t\t\t<\/div>\n\t\t\t\t\t<\/div>\n\t\t<\/div>\n\t\t\t\t\t<\/div>\n\t\t<\/section>\n\t\t\t\t<\/div>\n\t\t","protected":false},"excerpt":{"rendered":"<p>COLLECTION OF MAPS AND GEOGRAPHICAL FEATURES The collection contains various materials which, in addition to the territory of the city of Jagodina and the Pomoravski district, include a wider area (territory of the Republic of Serbia, Kingdom of Serbs, Croats and Slovenes\/Yugoslavia, socialist Yugoslavia, territory&hellip;<\/p>\n","protected":false},"author":3,"featured_media":0,"parent":6009,"menu_order":4,"comment_status":"closed","ping_status":"closed","template":"","meta":{"footnotes":""},"class_list":["post-12879","page","type-page","status-publish","hentry"],"_links":{"self":[{"href":"https:\/\/jagodina.museum\/en\/wp-json\/wp\/v2\/pages\/12879","targetHints":{"allow":["GET"]}}],"collection":[{"href":"https:\/\/jagodina.museum\/en\/wp-json\/wp\/v2\/pages"}],"about":[{"href":"https:\/\/jagodina.museum\/en\/wp-json\/wp\/v2\/types\/page"}],"author":[{"embeddable":true,"href":"https:\/\/jagodina.museum\/en\/wp-json\/wp\/v2\/users\/3"}],"replies":[{"embeddable":true,"href":"https:\/\/jagodina.museum\/en\/wp-json\/wp\/v2\/comments?post=12879"}],"version-history":[{"count":0,"href":"https:\/\/jagodina.museum\/en\/wp-json\/wp\/v2\/pages\/12879\/revisions"}],"up":[{"embeddable":true,"href":"https:\/\/jagodina.museum\/en\/wp-json\/wp\/v2\/pages\/6009"}],"wp:attachment":[{"href":"https:\/\/jagodina.museum\/en\/wp-json\/wp\/v2\/media?parent=12879"}],"curies":[{"name":"wp","href":"https:\/\/api.w.org\/{rel}","templated":true}]}}