{"id":12922,"date":"2021-05-14T09:38:04","date_gmt":"2021-05-14T08:38:04","guid":{"rendered":"http:\/\/jagodina.museum\/collections\/history-department\/zbirka-znamenja\/"},"modified":"2021-05-14T11:12:39","modified_gmt":"2021-05-14T10:12:39","slug":"zbirka-znamenja","status":"publish","type":"page","link":"https:\/\/jagodina.museum\/en\/collections\/history-department\/zbirka-znamenja\/","title":{"rendered":"A Collection Of Medals"},"content":{"rendered":"\t\t<div data-elementor-type=\"wp-post\" data-elementor-id=\"12922\" class=\"elementor elementor-12922 elementor-12746\" data-elementor-post-type=\"page\">\n\t\t\t\t\t\t<section class=\"elementor-section elementor-top-section elementor-element elementor-element-bd5cc26 elementor-section-boxed elementor-section-height-default elementor-section-height-default sc_fly_static\" data-id=\"bd5cc26\" data-element_type=\"section\" data-e-type=\"section\">\n\t\t\t\t\t\t<div class=\"elementor-container elementor-column-gap-extended\">\n\t\t\t\t\t<div class=\"elementor-column elementor-col-100 elementor-top-column elementor-element elementor-element-f2c5bdf sc_content_align_inherit sc_layouts_column_icons_position_left sc_fly_static\" data-id=\"f2c5bdf\" data-element_type=\"column\" data-e-type=\"column\">\n\t\t\t<div class=\"elementor-widget-wrap elementor-element-populated\">\n\t\t\t\t\t\t<div class=\"elementor-element elementor-element-0cd9239 elementor-nav-menu--dropdown-none elementor-nav-menu__align-end sc_fly_static elementor-widget elementor-widget-nav-menu\" data-id=\"0cd9239\" data-element_type=\"widget\" data-e-type=\"widget\" data-settings=\"{&quot;layout&quot;:&quot;horizontal&quot;,&quot;submenu_icon&quot;:{&quot;value&quot;:&quot;&lt;i class=\\&quot;fas fa-caret-down\\&quot; aria-hidden=\\&quot;true\\&quot;&gt;&lt;\\\/i&gt;&quot;,&quot;library&quot;:&quot;fa-solid&quot;}}\" data-widget_type=\"nav-menu.default\">\n\t\t\t\t<div class=\"elementor-widget-container\">\n\t\t\t\t\t\t\t\t<nav aria-label=\"Menu\" class=\"elementor-nav-menu--main elementor-nav-menu__container elementor-nav-menu--layout-horizontal e--pointer-background e--animation-fade\">\n\t\t\t\t<ul id=\"menu-1-0cd9239\" class=\"elementor-nav-menu\"><li class=\"menu-item menu-item-type-post_type menu-item-object-page menu-item-12651\"><a href=\"https:\/\/jagodina.museum\/en\/collections\/history-department\/\" class=\"elementor-item\">History Department<\/a><\/li><\/ul>\t\t\t<\/nav>\n\t\t\t\t\t\t<nav class=\"elementor-nav-menu--dropdown elementor-nav-menu__container\" aria-hidden=\"true\">\n\t\t\t\t<ul id=\"menu-2-0cd9239\" class=\"elementor-nav-menu\"><li class=\"menu-item menu-item-type-post_type menu-item-object-page menu-item-12651\"><a href=\"https:\/\/jagodina.museum\/en\/collections\/history-department\/\" class=\"elementor-item\" tabindex=\"-1\">History Department<\/a><\/li><\/ul>\t\t\t<\/nav>\n\t\t\t\t\t\t<\/div>\n\t\t\t\t<\/div>\n\t\t\t\t<div class=\"elementor-element elementor-element-87af09d elementor-widget-divider--view-line sc_fly_static elementor-widget elementor-widget-divider\" data-id=\"87af09d\" data-element_type=\"widget\" data-e-type=\"widget\" data-widget_type=\"divider.default\">\n\t\t\t\t<div class=\"elementor-widget-container\">\n\t\t\t\t\t\t\t<div class=\"elementor-divider\">\n\t\t\t<span class=\"elementor-divider-separator\">\n\t\t\t\t\t\t<\/span>\n\t\t<\/div>\n\t\t\t\t\t\t<\/div>\n\t\t\t\t<\/div>\n\t\t\t\t<div class=\"elementor-element elementor-element-b9bff79 sc_fly_static elementor-widget elementor-widget-text-editor\" data-id=\"b9bff79\" data-element_type=\"widget\" data-e-type=\"widget\" data-widget_type=\"text-editor.default\">\n\t\t\t\t<div class=\"elementor-widget-container\">\n\t\t\t\t\t\t\t\t\t<p><strong>A COLLECTION OF MEDALS<\/strong><\/p><p>The collection consists of: orders, medals, plaques, badges, military insignia, charters of decoration, diplomas and they date from the second half of the 19th century and the 20th century. It contains both domestic and foreign medals. The collected material testifies, mainly, to the recognitions that were awarded to people from this area. The collected items are important for the political, economic and social history of Jagodina and the surrounding area. Among the significant medals is certainly the Order of Cross of Takovo of the 2<sup>nd<\/sup> degree, with which Aleksandar I Obrenovi\u0107 decorated the Jagodina lawyer Stevan Malenovi\u0107 in 1901. The Order of the Star of Kara\u0111or\u0111e of the 4<sup>th<\/sup> degree, which was established in 1904, also has an important place. Merchant Stevan Miljkovi\u0107, corporal of the Jagodina light battery, for his courage in the Second Serbian-Turkish War of 1877-1878 was awarded a silver medal for bravery, as evidenced by the Certificate issued in Ni\u0161 on August 29, 1878.<\/p><p><em>Curator: <a href=\"https:\/\/jagodina.museum\/en\/team\/dusko-grbovic\/\" target=\"_blank\" rel=\"noopener\">Du\u0161ko Grbovi\u0107<\/a><\/em><\/p>\t\t\t\t\t\t\t\t<\/div>\n\t\t\t\t<\/div>\n\t\t\t\t<div class=\"elementor-element elementor-element-a79d7aa sc_fly_static elementor-widget elementor-widget-spacer\" data-id=\"a79d7aa\" data-element_type=\"widget\" data-e-type=\"widget\" data-widget_type=\"spacer.default\">\n\t\t\t\t<div class=\"elementor-widget-container\">\n\t\t\t\t\t\t\t<div class=\"elementor-spacer\">\n\t\t\t<div class=\"elementor-spacer-inner\"><\/div>\n\t\t<\/div>\n\t\t\t\t\t\t<\/div>\n\t\t\t\t<\/div>\n\t\t\t\t<div data-animation-type=\"sequental\" data-animation-stagger=\"\" class=\"elementor-element elementor-element-42758a1 animation_type_sequental sc_fly_static elementor-invisible elementor-widget elementor-widget-trx_sc_blogger\" data-id=\"42758a1\" data-element_type=\"widget\" data-e-type=\"widget\" data-settings=\"{&quot;_animation&quot;:&quot;fadeIn&quot;,&quot;_animation_delay&quot;:&quot;200&quot;}\" data-widget_type=\"trx_sc_blogger.default\">\n\t\t\t\t<div class=\"elementor-widget-container\">\n\t\t\t\t\t<div \t\tclass=\"sc_blogger sc_blogger_masonry sc_blogger_masonry_default sc_item_filters_tabs_none alignnone\"><div class=\"sc_blogger_content sc_item_content sc_item_posts_container posts_container masonry_wrap masonry_3\"><div class=\"masonry_item masonry_item-1_3\"><article id=\"post-10080\" data-post-id=\"10080\"\n\tclass=\"post_item post_format_standard post_layout_classic post_layout_classic_3 post_layout_masonry post_layout_masonry_3 post-10080 cpt_portfolio type-cpt_portfolio status-publish has-post-thumbnail hentry cpt_portfolio_group-medals cpt_portfolio_group-collections cpt_portfolio_group-history-department\">\n\t<div class=\"post_featured with_thumb hover_view\"><img fetchpriority=\"high\" decoding=\"async\" width=\"370\" height=\"610\" src=\"https:\/\/jagodina.museum\/wp-content\/uploads\/2021\/03\/Uverenje_o_odlikovanju-370x610.jpg\" class=\"attachment-ozeum-thumb-masonry size-ozeum-thumb-masonry wp-post-image\" alt=\"Certificate of decoration\" srcset=\"https:\/\/jagodina.museum\/wp-content\/uploads\/2021\/03\/Uverenje_o_odlikovanju-370x610.jpg 370w, https:\/\/jagodina.museum\/wp-content\/uploads\/2021\/03\/Uverenje_o_odlikovanju-182x300.jpg 182w, https:\/\/jagodina.museum\/wp-content\/uploads\/2021\/03\/Uverenje_o_odlikovanju-621x1024.jpg 621w, https:\/\/jagodina.museum\/wp-content\/uploads\/2021\/03\/Uverenje_o_odlikovanju-768x1265.jpg 768w, https:\/\/jagodina.museum\/wp-content\/uploads\/2021\/03\/Uverenje_o_odlikovanju-932x1536.jpg 932w, https:\/\/jagodina.museum\/wp-content\/uploads\/2021\/03\/Uverenje_o_odlikovanju-770x1269.jpg 770w, https:\/\/jagodina.museum\/wp-content\/uploads\/2021\/03\/Uverenje_o_odlikovanju.jpg 971w\" sizes=\"(max-width: 767px) 100vw, 370px\" \/>\t\t\t\t\t\t<div class=\"mask\"><\/div>\n\t\t\t\t\t\t            <a href=\"https:\/\/jagodina.museum\/en\/portfolio\/uverenje-o-odlikovanju\/\"  aria-hidden=\"true\" class=\"view\"><span>View<\/span><\/a>\n            <\/div>\t\t<div class=\"post_header entry-header\">\n\t\t\t<h4 class=\"post_title entry-title\"><a href=\"https:\/\/jagodina.museum\/en\/portfolio\/uverenje-o-odlikovanju\/\" rel=\"bookmark\">Certificate of awarding Stevan Miljkovi\u0107 a silver medal for bravery<\/a><\/h4>\t\t<div class=\"post_meta\">\n\t\t\t<span class=\"post_meta_item post_categories\"><a href=\"https:\/\/jagodina.museum\/en\/portfolio_group\/collections\/history-department\/medals\/\" title=\"View all posts in Collection of Medals\">Collection of Medals, <\/a><a href=\"https:\/\/jagodina.museum\/en\/portfolio_group\/collections\/\" title=\"View all posts in Collections\">Collections, <\/a><a href=\"https:\/\/jagodina.museum\/en\/portfolio_group\/collections\/history-department\/\" title=\"View all posts in History Department\">History Department<\/a><\/span>\t\t<\/div><!-- .post_meta -->\n\t\t\t\t<\/div><!-- .entry-header -->\n\t\t\n<\/article><\/div><div class=\"masonry_item masonry_item-1_3\"><article id=\"post-16648\" data-post-id=\"16648\"\n\tclass=\"post_item post_format_standard post_layout_classic post_layout_classic_3 post_layout_masonry post_layout_masonry_3 post-16648 cpt_portfolio type-cpt_portfolio status-publish has-post-thumbnail hentry cpt_portfolio_group-medals cpt_portfolio_group-collections cpt_portfolio_group-history-department\">\n\t<div class=\"post_featured with_thumb hover_view\"><img decoding=\"async\" width=\"370\" height=\"530\" src=\"https:\/\/jagodina.museum\/wp-content\/uploads\/2021\/09\/spomenica-srpsko-bugarskog-rata-1885-1886-a-370x530.png\" class=\"attachment-ozeum-thumb-masonry size-ozeum-thumb-masonry wp-post-image\" alt=\"\" srcset=\"https:\/\/jagodina.museum\/wp-content\/uploads\/2021\/09\/spomenica-srpsko-bugarskog-rata-1885-1886-a-370x530.png 370w, https:\/\/jagodina.museum\/wp-content\/uploads\/2021\/09\/spomenica-srpsko-bugarskog-rata-1885-1886-a-209x300.png 209w, https:\/\/jagodina.museum\/wp-content\/uploads\/2021\/09\/spomenica-srpsko-bugarskog-rata-1885-1886-a.png 558w\" sizes=\"(max-width: 767px) 100vw, 370px\" \/>\t\t\t\t\t\t<div class=\"mask\"><\/div>\n\t\t\t\t\t\t            <a href=\"https:\/\/jagodina.museum\/en\/portfolio\/spomenica-srpsko-bugarskog-rata-1885-1886\/\"  aria-hidden=\"true\" class=\"view\"><span>View<\/span><\/a>\n            <\/div>\t\t<div class=\"post_header entry-header\">\n\t\t\t<h4 class=\"post_title entry-title\"><a href=\"https:\/\/jagodina.museum\/en\/portfolio\/spomenica-srpsko-bugarskog-rata-1885-1886\/\" rel=\"bookmark\">Commemorative medal for the Serbo-Bulgarian war 1885-1886<\/a><\/h4>\t\t<div class=\"post_meta\">\n\t\t\t<span class=\"post_meta_item post_categories\"><a href=\"https:\/\/jagodina.museum\/en\/portfolio_group\/collections\/history-department\/medals\/\" title=\"View all posts in Collection of Medals\">Collection of Medals, <\/a><a href=\"https:\/\/jagodina.museum\/en\/portfolio_group\/collections\/\" title=\"View all posts in Collections\">Collections, <\/a><a href=\"https:\/\/jagodina.museum\/en\/portfolio_group\/collections\/history-department\/\" title=\"View all posts in History Department\">History Department<\/a><\/span>\t\t<\/div><!-- .post_meta -->\n\t\t\t\t<\/div><!-- .entry-header -->\n\t\t\n<\/article><\/div><div class=\"masonry_item masonry_item-1_3\"><article id=\"post-5885\" data-post-id=\"5885\"\n\tclass=\"post_item post_format_standard post_layout_classic post_layout_classic_3 post_layout_masonry post_layout_masonry_3 post-5885 cpt_portfolio type-cpt_portfolio status-publish has-post-thumbnail hentry cpt_portfolio_group-medals cpt_portfolio_group-collections cpt_portfolio_group-exhibitions cpt_portfolio_group-gift-of-the-past cpt_portfolio_group-history-department\">\n\t<div class=\"post_featured with_thumb hover_view\"><img decoding=\"async\" width=\"370\" height=\"355\" src=\"https:\/\/jagodina.museum\/wp-content\/uploads\/2021\/03\/Orden-partizanske-zvezde-370x355.png\" class=\"attachment-ozeum-thumb-masonry size-ozeum-thumb-masonry wp-post-image\" alt=\"Order of the Partisan Star\" srcset=\"https:\/\/jagodina.museum\/wp-content\/uploads\/2021\/03\/Orden-partizanske-zvezde-370x355.png 370w, https:\/\/jagodina.museum\/wp-content\/uploads\/2021\/03\/Orden-partizanske-zvezde-300x288.png 300w, https:\/\/jagodina.museum\/wp-content\/uploads\/2021\/03\/Orden-partizanske-zvezde-1024x983.png 1024w, https:\/\/jagodina.museum\/wp-content\/uploads\/2021\/03\/Orden-partizanske-zvezde-768x737.png 768w, https:\/\/jagodina.museum\/wp-content\/uploads\/2021\/03\/Orden-partizanske-zvezde-770x739.png 770w, https:\/\/jagodina.museum\/wp-content\/uploads\/2021\/03\/Orden-partizanske-zvezde.png 1200w\" sizes=\"(max-width: 767px) 100vw, 370px\" \/>\t\t\t\t\t\t<div class=\"mask\"><\/div>\n\t\t\t\t\t\t            <a href=\"https:\/\/jagodina.museum\/en\/portfolio\/order-partizanske-zvezde\/\"  aria-hidden=\"true\" class=\"view\"><span>View<\/span><\/a>\n            <\/div>\t\t<div class=\"post_header entry-header\">\n\t\t\t<h4 class=\"post_title entry-title\"><a href=\"https:\/\/jagodina.museum\/en\/portfolio\/order-partizanske-zvezde\/\" rel=\"bookmark\">Order of the Partisan Star, 3rd Class<\/a><\/h4>\t\t<div class=\"post_meta\">\n\t\t\t<span class=\"post_meta_item post_categories\"><a href=\"https:\/\/jagodina.museum\/en\/portfolio_group\/collections\/history-department\/medals\/\" title=\"View all posts in Collection of Medals\">Collection of Medals, <\/a><a href=\"https:\/\/jagodina.museum\/en\/portfolio_group\/collections\/\" title=\"View all posts in Collections\">Collections, <\/a><a href=\"https:\/\/jagodina.museum\/en\/portfolio_group\/exhibitions\/\" title=\"View all posts in Exhibitions\">Exhibitions, <\/a><a href=\"https:\/\/jagodina.museum\/en\/portfolio_group\/exhibitions\/gift-of-the-past\/\" title=\"View all posts in Gifts of the Past\">Gifts of the Past, <\/a><a href=\"https:\/\/jagodina.museum\/en\/portfolio_group\/collections\/history-department\/\" title=\"View all posts in History Department\">History Department<\/a><\/span>\t\t<\/div><!-- .post_meta -->\n\t\t\t\t<\/div><!-- .entry-header -->\n\t\t\n<\/article><\/div><div class=\"masonry_item masonry_item-1_3\"><article id=\"post-16642\" data-post-id=\"16642\"\n\tclass=\"post_item post_format_standard post_layout_classic post_layout_classic_3 post_layout_masonry post_layout_masonry_3 post-16642 cpt_portfolio type-cpt_portfolio status-publish has-post-thumbnail hentry cpt_portfolio_group-medals cpt_portfolio_group-collections cpt_portfolio_group-history-department\">\n\t<div class=\"post_featured with_thumb hover_view\"><img loading=\"lazy\" decoding=\"async\" width=\"370\" height=\"655\" src=\"https:\/\/jagodina.museum\/wp-content\/uploads\/2021\/09\/orden-takoskog-krsta-cetvrtog-reda-a-370x655.png\" class=\"attachment-ozeum-thumb-masonry size-ozeum-thumb-masonry wp-post-image\" alt=\"\" srcset=\"https:\/\/jagodina.museum\/wp-content\/uploads\/2021\/09\/orden-takoskog-krsta-cetvrtog-reda-a-370x655.png 370w, https:\/\/jagodina.museum\/wp-content\/uploads\/2021\/09\/orden-takoskog-krsta-cetvrtog-reda-a-170x300.png 170w, https:\/\/jagodina.museum\/wp-content\/uploads\/2021\/09\/orden-takoskog-krsta-cetvrtog-reda-a.png 452w\" sizes=\"(max-width: 767px) 100vw, 370px\" \/>\t\t\t\t\t\t<div class=\"mask\"><\/div>\n\t\t\t\t\t\t            <a href=\"https:\/\/jagodina.museum\/en\/portfolio\/orden-takovskog-krsta-iv-reda\/\"  aria-hidden=\"true\" class=\"view\"><span>View<\/span><\/a>\n            <\/div>\t\t<div class=\"post_header entry-header\">\n\t\t\t<h4 class=\"post_title entry-title\"><a href=\"https:\/\/jagodina.museum\/en\/portfolio\/orden-takovskog-krsta-iv-reda\/\" rel=\"bookmark\">Order of the Cross of Takovo; 4th Class<\/a><\/h4>\t\t<div class=\"post_meta\">\n\t\t\t<span class=\"post_meta_item post_categories\"><a href=\"https:\/\/jagodina.museum\/en\/portfolio_group\/collections\/history-department\/medals\/\" title=\"View all posts in Collection of Medals\">Collection of Medals, <\/a><a href=\"https:\/\/jagodina.museum\/en\/portfolio_group\/collections\/\" title=\"View all posts in Collections\">Collections, <\/a><a href=\"https:\/\/jagodina.museum\/en\/portfolio_group\/collections\/history-department\/\" title=\"View all posts in History Department\">History Department<\/a><\/span>\t\t<\/div><!-- .post_meta -->\n\t\t\t\t<\/div><!-- .entry-header -->\n\t\t\n<\/article><\/div><div class=\"masonry_item masonry_item-1_3\"><article id=\"post-5892\" data-post-id=\"5892\"\n\tclass=\"post_item post_format_standard post_layout_classic post_layout_classic_3 post_layout_masonry post_layout_masonry_3 post-5892 cpt_portfolio type-cpt_portfolio status-publish has-post-thumbnail hentry cpt_portfolio_group-medals cpt_portfolio_group-collections cpt_portfolio_group-exhibitions cpt_portfolio_group-gift-of-the-past cpt_portfolio_group-history-department\">\n\t<div class=\"post_featured with_thumb hover_view\"><img loading=\"lazy\" decoding=\"async\" width=\"370\" height=\"367\" src=\"https:\/\/jagodina.museum\/wp-content\/uploads\/2021\/03\/Orden-zasluga-za-narod-370x367.png\" class=\"attachment-ozeum-thumb-masonry size-ozeum-thumb-masonry wp-post-image\" alt=\"Order of Brotherhood and Unity\" srcset=\"https:\/\/jagodina.museum\/wp-content\/uploads\/2021\/03\/Orden-zasluga-za-narod-370x367.png 370w, https:\/\/jagodina.museum\/wp-content\/uploads\/2021\/03\/Orden-zasluga-za-narod-300x298.png 300w, https:\/\/jagodina.museum\/wp-content\/uploads\/2021\/03\/Orden-zasluga-za-narod-1024x1016.png 1024w, https:\/\/jagodina.museum\/wp-content\/uploads\/2021\/03\/Orden-zasluga-za-narod-150x150.png 150w, https:\/\/jagodina.museum\/wp-content\/uploads\/2021\/03\/Orden-zasluga-za-narod-768x762.png 768w, https:\/\/jagodina.museum\/wp-content\/uploads\/2021\/03\/Orden-zasluga-za-narod-90x90.png 90w, https:\/\/jagodina.museum\/wp-content\/uploads\/2021\/03\/Orden-zasluga-za-narod-770x764.png 770w, https:\/\/jagodina.museum\/wp-content\/uploads\/2021\/03\/Orden-zasluga-za-narod.png 1200w\" sizes=\"(max-width: 767px) 100vw, 370px\" \/>\t\t\t\t\t\t<div class=\"mask\"><\/div>\n\t\t\t\t\t\t            <a href=\"https:\/\/jagodina.museum\/en\/portfolio\/orden-bratstva-jedinstva\/\"  aria-hidden=\"true\" class=\"view\"><span>View<\/span><\/a>\n            <\/div>\t\t<div class=\"post_header entry-header\">\n\t\t\t<h4 class=\"post_title entry-title\"><a href=\"https:\/\/jagodina.museum\/en\/portfolio\/orden-bratstva-jedinstva\/\" rel=\"bookmark\">Order of Brotherhood and Unity, 2nd Class<\/a><\/h4>\t\t<div class=\"post_meta\">\n\t\t\t<span class=\"post_meta_item post_categories\"><a href=\"https:\/\/jagodina.museum\/en\/portfolio_group\/collections\/history-department\/medals\/\" title=\"View all posts in Collection of Medals\">Collection of Medals, <\/a><a href=\"https:\/\/jagodina.museum\/en\/portfolio_group\/collections\/\" title=\"View all posts in Collections\">Collections, <\/a><a href=\"https:\/\/jagodina.museum\/en\/portfolio_group\/exhibitions\/\" title=\"View all posts in Exhibitions\">Exhibitions, <\/a><a href=\"https:\/\/jagodina.museum\/en\/portfolio_group\/exhibitions\/gift-of-the-past\/\" title=\"View all posts in Gifts of the Past\">Gifts of the Past, <\/a><a href=\"https:\/\/jagodina.museum\/en\/portfolio_group\/collections\/history-department\/\" title=\"View all posts in History Department\">History Department<\/a><\/span>\t\t<\/div><!-- .post_meta -->\n\t\t\t\t<\/div><!-- .entry-header -->\n\t\t\n<\/article><\/div><div class=\"masonry_item masonry_item-1_3\"><article id=\"post-10076\" data-post-id=\"10076\"\n\tclass=\"post_item post_format_standard post_layout_classic post_layout_classic_3 post_layout_masonry post_layout_masonry_3 post-10076 cpt_portfolio type-cpt_portfolio status-publish has-post-thumbnail hentry cpt_portfolio_group-medals cpt_portfolio_group-collections cpt_portfolio_group-history-department\">\n\t<div class=\"post_featured with_thumb hover_view\"><img loading=\"lazy\" decoding=\"async\" width=\"370\" height=\"304\" src=\"https:\/\/jagodina.museum\/wp-content\/uploads\/2021\/03\/Orden_Karadjordjeve_zvezde_IV_reda-370x304.jpg\" class=\"attachment-ozeum-thumb-masonry size-ozeum-thumb-masonry wp-post-image\" alt=\"Order of Karadjordje Star\" srcset=\"https:\/\/jagodina.museum\/wp-content\/uploads\/2021\/03\/Orden_Karadjordjeve_zvezde_IV_reda-370x304.jpg 370w, https:\/\/jagodina.museum\/wp-content\/uploads\/2021\/03\/Orden_Karadjordjeve_zvezde_IV_reda-300x247.jpg 300w, https:\/\/jagodina.museum\/wp-content\/uploads\/2021\/03\/Orden_Karadjordjeve_zvezde_IV_reda-1024x842.jpg 1024w, https:\/\/jagodina.museum\/wp-content\/uploads\/2021\/03\/Orden_Karadjordjeve_zvezde_IV_reda-768x631.jpg 768w, https:\/\/jagodina.museum\/wp-content\/uploads\/2021\/03\/Orden_Karadjordjeve_zvezde_IV_reda-1536x1262.jpg 1536w, https:\/\/jagodina.museum\/wp-content\/uploads\/2021\/03\/Orden_Karadjordjeve_zvezde_IV_reda-770x633.jpg 770w, https:\/\/jagodina.museum\/wp-content\/uploads\/2021\/03\/Orden_Karadjordjeve_zvezde_IV_reda.jpg 1600w\" sizes=\"(max-width: 767px) 100vw, 370px\" \/>\t\t\t\t\t\t<div class=\"mask\"><\/div>\n\t\t\t\t\t\t            <a href=\"https:\/\/jagodina.museum\/en\/portfolio\/orden-karadjordjeve-zvezde-iv-reda\/\"  aria-hidden=\"true\" class=\"view\"><span>View<\/span><\/a>\n            <\/div>\t\t<div class=\"post_header entry-header\">\n\t\t\t<h4 class=\"post_title entry-title\"><a href=\"https:\/\/jagodina.museum\/en\/portfolio\/orden-karadjordjeve-zvezde-iv-reda\/\" rel=\"bookmark\">Order of Kara\u0111or\u0111e&#8217;s Star of the 4th degree<\/a><\/h4>\t\t<div class=\"post_meta\">\n\t\t\t<span class=\"post_meta_item post_categories\"><a href=\"https:\/\/jagodina.museum\/en\/portfolio_group\/collections\/history-department\/medals\/\" title=\"View all posts in Collection of Medals\">Collection of Medals, <\/a><a href=\"https:\/\/jagodina.museum\/en\/portfolio_group\/collections\/\" title=\"View all posts in Collections\">Collections, <\/a><a href=\"https:\/\/jagodina.museum\/en\/portfolio_group\/collections\/history-department\/\" title=\"View all posts in History Department\">History Department<\/a><\/span>\t\t<\/div><!-- .post_meta -->\n\t\t\t\t<\/div><!-- .entry-header -->\n\t\t\n<\/article><\/div><\/div><\/div>\t\t\t\t<\/div>\n\t\t\t\t<\/div>\n\t\t\t\t<div class=\"elementor-element elementor-element-671048b sc_height_large sc_fly_static elementor-widget elementor-widget-spacer\" data-id=\"671048b\" data-element_type=\"widget\" data-e-type=\"widget\" data-widget_type=\"spacer.default\">\n\t\t\t\t<div class=\"elementor-widget-container\">\n\t\t\t\t\t\t\t<div class=\"elementor-spacer\">\n\t\t\t<div class=\"elementor-spacer-inner\"><\/div>\n\t\t<\/div>\n\t\t\t\t\t\t<\/div>\n\t\t\t\t<\/div>\n\t\t\t\t<div class=\"elementor-element elementor-element-6bbb40c elementor-nav-menu--dropdown-none elementor-nav-menu__align-end sc_fly_static elementor-widget elementor-widget-nav-menu\" data-id=\"6bbb40c\" data-element_type=\"widget\" data-e-type=\"widget\" data-settings=\"{&quot;layout&quot;:&quot;horizontal&quot;,&quot;submenu_icon&quot;:{&quot;value&quot;:&quot;&lt;i class=\\&quot;fas fa-caret-down\\&quot; aria-hidden=\\&quot;true\\&quot;&gt;&lt;\\\/i&gt;&quot;,&quot;library&quot;:&quot;fa-solid&quot;}}\" data-widget_type=\"nav-menu.default\">\n\t\t\t\t<div class=\"elementor-widget-container\">\n\t\t\t\t\t\t\t\t<nav aria-label=\"Menu\" class=\"elementor-nav-menu--main elementor-nav-menu__container elementor-nav-menu--layout-horizontal e--pointer-background e--animation-fade\">\n\t\t\t\t<ul id=\"menu-1-6bbb40c\" class=\"elementor-nav-menu\"><li class=\"menu-item menu-item-type-post_type menu-item-object-page menu-item-12651\"><a href=\"https:\/\/jagodina.museum\/en\/collections\/history-department\/\" class=\"elementor-item\">History Department<\/a><\/li><\/ul>\t\t\t<\/nav>\n\t\t\t\t\t\t<nav class=\"elementor-nav-menu--dropdown elementor-nav-menu__container\" aria-hidden=\"true\">\n\t\t\t\t<ul id=\"menu-2-6bbb40c\" class=\"elementor-nav-menu\"><li class=\"menu-item menu-item-type-post_type menu-item-object-page menu-item-12651\"><a href=\"https:\/\/jagodina.museum\/en\/collections\/history-department\/\" class=\"elementor-item\" tabindex=\"-1\">History Department<\/a><\/li><\/ul>\t\t\t<\/nav>\n\t\t\t\t\t\t<\/div>\n\t\t\t\t<\/div>\n\t\t\t\t\t<\/div>\n\t\t<\/div>\n\t\t\t\t\t<\/div>\n\t\t<\/section>\n\t\t\t\t<\/div>\n\t\t","protected":false},"excerpt":{"rendered":"<p>A COLLECTION OF MEDALS The collection consists of: orders, medals, plaques, badges, military insignia, charters of decoration, diplomas and they date from the second half of the 19th century and the 20th century. It contains both domestic and foreign medals. The collected material testifies, mainly,&hellip;<\/p>\n","protected":false},"author":3,"featured_media":0,"parent":6009,"menu_order":4,"comment_status":"closed","ping_status":"closed","template":"","meta":{"footnotes":""},"class_list":["post-12922","page","type-page","status-publish","hentry"],"_links":{"self":[{"href":"https:\/\/jagodina.museum\/en\/wp-json\/wp\/v2\/pages\/12922","targetHints":{"allow":["GET"]}}],"collection":[{"href":"https:\/\/jagodina.museum\/en\/wp-json\/wp\/v2\/pages"}],"about":[{"href":"https:\/\/jagodina.museum\/en\/wp-json\/wp\/v2\/types\/page"}],"author":[{"embeddable":true,"href":"https:\/\/jagodina.museum\/en\/wp-json\/wp\/v2\/users\/3"}],"replies":[{"embeddable":true,"href":"https:\/\/jagodina.museum\/en\/wp-json\/wp\/v2\/comments?post=12922"}],"version-history":[{"count":0,"href":"https:\/\/jagodina.museum\/en\/wp-json\/wp\/v2\/pages\/12922\/revisions"}],"up":[{"embeddable":true,"href":"https:\/\/jagodina.museum\/en\/wp-json\/wp\/v2\/pages\/6009"}],"wp:attachment":[{"href":"https:\/\/jagodina.museum\/en\/wp-json\/wp\/v2\/media?parent=12922"}],"curies":[{"name":"wp","href":"https:\/\/api.w.org\/{rel}","templated":true}]}}