{"id":17186,"date":"2019-02-22T11:11:43","date_gmt":"2019-02-22T10:11:43","guid":{"rendered":"http:\/\/jagodina.museum\/exhibitions\/mila-moja\/"},"modified":"2024-03-14T11:14:07","modified_gmt":"2024-03-14T10:14:07","slug":"mila-moja","status":"publish","type":"page","link":"https:\/\/jagodina.museum\/en\/exhibitions\/mila-moja\/","title":{"rendered":"My dear &#8211; children&#8217;s toys from prehistory to the present day"},"content":{"rendered":"\t\t<div data-elementor-type=\"wp-page\" data-elementor-id=\"17186\" class=\"elementor elementor-17186 elementor-17178\" data-elementor-post-type=\"page\">\n\t\t\t\t\t\t<section class=\"elementor-section elementor-top-section elementor-element elementor-element-3c73c04 elementor-section-boxed elementor-section-height-default elementor-section-height-default\" data-id=\"3c73c04\" data-element_type=\"section\" data-e-type=\"section\">\n\t\t\t\t\t\t<div class=\"elementor-container elementor-column-gap-extended\">\n\t\t\t\t\t<div class=\"elementor-column elementor-col-100 elementor-top-column elementor-element elementor-element-4919980 sc_inner_width_none sc_content_align_inherit sc_layouts_column_icons_position_left\" data-id=\"4919980\" data-element_type=\"column\" data-e-type=\"column\">\n\t\t\t<div class=\"elementor-widget-wrap elementor-element-populated\">\n\t\t\t\t\t\t<section class=\"elementor-section elementor-inner-section elementor-element elementor-element-b98ee59 elementor-section-boxed elementor-section-height-default elementor-section-height-default\" data-id=\"b98ee59\" data-element_type=\"section\" data-e-type=\"section\">\n\t\t\t\t\t\t<div class=\"elementor-container elementor-column-gap-extended\">\n\t\t\t\t\t<div class=\"elementor-column elementor-col-50 elementor-inner-column elementor-element elementor-element-7997511 sc_bg_mask_4 sc_inner_width_none sc_content_align_inherit sc_layouts_column_icons_position_left\" data-id=\"7997511\" data-element_type=\"column\" data-e-type=\"column\" data-settings=\"{&quot;background_background&quot;:&quot;classic&quot;}\">\n\t\t\t<div class=\"elementor-widget-wrap elementor-element-populated\">\n\t\t\t\t\t\t<div class=\"elementor-element elementor-element-f7fa927 sc_height_tiny animation_type_block sc_fly_static elementor-widget elementor-widget-spacer\" data-id=\"f7fa927\" data-element_type=\"widget\" data-e-type=\"widget\" data-widget_type=\"spacer.default\">\n\t\t\t\t<div class=\"elementor-widget-container\">\n\t\t\t\t\t\t\t<div class=\"elementor-spacer\">\n\t\t\t<div class=\"elementor-spacer-inner\"><\/div>\n\t\t<\/div>\n\t\t\t\t\t\t<\/div>\n\t\t\t\t<\/div>\n\t\t\t\t<div class=\"elementor-element elementor-element-4cbf309 animation_type_block sc_fly_static elementor-widget elementor-widget-heading\" data-id=\"4cbf309\" data-element_type=\"widget\" data-e-type=\"widget\" data-widget_type=\"heading.default\">\n\t\t\t\t<div class=\"elementor-widget-container\">\n\t\t\t\t\t<h3 class=\"elementor-heading-title elementor-size-default\">Gallery of the Regional Museum of Jagodina<\/h3>\t\t\t\t<\/div>\n\t\t\t\t<\/div>\n\t\t\t\t<div class=\"elementor-element elementor-element-f81023b sc_height_small animation_type_block sc_fly_static elementor-widget elementor-widget-spacer\" data-id=\"f81023b\" data-element_type=\"widget\" data-e-type=\"widget\" data-widget_type=\"spacer.default\">\n\t\t\t\t<div class=\"elementor-widget-container\">\n\t\t\t\t\t\t\t<div class=\"elementor-spacer\">\n\t\t\t<div class=\"elementor-spacer-inner\"><\/div>\n\t\t<\/div>\n\t\t\t\t\t\t<\/div>\n\t\t\t\t<\/div>\n\t\t\t\t<div class=\"elementor-element elementor-element-53a815b animation_type_block sc_fly_static elementor-widget elementor-widget-text-editor\" data-id=\"53a815b\" data-element_type=\"widget\" data-e-type=\"widget\" data-widget_type=\"text-editor.default\">\n\t\t\t\t<div class=\"elementor-widget-container\">\n\t\t\t\t\t\t\t\t\t<p>EXHIBITION DURATION: February 22 &#8211; March 19, 2019<\/p>\t\t\t\t\t\t\t\t<\/div>\n\t\t\t\t<\/div>\n\t\t\t\t<div class=\"elementor-element elementor-element-53cfecd elementor-widget-divider--view-line animation_type_block sc_fly_static elementor-widget elementor-widget-divider\" data-id=\"53cfecd\" data-element_type=\"widget\" data-e-type=\"widget\" data-widget_type=\"divider.default\">\n\t\t\t\t<div class=\"elementor-widget-container\">\n\t\t\t\t\t\t\t<div class=\"elementor-divider\">\n\t\t\t<span class=\"elementor-divider-separator\">\n\t\t\t\t\t\t<\/span>\n\t\t<\/div>\n\t\t\t\t\t\t<\/div>\n\t\t\t\t<\/div>\n\t\t\t\t<div class=\"elementor-element elementor-element-445b76f animation_type_block sc_fly_static elementor-widget elementor-widget-image\" data-id=\"445b76f\" data-element_type=\"widget\" data-e-type=\"widget\" data-widget_type=\"image.default\">\n\t\t\t\t<div class=\"elementor-widget-container\">\n\t\t\t\t\t\t\t\t\t\t\t\t\t\t\t<img fetchpriority=\"high\" decoding=\"async\" width=\"820\" height=\"1200\" src=\"https:\/\/jagodina.museum\/wp-content\/uploads\/2022\/02\/mila-moja-plakat.jpg\" class=\"attachment-full size-full wp-image-17144\" alt=\"\" srcset=\"https:\/\/jagodina.museum\/wp-content\/uploads\/2022\/02\/mila-moja-plakat.jpg 820w, https:\/\/jagodina.museum\/wp-content\/uploads\/2022\/02\/mila-moja-plakat-205x300.jpg 205w, https:\/\/jagodina.museum\/wp-content\/uploads\/2022\/02\/mila-moja-plakat-700x1024.jpg 700w, https:\/\/jagodina.museum\/wp-content\/uploads\/2022\/02\/mila-moja-plakat-768x1124.jpg 768w, https:\/\/jagodina.museum\/wp-content\/uploads\/2022\/02\/mila-moja-plakat-370x541.jpg 370w, https:\/\/jagodina.museum\/wp-content\/uploads\/2022\/02\/mila-moja-plakat-770x1127.jpg 770w\" sizes=\"(max-width: 820px) 100vw, 820px\" \/>\t\t\t\t\t\t\t\t\t\t\t\t\t\t\t<\/div>\n\t\t\t\t<\/div>\n\t\t\t\t<div class=\"elementor-element elementor-element-d46e97b elementor-widget-divider--view-line animation_type_block sc_fly_static elementor-widget elementor-widget-divider\" data-id=\"d46e97b\" data-element_type=\"widget\" data-e-type=\"widget\" data-widget_type=\"divider.default\">\n\t\t\t\t<div class=\"elementor-widget-container\">\n\t\t\t\t\t\t\t<div class=\"elementor-divider\">\n\t\t\t<span class=\"elementor-divider-separator\">\n\t\t\t\t\t\t<\/span>\n\t\t<\/div>\n\t\t\t\t\t\t<\/div>\n\t\t\t\t<\/div>\n\t\t\t\t<div class=\"elementor-element elementor-element-b878ab0 sc_height_small animation_type_block sc_fly_static elementor-widget elementor-widget-spacer\" data-id=\"b878ab0\" data-element_type=\"widget\" data-e-type=\"widget\" data-widget_type=\"spacer.default\">\n\t\t\t\t<div class=\"elementor-widget-container\">\n\t\t\t\t\t\t\t<div class=\"elementor-spacer\">\n\t\t\t<div class=\"elementor-spacer-inner\"><\/div>\n\t\t<\/div>\n\t\t\t\t\t\t<\/div>\n\t\t\t\t<\/div>\n\t\t\t\t<div class=\"elementor-element elementor-element-6b93de7 animation_type_block sc_fly_static elementor-widget elementor-widget-heading\" data-id=\"6b93de7\" data-element_type=\"widget\" data-e-type=\"widget\" data-widget_type=\"heading.default\">\n\t\t\t\t<div class=\"elementor-widget-container\">\n\t\t\t\t\t<h3 class=\"elementor-heading-title elementor-size-default\">FROM THE OPENING<\/h3>\t\t\t\t<\/div>\n\t\t\t\t<\/div>\n\t\t\t\t<div class=\"elementor-element elementor-element-6afa569 animation_type_block sc_fly_static elementor-widget elementor-widget-gallery\" data-id=\"6afa569\" data-element_type=\"widget\" data-e-type=\"widget\" data-settings=\"{&quot;columns&quot;:&quot;3&quot;,&quot;lazyload&quot;:&quot;yes&quot;,&quot;gallery_layout&quot;:&quot;grid&quot;,&quot;columns_tablet&quot;:2,&quot;columns_mobile&quot;:1,&quot;gap&quot;:{&quot;unit&quot;:&quot;px&quot;,&quot;size&quot;:10,&quot;sizes&quot;:[]},&quot;gap_tablet&quot;:{&quot;unit&quot;:&quot;px&quot;,&quot;size&quot;:10,&quot;sizes&quot;:[]},&quot;gap_mobile&quot;:{&quot;unit&quot;:&quot;px&quot;,&quot;size&quot;:10,&quot;sizes&quot;:[]},&quot;link_to&quot;:&quot;file&quot;,&quot;aspect_ratio&quot;:&quot;3:2&quot;,&quot;overlay_background&quot;:&quot;yes&quot;,&quot;content_hover_animation&quot;:&quot;fade-in&quot;}\" data-widget_type=\"gallery.default\">\n\t\t\t\t<div class=\"elementor-widget-container\">\n\t\t\t\t\t\t\t<div class=\"elementor-gallery__container\">\n\t\t\t\t\t\t\t<a class=\"e-gallery-item elementor-gallery-item elementor-animated-content\" href=\"https:\/\/jagodina.museum\/wp-content\/uploads\/2022\/02\/DSC_9024.jpg\" data-elementor-open-lightbox=\"yes\" data-elementor-lightbox-slideshow=\"6afa569\" data-elementor-lightbox-title=\"DSC_9024\" data-e-action-hash=\"#elementor-action%3Aaction%3Dlightbox%26settings%3DeyJpZCI6MTcxMTIsInVybCI6Imh0dHBzOlwvXC9qYWdvZGluYS5tdXNldW1cL3dwLWNvbnRlbnRcL3VwbG9hZHNcLzIwMjJcLzAyXC9EU0NfOTAyNC5qcGciLCJzbGlkZXNob3ciOiI2YWZhNTY5In0%3D\">\n\t\t\t\t\t<div class=\"e-gallery-image elementor-gallery-item__image\" data-thumbnail=\"https:\/\/jagodina.museum\/wp-content\/uploads\/2022\/02\/DSC_9024-300x199.jpg\" data-width=\"300\" data-height=\"199\" aria-label=\"\" role=\"img\" ><\/div>\n\t\t\t\t\t\t\t\t\t\t\t<div class=\"elementor-gallery-item__overlay\"><\/div>\n\t\t\t\t\t\t\t\t\t\t\t\t\t\t<\/a>\n\t\t\t\t\t\t\t<a class=\"e-gallery-item elementor-gallery-item elementor-animated-content\" href=\"https:\/\/jagodina.museum\/wp-content\/uploads\/2022\/02\/DSC_9023.jpg\" data-elementor-open-lightbox=\"yes\" data-elementor-lightbox-slideshow=\"6afa569\" data-elementor-lightbox-title=\"DSC_9023\" data-e-action-hash=\"#elementor-action%3Aaction%3Dlightbox%26settings%3DeyJpZCI6MTcxMTAsInVybCI6Imh0dHBzOlwvXC9qYWdvZGluYS5tdXNldW1cL3dwLWNvbnRlbnRcL3VwbG9hZHNcLzIwMjJcLzAyXC9EU0NfOTAyMy5qcGciLCJzbGlkZXNob3ciOiI2YWZhNTY5In0%3D\">\n\t\t\t\t\t<div class=\"e-gallery-image elementor-gallery-item__image\" data-thumbnail=\"https:\/\/jagodina.museum\/wp-content\/uploads\/2022\/02\/DSC_9023-300x199.jpg\" data-width=\"300\" data-height=\"199\" aria-label=\"\" role=\"img\" ><\/div>\n\t\t\t\t\t\t\t\t\t\t\t<div class=\"elementor-gallery-item__overlay\"><\/div>\n\t\t\t\t\t\t\t\t\t\t\t\t\t\t<\/a>\n\t\t\t\t\t\t\t<a class=\"e-gallery-item elementor-gallery-item elementor-animated-content\" href=\"https:\/\/jagodina.museum\/wp-content\/uploads\/2022\/02\/DSC_9022.jpg\" data-elementor-open-lightbox=\"yes\" data-elementor-lightbox-slideshow=\"6afa569\" data-elementor-lightbox-title=\"DSC_9022\" data-e-action-hash=\"#elementor-action%3Aaction%3Dlightbox%26settings%3DeyJpZCI6MTcxMDgsInVybCI6Imh0dHBzOlwvXC9qYWdvZGluYS5tdXNldW1cL3dwLWNvbnRlbnRcL3VwbG9hZHNcLzIwMjJcLzAyXC9EU0NfOTAyMi5qcGciLCJzbGlkZXNob3ciOiI2YWZhNTY5In0%3D\">\n\t\t\t\t\t<div class=\"e-gallery-image elementor-gallery-item__image\" data-thumbnail=\"https:\/\/jagodina.museum\/wp-content\/uploads\/2022\/02\/DSC_9022-300x199.jpg\" data-width=\"300\" data-height=\"199\" aria-label=\"\" role=\"img\" ><\/div>\n\t\t\t\t\t\t\t\t\t\t\t<div class=\"elementor-gallery-item__overlay\"><\/div>\n\t\t\t\t\t\t\t\t\t\t\t\t\t\t<\/a>\n\t\t\t\t\t\t\t<a class=\"e-gallery-item elementor-gallery-item elementor-animated-content\" href=\"https:\/\/jagodina.museum\/wp-content\/uploads\/2022\/02\/DSC_8999.jpg\" data-elementor-open-lightbox=\"yes\" data-elementor-lightbox-slideshow=\"6afa569\" data-elementor-lightbox-title=\"DSC_8999\" data-e-action-hash=\"#elementor-action%3Aaction%3Dlightbox%26settings%3DeyJpZCI6MTcxMDYsInVybCI6Imh0dHBzOlwvXC9qYWdvZGluYS5tdXNldW1cL3dwLWNvbnRlbnRcL3VwbG9hZHNcLzIwMjJcLzAyXC9EU0NfODk5OS5qcGciLCJzbGlkZXNob3ciOiI2YWZhNTY5In0%3D\">\n\t\t\t\t\t<div class=\"e-gallery-image elementor-gallery-item__image\" data-thumbnail=\"https:\/\/jagodina.museum\/wp-content\/uploads\/2022\/02\/DSC_8999-300x199.jpg\" data-width=\"300\" data-height=\"199\" aria-label=\"\" role=\"img\" ><\/div>\n\t\t\t\t\t\t\t\t\t\t\t<div class=\"elementor-gallery-item__overlay\"><\/div>\n\t\t\t\t\t\t\t\t\t\t\t\t\t\t<\/a>\n\t\t\t\t\t\t\t<a class=\"e-gallery-item elementor-gallery-item elementor-animated-content\" href=\"https:\/\/jagodina.museum\/wp-content\/uploads\/2022\/02\/DSC_8992.jpg\" data-elementor-open-lightbox=\"yes\" data-elementor-lightbox-slideshow=\"6afa569\" data-elementor-lightbox-title=\"DSC_8992\" data-e-action-hash=\"#elementor-action%3Aaction%3Dlightbox%26settings%3DeyJpZCI6MTcxMDQsInVybCI6Imh0dHBzOlwvXC9qYWdvZGluYS5tdXNldW1cL3dwLWNvbnRlbnRcL3VwbG9hZHNcLzIwMjJcLzAyXC9EU0NfODk5Mi5qcGciLCJzbGlkZXNob3ciOiI2YWZhNTY5In0%3D\">\n\t\t\t\t\t<div class=\"e-gallery-image elementor-gallery-item__image\" data-thumbnail=\"https:\/\/jagodina.museum\/wp-content\/uploads\/2022\/02\/DSC_8992-300x199.jpg\" data-width=\"300\" data-height=\"199\" aria-label=\"\" role=\"img\" ><\/div>\n\t\t\t\t\t\t\t\t\t\t\t<div class=\"elementor-gallery-item__overlay\"><\/div>\n\t\t\t\t\t\t\t\t\t\t\t\t\t\t<\/a>\n\t\t\t\t\t\t\t<a class=\"e-gallery-item elementor-gallery-item elementor-animated-content\" href=\"https:\/\/jagodina.museum\/wp-content\/uploads\/2022\/02\/DSC_8990.jpg\" data-elementor-open-lightbox=\"yes\" data-elementor-lightbox-slideshow=\"6afa569\" data-elementor-lightbox-title=\"DSC_8990\" data-e-action-hash=\"#elementor-action%3Aaction%3Dlightbox%26settings%3DeyJpZCI6MTcxMDIsInVybCI6Imh0dHBzOlwvXC9qYWdvZGluYS5tdXNldW1cL3dwLWNvbnRlbnRcL3VwbG9hZHNcLzIwMjJcLzAyXC9EU0NfODk5MC5qcGciLCJzbGlkZXNob3ciOiI2YWZhNTY5In0%3D\">\n\t\t\t\t\t<div class=\"e-gallery-image elementor-gallery-item__image\" data-thumbnail=\"https:\/\/jagodina.museum\/wp-content\/uploads\/2022\/02\/DSC_8990-300x199.jpg\" data-width=\"300\" data-height=\"199\" aria-label=\"\" role=\"img\" ><\/div>\n\t\t\t\t\t\t\t\t\t\t\t<div class=\"elementor-gallery-item__overlay\"><\/div>\n\t\t\t\t\t\t\t\t\t\t\t\t\t\t<\/a>\n\t\t\t\t\t\t\t<a class=\"e-gallery-item elementor-gallery-item elementor-animated-content\" href=\"https:\/\/jagodina.museum\/wp-content\/uploads\/2022\/02\/DSC_8984.jpg\" data-elementor-open-lightbox=\"yes\" data-elementor-lightbox-slideshow=\"6afa569\" data-elementor-lightbox-title=\"DSC_8984\" data-e-action-hash=\"#elementor-action%3Aaction%3Dlightbox%26settings%3DeyJpZCI6MTcxMDAsInVybCI6Imh0dHBzOlwvXC9qYWdvZGluYS5tdXNldW1cL3dwLWNvbnRlbnRcL3VwbG9hZHNcLzIwMjJcLzAyXC9EU0NfODk4NC5qcGciLCJzbGlkZXNob3ciOiI2YWZhNTY5In0%3D\">\n\t\t\t\t\t<div class=\"e-gallery-image elementor-gallery-item__image\" data-thumbnail=\"https:\/\/jagodina.museum\/wp-content\/uploads\/2022\/02\/DSC_8984-300x199.jpg\" data-width=\"300\" data-height=\"199\" aria-label=\"\" role=\"img\" ><\/div>\n\t\t\t\t\t\t\t\t\t\t\t<div class=\"elementor-gallery-item__overlay\"><\/div>\n\t\t\t\t\t\t\t\t\t\t\t\t\t\t<\/a>\n\t\t\t\t\t\t\t<a class=\"e-gallery-item elementor-gallery-item elementor-animated-content\" href=\"https:\/\/jagodina.museum\/wp-content\/uploads\/2022\/02\/DSC_8975.jpg\" data-elementor-open-lightbox=\"yes\" data-elementor-lightbox-slideshow=\"6afa569\" data-elementor-lightbox-title=\"DSC_8975\" data-e-action-hash=\"#elementor-action%3Aaction%3Dlightbox%26settings%3DeyJpZCI6MTcwOTgsInVybCI6Imh0dHBzOlwvXC9qYWdvZGluYS5tdXNldW1cL3dwLWNvbnRlbnRcL3VwbG9hZHNcLzIwMjJcLzAyXC9EU0NfODk3NS5qcGciLCJzbGlkZXNob3ciOiI2YWZhNTY5In0%3D\">\n\t\t\t\t\t<div class=\"e-gallery-image elementor-gallery-item__image\" data-thumbnail=\"https:\/\/jagodina.museum\/wp-content\/uploads\/2022\/02\/DSC_8975-300x199.jpg\" data-width=\"300\" data-height=\"199\" aria-label=\"\" role=\"img\" ><\/div>\n\t\t\t\t\t\t\t\t\t\t\t<div class=\"elementor-gallery-item__overlay\"><\/div>\n\t\t\t\t\t\t\t\t\t\t\t\t\t\t<\/a>\n\t\t\t\t\t\t\t<a class=\"e-gallery-item elementor-gallery-item elementor-animated-content\" href=\"https:\/\/jagodina.museum\/wp-content\/uploads\/2022\/02\/DSC_8970.jpg\" data-elementor-open-lightbox=\"yes\" data-elementor-lightbox-slideshow=\"6afa569\" data-elementor-lightbox-title=\"DSC_8970\" data-e-action-hash=\"#elementor-action%3Aaction%3Dlightbox%26settings%3DeyJpZCI6MTcwOTYsInVybCI6Imh0dHBzOlwvXC9qYWdvZGluYS5tdXNldW1cL3dwLWNvbnRlbnRcL3VwbG9hZHNcLzIwMjJcLzAyXC9EU0NfODk3MC5qcGciLCJzbGlkZXNob3ciOiI2YWZhNTY5In0%3D\">\n\t\t\t\t\t<div class=\"e-gallery-image elementor-gallery-item__image\" data-thumbnail=\"https:\/\/jagodina.museum\/wp-content\/uploads\/2022\/02\/DSC_8970-300x199.jpg\" data-width=\"300\" data-height=\"199\" aria-label=\"\" role=\"img\" ><\/div>\n\t\t\t\t\t\t\t\t\t\t\t<div class=\"elementor-gallery-item__overlay\"><\/div>\n\t\t\t\t\t\t\t\t\t\t\t\t\t\t<\/a>\n\t\t\t\t\t\t\t<a class=\"e-gallery-item elementor-gallery-item elementor-animated-content\" href=\"https:\/\/jagodina.museum\/wp-content\/uploads\/2022\/02\/DSC_8950.jpg\" data-elementor-open-lightbox=\"yes\" data-elementor-lightbox-slideshow=\"6afa569\" data-elementor-lightbox-title=\"DSC_8950\" data-e-action-hash=\"#elementor-action%3Aaction%3Dlightbox%26settings%3DeyJpZCI6MTcwOTQsInVybCI6Imh0dHBzOlwvXC9qYWdvZGluYS5tdXNldW1cL3dwLWNvbnRlbnRcL3VwbG9hZHNcLzIwMjJcLzAyXC9EU0NfODk1MC5qcGciLCJzbGlkZXNob3ciOiI2YWZhNTY5In0%3D\">\n\t\t\t\t\t<div class=\"e-gallery-image elementor-gallery-item__image\" data-thumbnail=\"https:\/\/jagodina.museum\/wp-content\/uploads\/2022\/02\/DSC_8950-300x199.jpg\" data-width=\"300\" data-height=\"199\" aria-label=\"\" role=\"img\" ><\/div>\n\t\t\t\t\t\t\t\t\t\t\t<div class=\"elementor-gallery-item__overlay\"><\/div>\n\t\t\t\t\t\t\t\t\t\t\t\t\t\t<\/a>\n\t\t\t\t\t<\/div>\n\t\t\t\t\t<\/div>\n\t\t\t\t<\/div>\n\t\t\t\t<div class=\"elementor-element elementor-element-36aea92 elementor-widget-divider--view-line animation_type_block sc_fly_static elementor-widget elementor-widget-divider\" data-id=\"36aea92\" data-element_type=\"widget\" data-e-type=\"widget\" data-widget_type=\"divider.default\">\n\t\t\t\t<div class=\"elementor-widget-container\">\n\t\t\t\t\t\t\t<div class=\"elementor-divider\">\n\t\t\t<span class=\"elementor-divider-separator\">\n\t\t\t\t\t\t<\/span>\n\t\t<\/div>\n\t\t\t\t\t\t<\/div>\n\t\t\t\t<\/div>\n\t\t\t\t<div class=\"elementor-element elementor-element-b8d056b animation_type_block sc_fly_static elementor-widget elementor-widget-heading\" data-id=\"b8d056b\" data-element_type=\"widget\" data-e-type=\"widget\" data-widget_type=\"heading.default\">\n\t\t\t\t<div class=\"elementor-widget-container\">\n\t\t\t\t\t<h3 class=\"elementor-heading-title elementor-size-default\">EXHIBITION CATALOG<\/h3>\t\t\t\t<\/div>\n\t\t\t\t<\/div>\n\t\t\t\t<div class=\"elementor-element elementor-element-a26c348 elementor-view-framed elementor-shape-circle animation_type_block sc_fly_static elementor-widget elementor-widget-icon\" data-id=\"a26c348\" data-element_type=\"widget\" data-e-type=\"widget\" data-widget_type=\"icon.default\">\n\t\t\t\t<div class=\"elementor-widget-container\">\n\t\t\t\t\t\t\t<div class=\"elementor-icon-wrapper\">\n\t\t\t<a class=\"elementor-icon\" href=\"http:\/\/jagodina.museum\/wp-content\/uploads\/2022\/02\/mila-moja-katalog.pdf\" target=\"_blank\" rel=\"nofollow\">\n\t\t\t<i aria-hidden=\"true\" class=\"fas fa-book-open\"><\/i>\t\t\t<\/a>\n\t\t<\/div>\n\t\t\t\t\t\t<\/div>\n\t\t\t\t<\/div>\n\t\t\t\t<div class=\"elementor-element elementor-element-487a80e animation_type_block sc_fly_static elementor-widget elementor-widget-spacer\" data-id=\"487a80e\" data-element_type=\"widget\" data-e-type=\"widget\" data-widget_type=\"spacer.default\">\n\t\t\t\t<div class=\"elementor-widget-container\">\n\t\t\t\t\t\t\t<div class=\"elementor-spacer\">\n\t\t\t<div class=\"elementor-spacer-inner\"><\/div>\n\t\t<\/div>\n\t\t\t\t\t\t<\/div>\n\t\t\t\t<\/div>\n\t\t\t\t\t<\/div>\n\t\t<\/div>\n\t\t\t\t<div class=\"elementor-column elementor-col-50 elementor-inner-column elementor-element elementor-element-7b0e4b7 sc_inner_width_none sc_content_align_inherit sc_layouts_column_icons_position_left\" data-id=\"7b0e4b7\" data-element_type=\"column\" data-e-type=\"column\">\n\t\t\t<div class=\"elementor-widget-wrap elementor-element-populated\">\n\t\t\t\t\t\t<div class=\"elementor-element elementor-element-a45f93d elementor-drop-cap-yes elementor-drop-cap-view-default animation_type_block sc_fly_static elementor-widget elementor-widget-text-editor\" data-id=\"a45f93d\" data-element_type=\"widget\" data-e-type=\"widget\" data-settings=\"{&quot;drop_cap&quot;:&quot;yes&quot;}\" data-widget_type=\"text-editor.default\">\n\t\t\t\t<div class=\"elementor-widget-container\">\n\t\t\t\t\t\t\t\t\t<p>The exhibition &#8220;My dear &#8211; children&#8217;s toys from prehistory to the present day&#8221; was realized with the funds of the Ministry of Culture and Information of the Republic of Serbia, and is a joint project of the National Museum Zaje\u010dar, National Museum Po\u017earevac, Museum of Krajina Negotin, Regional Museum of Jagodina, Homeland Museum of Knja\u017eevac and Museum of Srem Sremska Mitrovica.<\/p><p>The exhibition premiered at the end of December 2018 at the National Museum in Zaje\u010dar, which is also the holder of this project. After Zaje\u010dar, the exhibition was opened at the Regional Museum in Jagodina, and then continued its journey to other cities whose museums collaborated on the project.<\/p><p>The aim of this exhibition is to present toys that are kept in museums in their collections, covering a wide period of time from prehistory to the present day. The interpretation used a multidisciplinary approach, because the toys were viewed from the angle of archaeology, ethnology, history, art history, sociology &#8230; In this way, different functions of toys were pointed out, from the didactic one, to the functioning of the toy as a status symbol of the parents, which is a phenomenon that is still present today.<\/p><p>In a broader context, this exhibition actually presents the world of the child and childhood, the path that the child took through the centuries to enter the world of adults. Whether precious, a reflection of the status and power of parents or a rag, handmade, the toy is an inseparable part of every child&#8217;s childhood.<\/p>\t\t\t\t\t\t\t\t<\/div>\n\t\t\t\t<\/div>\n\t\t\t\t\t<\/div>\n\t\t<\/div>\n\t\t\t\t\t<\/div>\n\t\t<\/section>\n\t\t\t\t<div class=\"elementor-element elementor-element-aaec63a animation_type_block sc_fly_static elementor-widget elementor-widget-spacer\" data-id=\"aaec63a\" data-element_type=\"widget\" data-e-type=\"widget\" data-widget_type=\"spacer.default\">\n\t\t\t\t<div class=\"elementor-widget-container\">\n\t\t\t\t\t\t\t<div class=\"elementor-spacer\">\n\t\t\t<div class=\"elementor-spacer-inner\"><\/div>\n\t\t<\/div>\n\t\t\t\t\t\t<\/div>\n\t\t\t\t<\/div>\n\t\t\t\t\t<\/div>\n\t\t<\/div>\n\t\t\t\t\t<\/div>\n\t\t<\/section>\n\t\t\t\t<section class=\"elementor-section elementor-top-section elementor-element elementor-element-63b24c5 elementor-section-boxed elementor-section-height-default elementor-section-height-default\" data-id=\"63b24c5\" data-element_type=\"section\" data-e-type=\"section\">\n\t\t\t\t\t\t<div class=\"elementor-container elementor-column-gap-extended\">\n\t\t\t\t\t<div class=\"elementor-column elementor-col-100 elementor-top-column elementor-element elementor-element-0d8a487 sc_inner_width_none sc_content_align_inherit sc_layouts_column_icons_position_left\" data-id=\"0d8a487\" data-element_type=\"column\" data-e-type=\"column\">\n\t\t\t<div class=\"elementor-widget-wrap elementor-element-populated\">\n\t\t\t\t\t\t<div class=\"elementor-element elementor-element-04a7b9d animation_type_block sc_fly_static elementor-widget elementor-widget-spacer\" data-id=\"04a7b9d\" data-element_type=\"widget\" data-e-type=\"widget\" data-widget_type=\"spacer.default\">\n\t\t\t\t<div class=\"elementor-widget-container\">\n\t\t\t\t\t\t\t<div class=\"elementor-spacer\">\n\t\t\t<div class=\"elementor-spacer-inner\"><\/div>\n\t\t<\/div>\n\t\t\t\t\t\t<\/div>\n\t\t\t\t<\/div>\n\t\t\t\t<div class=\"elementor-element elementor-element-c882e52 sc_height_tiny animation_type_block sc_fly_static elementor-widget elementor-widget-spacer\" data-id=\"c882e52\" data-element_type=\"widget\" data-e-type=\"widget\" data-widget_type=\"spacer.default\">\n\t\t\t\t<div class=\"elementor-widget-container\">\n\t\t\t\t\t\t\t<div class=\"elementor-spacer\">\n\t\t\t<div class=\"elementor-spacer-inner\"><\/div>\n\t\t<\/div>\n\t\t\t\t\t\t<\/div>\n\t\t\t\t<\/div>\n\t\t\t\t\t<\/div>\n\t\t<\/div>\n\t\t\t\t\t<\/div>\n\t\t<\/section>\n\t\t\t\t<\/div>\n\t\t","protected":false},"excerpt":{"rendered":"<p>Gallery of the Regional Museum of Jagodina EXHIBITION DURATION: February 22 &#8211; March 19, 2019 FROM THE OPENING EXHIBITION CATALOG The exhibition &#8220;My dear &#8211; children&#8217;s toys from prehistory to the present day&#8221; was realized with the funds of the Ministry of Culture and Information&hellip;<\/p>\n","protected":false},"author":3,"featured_media":0,"parent":6377,"menu_order":0,"comment_status":"closed","ping_status":"closed","template":"","meta":{"footnotes":""},"class_list":["post-17186","page","type-page","status-publish","hentry"],"_links":{"self":[{"href":"https:\/\/jagodina.museum\/en\/wp-json\/wp\/v2\/pages\/17186","targetHints":{"allow":["GET"]}}],"collection":[{"href":"https:\/\/jagodina.museum\/en\/wp-json\/wp\/v2\/pages"}],"about":[{"href":"https:\/\/jagodina.museum\/en\/wp-json\/wp\/v2\/types\/page"}],"author":[{"embeddable":true,"href":"https:\/\/jagodina.museum\/en\/wp-json\/wp\/v2\/users\/3"}],"replies":[{"embeddable":true,"href":"https:\/\/jagodina.museum\/en\/wp-json\/wp\/v2\/comments?post=17186"}],"version-history":[{"count":0,"href":"https:\/\/jagodina.museum\/en\/wp-json\/wp\/v2\/pages\/17186\/revisions"}],"up":[{"embeddable":true,"href":"https:\/\/jagodina.museum\/en\/wp-json\/wp\/v2\/pages\/6377"}],"wp:attachment":[{"href":"https:\/\/jagodina.museum\/en\/wp-json\/wp\/v2\/media?parent=17186"}],"curies":[{"name":"wp","href":"https:\/\/api.w.org\/{rel}","templated":true}]}}