{"id":20147,"date":"2023-03-29T09:18:15","date_gmt":"2023-03-29T08:18:15","guid":{"rendered":"http:\/\/jagodina.museum\/exhibitions\/jagodinski-fotografi-mihailo-djordjevic\/"},"modified":"2024-03-14T11:39:21","modified_gmt":"2024-03-14T10:39:21","slug":"jagodinski-fotografi-mihailo-djordjevic","status":"publish","type":"page","link":"https:\/\/jagodina.museum\/en\/exhibitions\/jagodinski-fotografi-mihailo-djordjevic\/","title":{"rendered":"PHOTOGRAPHERS FROM JAGODINA: Mihailo \u0110or\u0111evi\u0107 (1851\u20131891)"},"content":{"rendered":"\t\t<div data-elementor-type=\"wp-page\" data-elementor-id=\"20147\" class=\"elementor elementor-20147 elementor-20133\" data-elementor-post-type=\"page\">\n\t\t\t\t\t\t<section class=\"elementor-section elementor-top-section elementor-element elementor-element-3c73c04 elementor-section-boxed elementor-section-height-default elementor-section-height-default\" data-id=\"3c73c04\" data-element_type=\"section\" data-e-type=\"section\">\n\t\t\t\t\t\t<div class=\"elementor-container elementor-column-gap-extended\">\n\t\t\t\t\t<div class=\"elementor-column elementor-col-100 elementor-top-column elementor-element elementor-element-4919980 sc_inner_width_none sc_content_align_inherit sc_layouts_column_icons_position_left\" data-id=\"4919980\" data-element_type=\"column\" data-e-type=\"column\">\n\t\t\t<div class=\"elementor-widget-wrap elementor-element-populated\">\n\t\t\t\t\t\t<section class=\"elementor-section elementor-inner-section elementor-element elementor-element-b98ee59 elementor-section-boxed elementor-section-height-default elementor-section-height-default\" data-id=\"b98ee59\" data-element_type=\"section\" data-e-type=\"section\">\n\t\t\t\t\t\t<div class=\"elementor-container elementor-column-gap-extended\">\n\t\t\t\t\t<div class=\"elementor-column elementor-col-50 elementor-inner-column elementor-element elementor-element-7997511 sc_bg_mask_4 sc_inner_width_none sc_content_align_inherit sc_layouts_column_icons_position_left\" data-id=\"7997511\" data-element_type=\"column\" data-e-type=\"column\" data-settings=\"{&quot;background_background&quot;:&quot;classic&quot;}\">\n\t\t\t<div class=\"elementor-widget-wrap elementor-element-populated\">\n\t\t\t\t\t\t<div class=\"elementor-element elementor-element-370f3cd animation_type_block sc_fly_static elementor-widget elementor-widget-heading\" data-id=\"370f3cd\" data-element_type=\"widget\" data-e-type=\"widget\" data-widget_type=\"heading.default\">\n\t\t\t\t<div class=\"elementor-widget-container\">\n\t\t\t\t\t<h3 class=\"elementor-heading-title elementor-size-default\">Virtual Gallery of the Regional Museum of Jagodina<\/h3>\t\t\t\t<\/div>\n\t\t\t\t<\/div>\n\t\t\t\t<div class=\"elementor-element elementor-element-d68fbf5 sc_height_tiny animation_type_block sc_fly_static elementor-widget elementor-widget-spacer\" data-id=\"d68fbf5\" data-element_type=\"widget\" data-e-type=\"widget\" data-widget_type=\"spacer.default\">\n\t\t\t\t<div class=\"elementor-widget-container\">\n\t\t\t\t\t\t\t<div class=\"elementor-spacer\">\n\t\t\t<div class=\"elementor-spacer-inner\"><\/div>\n\t\t<\/div>\n\t\t\t\t\t\t<\/div>\n\t\t\t\t<\/div>\n\t\t\t\t<div class=\"elementor-element elementor-element-387d90b animation_type_block sc_fly_static elementor-widget elementor-widget-text-editor\" data-id=\"387d90b\" data-element_type=\"widget\" data-e-type=\"widget\" data-widget_type=\"text-editor.default\">\n\t\t\t\t<div class=\"elementor-widget-container\">\n\t\t\t\t\t\t\t\t\t<p>Author of the exhibition: <a href=\"https:\/\/jagodina.museum\/en\/team\/jasmina-trajkov\/\" target=\"_blank\" rel=\"noopener\">Jasmina Trajkov<\/a><\/p>\t\t\t\t\t\t\t\t<\/div>\n\t\t\t\t<\/div>\n\t\t\t\t<div class=\"elementor-element elementor-element-53cfecd elementor-widget-divider--view-line animation_type_block sc_fly_static elementor-widget elementor-widget-divider\" data-id=\"53cfecd\" data-element_type=\"widget\" data-e-type=\"widget\" data-widget_type=\"divider.default\">\n\t\t\t\t<div class=\"elementor-widget-container\">\n\t\t\t\t\t\t\t<div class=\"elementor-divider\">\n\t\t\t<span class=\"elementor-divider-separator\">\n\t\t\t\t\t\t<\/span>\n\t\t<\/div>\n\t\t\t\t\t\t<\/div>\n\t\t\t\t<\/div>\n\t\t\t\t<div class=\"elementor-element elementor-element-1c05ba6 animation_type_block sc_fly_static elementor-widget elementor-widget-image\" data-id=\"1c05ba6\" data-element_type=\"widget\" data-e-type=\"widget\" data-widget_type=\"image.default\">\n\t\t\t\t<div class=\"elementor-widget-container\">\n\t\t\t\t\t\t\t\t\t\t\t\t\t\t\t<img fetchpriority=\"high\" decoding=\"async\" width=\"1000\" height=\"662\" src=\"https:\/\/jagodina.museum\/wp-content\/uploads\/2023\/03\/foto-djordjevic-2.jpg\" class=\"attachment-large size-large wp-image-20089\" alt=\"\" srcset=\"https:\/\/jagodina.museum\/wp-content\/uploads\/2023\/03\/foto-djordjevic-2.jpg 1000w, https:\/\/jagodina.museum\/wp-content\/uploads\/2023\/03\/foto-djordjevic-2-300x199.jpg 300w, https:\/\/jagodina.museum\/wp-content\/uploads\/2023\/03\/foto-djordjevic-2-768x508.jpg 768w, https:\/\/jagodina.museum\/wp-content\/uploads\/2023\/03\/foto-djordjevic-2-370x245.jpg 370w, https:\/\/jagodina.museum\/wp-content\/uploads\/2023\/03\/foto-djordjevic-2-770x510.jpg 770w\" sizes=\"(max-width: 1000px) 100vw, 1000px\" \/>\t\t\t\t\t\t\t\t\t\t\t\t\t\t\t<\/div>\n\t\t\t\t<\/div>\n\t\t\t\t<div class=\"elementor-element elementor-element-d46e97b elementor-widget-divider--view-line animation_type_block sc_fly_static elementor-widget elementor-widget-divider\" data-id=\"d46e97b\" data-element_type=\"widget\" data-e-type=\"widget\" data-widget_type=\"divider.default\">\n\t\t\t\t<div class=\"elementor-widget-container\">\n\t\t\t\t\t\t\t<div class=\"elementor-divider\">\n\t\t\t<span class=\"elementor-divider-separator\">\n\t\t\t\t\t\t<\/span>\n\t\t<\/div>\n\t\t\t\t\t\t<\/div>\n\t\t\t\t<\/div>\n\t\t\t\t<div class=\"elementor-element elementor-element-6b93de7 animation_type_block sc_fly_static elementor-widget elementor-widget-heading\" data-id=\"6b93de7\" data-element_type=\"widget\" data-e-type=\"widget\" data-widget_type=\"heading.default\">\n\t\t\t\t<div class=\"elementor-widget-container\">\n\t\t\t\t\t<h3 class=\"elementor-heading-title elementor-size-default\">Virtual exhibition<\/h3>\t\t\t\t<\/div>\n\t\t\t\t<\/div>\n\t\t\t\t<div class=\"elementor-element elementor-element-33c9eb7 sc_height_tiny animation_type_block sc_fly_static elementor-widget elementor-widget-spacer\" data-id=\"33c9eb7\" data-element_type=\"widget\" data-e-type=\"widget\" data-widget_type=\"spacer.default\">\n\t\t\t\t<div class=\"elementor-widget-container\">\n\t\t\t\t\t\t\t<div class=\"elementor-spacer\">\n\t\t\t<div class=\"elementor-spacer-inner\"><\/div>\n\t\t<\/div>\n\t\t\t\t\t\t<\/div>\n\t\t\t\t<\/div>\n\t\t\t\t<div class=\"elementor-element elementor-element-206d4d3 elementor-grid-2 elementor-widget__width-inherit elementor-grid-tablet-2 elementor-grid-mobile-1 animation_type_block sc_fly_static elementor-widget elementor-widget-portfolio\" data-id=\"206d4d3\" data-element_type=\"widget\" data-e-type=\"widget\" data-settings=\"{&quot;columns&quot;:&quot;2&quot;,&quot;masonry&quot;:&quot;yes&quot;,&quot;row_gap&quot;:{&quot;unit&quot;:&quot;px&quot;,&quot;size&quot;:&quot;10&quot;,&quot;sizes&quot;:[]},&quot;columns_tablet&quot;:&quot;2&quot;,&quot;columns_mobile&quot;:&quot;1&quot;,&quot;item_gap&quot;:{&quot;unit&quot;:&quot;px&quot;,&quot;size&quot;:&quot;&quot;,&quot;sizes&quot;:[]}}\" data-widget_type=\"portfolio.default\">\n\t\t\t\t<div class=\"elementor-widget-container\">\n\t\t\t\t\t\t\t<div class=\"elementor-portfolio elementor-grid elementor-posts-container\" role=\"list\">\n\t\t\t\t<article class=\"elementor-portfolio-item elementor-post  post-20084 cpt_portfolio type-cpt_portfolio status-publish has-post-thumbnail hentry cpt_portfolio_group-art-department cpt_portfolio_group-photography-before-1941 cpt_portfolio_group-collections cpt_portfolio_group-fotograf-mihailo-djordjevic-en\" role=\"listitem\">\n\t\t\t<a class=\"elementor-post__thumbnail__link\" href=\"https:\/\/jagodina.museum\/en\/portfolio\/katarina-ristic\/\">\n\t\t\t\t<div class=\"elementor-portfolio-item__img elementor-post__thumbnail\">\n\t\t\t<img decoding=\"async\" width=\"770\" height=\"1170\" src=\"https:\/\/jagodina.museum\/wp-content\/uploads\/2023\/03\/354-770x1170.jpg\" class=\"attachment-ozeum-thumb-masonry-big size-ozeum-thumb-masonry-big wp-image-20054\" alt=\"\" srcset=\"https:\/\/jagodina.museum\/wp-content\/uploads\/2023\/03\/354-770x1170.jpg 770w, https:\/\/jagodina.museum\/wp-content\/uploads\/2023\/03\/354-198x300.jpg 198w, https:\/\/jagodina.museum\/wp-content\/uploads\/2023\/03\/354-674x1024.jpg 674w, https:\/\/jagodina.museum\/wp-content\/uploads\/2023\/03\/354-768x1167.jpg 768w, https:\/\/jagodina.museum\/wp-content\/uploads\/2023\/03\/354-370x562.jpg 370w, https:\/\/jagodina.museum\/wp-content\/uploads\/2023\/03\/354.jpg 790w\" sizes=\"(max-width: 770px) 100vw, 770px\" \/>\t\t<\/div>\n\t\t\t\t<div class=\"elementor-portfolio-item__overlay\">\n\t\t\t\t<h4 class=\"elementor-portfolio-item__title\">\n\t\tKatarina Risti\u0107\t\t<\/h4>\n\t\t\t\t<\/div>\n\t\t\t\t<\/a>\n\t\t<\/article>\n\t\t\t\t<article class=\"elementor-portfolio-item elementor-post  post-20078 cpt_portfolio type-cpt_portfolio status-publish has-post-thumbnail hentry cpt_portfolio_group-art-department cpt_portfolio_group-photography-before-1941 cpt_portfolio_group-collections cpt_portfolio_group-fotograf-mihailo-djordjevic-en\" role=\"listitem\">\n\t\t\t<a class=\"elementor-post__thumbnail__link\" href=\"https:\/\/jagodina.museum\/en\/portfolio\/portret-nepoznatog-mladica\/\">\n\t\t\t\t<div class=\"elementor-portfolio-item__img elementor-post__thumbnail\">\n\t\t\t<img decoding=\"async\" width=\"763\" height=\"1200\" src=\"https:\/\/jagodina.museum\/wp-content\/uploads\/2023\/03\/274.jpg\" class=\"attachment-ozeum-thumb-masonry-big size-ozeum-thumb-masonry-big wp-image-20050\" alt=\"\" srcset=\"https:\/\/jagodina.museum\/wp-content\/uploads\/2023\/03\/274.jpg 763w, https:\/\/jagodina.museum\/wp-content\/uploads\/2023\/03\/274-191x300.jpg 191w, https:\/\/jagodina.museum\/wp-content\/uploads\/2023\/03\/274-651x1024.jpg 651w, https:\/\/jagodina.museum\/wp-content\/uploads\/2023\/03\/274-370x582.jpg 370w\" sizes=\"(max-width: 763px) 100vw, 763px\" \/>\t\t<\/div>\n\t\t\t\t<div class=\"elementor-portfolio-item__overlay\">\n\t\t\t\t<h4 class=\"elementor-portfolio-item__title\">\n\t\tPortrait of an unknown young man\t\t<\/h4>\n\t\t\t\t<\/div>\n\t\t\t\t<\/a>\n\t\t<\/article>\n\t\t\t\t<article class=\"elementor-portfolio-item elementor-post  post-20065 cpt_portfolio type-cpt_portfolio status-publish has-post-thumbnail hentry cpt_portfolio_group-art-department cpt_portfolio_group-photography-before-1941 cpt_portfolio_group-collections cpt_portfolio_group-fotograf-mihailo-djordjevic-en\" role=\"listitem\">\n\t\t\t<a class=\"elementor-post__thumbnail__link\" href=\"https:\/\/jagodina.museum\/en\/portfolio\/porodica-iz-jagodine\/\">\n\t\t\t\t<div class=\"elementor-portfolio-item__img elementor-post__thumbnail\">\n\t\t\t<img loading=\"lazy\" decoding=\"async\" width=\"743\" height=\"1200\" src=\"https:\/\/jagodina.museum\/wp-content\/uploads\/2023\/03\/246.jpg\" class=\"attachment-ozeum-thumb-masonry-big size-ozeum-thumb-masonry-big wp-image-20038\" alt=\"\" srcset=\"https:\/\/jagodina.museum\/wp-content\/uploads\/2023\/03\/246.jpg 743w, https:\/\/jagodina.museum\/wp-content\/uploads\/2023\/03\/246-186x300.jpg 186w, https:\/\/jagodina.museum\/wp-content\/uploads\/2023\/03\/246-634x1024.jpg 634w, https:\/\/jagodina.museum\/wp-content\/uploads\/2023\/03\/246-370x598.jpg 370w\" sizes=\"(max-width: 743px) 100vw, 743px\" \/>\t\t<\/div>\n\t\t\t\t<div class=\"elementor-portfolio-item__overlay\">\n\t\t\t\t<h4 class=\"elementor-portfolio-item__title\">\n\t\tA family from Jagodina\t\t<\/h4>\n\t\t\t\t<\/div>\n\t\t\t\t<\/a>\n\t\t<\/article>\n\t\t\t\t<article class=\"elementor-portfolio-item elementor-post  post-20072 cpt_portfolio type-cpt_portfolio status-publish has-post-thumbnail hentry cpt_portfolio_group-art-department cpt_portfolio_group-photography-before-1941 cpt_portfolio_group-collections cpt_portfolio_group-fotograf-mihailo-djordjevic-en\" role=\"listitem\">\n\t\t\t<a class=\"elementor-post__thumbnail__link\" href=\"https:\/\/jagodina.museum\/en\/portfolio\/emanuel-klar\/\">\n\t\t\t\t<div class=\"elementor-portfolio-item__img elementor-post__thumbnail\">\n\t\t\t<img loading=\"lazy\" decoding=\"async\" width=\"737\" height=\"1200\" src=\"https:\/\/jagodina.museum\/wp-content\/uploads\/2023\/03\/270.jpg\" class=\"attachment-ozeum-thumb-masonry-big size-ozeum-thumb-masonry-big wp-image-20046\" alt=\"\" srcset=\"https:\/\/jagodina.museum\/wp-content\/uploads\/2023\/03\/270.jpg 737w, https:\/\/jagodina.museum\/wp-content\/uploads\/2023\/03\/270-184x300.jpg 184w, https:\/\/jagodina.museum\/wp-content\/uploads\/2023\/03\/270-629x1024.jpg 629w, https:\/\/jagodina.museum\/wp-content\/uploads\/2023\/03\/270-370x602.jpg 370w\" sizes=\"(max-width: 737px) 100vw, 737px\" \/>\t\t<\/div>\n\t\t\t\t<div class=\"elementor-portfolio-item__overlay\">\n\t\t\t\t<h4 class=\"elementor-portfolio-item__title\">\n\t\tEmanuel Klar\t\t<\/h4>\n\t\t\t\t<\/div>\n\t\t\t\t<\/a>\n\t\t<\/article>\n\t\t\t\t<article class=\"elementor-portfolio-item elementor-post  post-20059 cpt_portfolio type-cpt_portfolio status-publish has-post-thumbnail hentry cpt_portfolio_group-art-department cpt_portfolio_group-photography-before-1941 cpt_portfolio_group-collections cpt_portfolio_group-fotograf-mihailo-djordjevic-en\" role=\"listitem\">\n\t\t\t<a class=\"elementor-post__thumbnail__link\" href=\"https:\/\/jagodina.museum\/en\/portfolio\/portret-nepoznatog-coveka\/\">\n\t\t\t\t<div class=\"elementor-portfolio-item__img elementor-post__thumbnail\">\n\t\t\t<img loading=\"lazy\" decoding=\"async\" width=\"734\" height=\"1200\" src=\"https:\/\/jagodina.museum\/wp-content\/uploads\/2023\/03\/245.jpg\" class=\"attachment-ozeum-thumb-masonry-big size-ozeum-thumb-masonry-big wp-image-20034\" alt=\"\" srcset=\"https:\/\/jagodina.museum\/wp-content\/uploads\/2023\/03\/245.jpg 734w, https:\/\/jagodina.museum\/wp-content\/uploads\/2023\/03\/245-184x300.jpg 184w, https:\/\/jagodina.museum\/wp-content\/uploads\/2023\/03\/245-626x1024.jpg 626w, https:\/\/jagodina.museum\/wp-content\/uploads\/2023\/03\/245-370x605.jpg 370w\" sizes=\"(max-width: 734px) 100vw, 734px\" \/>\t\t<\/div>\n\t\t\t\t<div class=\"elementor-portfolio-item__overlay\">\n\t\t\t\t<h4 class=\"elementor-portfolio-item__title\">\n\t\tPortrait of an unknown man\t\t<\/h4>\n\t\t\t\t<\/div>\n\t\t\t\t<\/a>\n\t\t<\/article>\n\t\t\t\t<\/div>\n\t\t\t\t\t\t<\/div>\n\t\t\t\t<\/div>\n\t\t\t\t\t<\/div>\n\t\t<\/div>\n\t\t\t\t<div class=\"elementor-column elementor-col-50 elementor-inner-column elementor-element elementor-element-7b0e4b7 sc_inner_width_none sc_content_align_inherit sc_layouts_column_icons_position_left\" data-id=\"7b0e4b7\" data-element_type=\"column\" data-e-type=\"column\">\n\t\t\t<div class=\"elementor-widget-wrap elementor-element-populated\">\n\t\t\t\t\t\t<div class=\"elementor-element elementor-element-a45f93d elementor-drop-cap-yes elementor-drop-cap-view-default animation_type_block sc_fly_static elementor-widget elementor-widget-text-editor\" data-id=\"a45f93d\" data-element_type=\"widget\" data-e-type=\"widget\" data-settings=\"{&quot;drop_cap&quot;:&quot;yes&quot;}\" data-widget_type=\"text-editor.default\">\n\t\t\t\t<div class=\"elementor-widget-container\">\n\t\t\t\t\t\t\t\t\t<p>According to current knowledge, the first photography studio in Jagodina is associated with the name of Franz Baubin, a photographer who came from Prague and who worked in our city in the early seventies of the 19th century. After him, also during 1870s, permanent photography studio in Jagodina were owned by Emanuelo Klar and M. Georgijevi\u0107. It was considered to be a usual practice of partnership work in Serbia at that time. The photographer, a foreigner, would open a studio with a local partner who would help him financially and learn the craft. New data sheds a different light on the work of these photographers, primarily Georgijevi\u0107 (\u0110or\u0111evi\u0107). Not only does the time of his activity in Jagodina move closer to the first half of the eighth decade of the 19th century, but it is known that this is the name of the first resident of Jagodina who was professionally engaged in photography.<\/p><p>Mihailo \u0110or\u0111evi\u0107 was born in Jagodina on October 19, 1851. His father&#8217;s name was Dimitrije and mother&#8217;s Milica. He had a brother who worked as a coachman in Jagodina and a sister who married the Jagodina cafe owner Pavle Ivkovi\u0107. His photographic work in Jagodina is evidenced by the reverses of photographs from the collection of the Regional Museum of Jagodina. \u0110or\u0111evi\u0107 worked in our city until the middle of the eighth decade of the 19th century, and according to the testimony of Aleksa Mijovi\u0107, a photographer from Kragujevac, during 1876 and 1877 he lived and worked in Kragujevac, where he was in contact with Mijovi\u0107. After that, according to Mijovi\u0107, he went to Turkey. In Kragujevac, he had no real estate, property or family. According to Mijovi\u0107, for which he submits a receipt as proof, \u0110or\u0111evi\u0107 owed him a certain amount of money and an unpaid bill for chemicals. The assumption is that \u0110or\u0111evi\u0107 was engaged in photographic work in Kragujevac, most likely unreported. In the same year when \u0110or\u0111evi\u0107 left Kragujevac, Mijovi\u0107 was looking for an assistant, but for now there is no confirmation whether he may have worked for this photographer from Kragujevac during his stay in this city.<\/p><p>For the period from 1877 to 1887, there is no information about the work of Mihailo \u0110or\u0111evi\u0107, so it is not known whether he spent this time working on the territory of Turkey, that is, outside of Serbia.<\/p><p>At the beginning of May 1887, he was issued a passport in Ni\u0161. This document reveals that Mihailo \u0110or\u0111evi\u0107, a photographer by profession, aged 36, traveled to Wallachia. He arrived in Negotin on May 13, 1887, crossed the border the next day at Radujevac, and then traveled through Romania. At the end of August 1887, it was located in the Dobruja region. He stayed here until the middle of 1888, changing places of residence. At the beginning of December 1888, he registered in Ni\u0161 at the Turkish Consulate, and on December 13, he moved to the territory of this country. \u0110or\u0111evi\u0107 worked for some time in Thessaloniki as a photographer, and then went to Yenidze-Vardar (today Janica), a place 56 km from Thessaloniki, where he worked until his sudden death. He died of complications caused by severe angina on January 26, 1891 in Yenidze-Vardar and was buried there.<\/p><p>In the collection of the Regional Museum in Jagodina, there are seven photographs with the name of the photographer Mihailo \u0110or\u0111evi\u0107. Separately, the seal with the name of \u0110or\u0111evi\u0107 is found on the reverse of only one photograph. It features a family from Jagodina. An older woman is sitting, and a younger woman and a boy are standing next to her. In the background is a neutral canvas, on the floor is a thin patchwork, on the right side it can be seen a part of a small table. The cardboard is cut, most likely homemade, with an elliptical stamp with the photographer&#8217;s name on the reverse &#8220;M. D. \u0110or\u0111evi\u0107 photographer of Jagodina&#8221;.<\/p><p>The next two photos have an interesting combination of photographer&#8217;s names. On the obverse side of the cardboard, a thin dark red line delineates a rectangular frame, inside which is a laminated photo. On the bottom line of the frame is printed the photographer&#8217;s name \u201cE. Klar&#8221;, on the left in Latin, on the right in Cyrillic. On the reverse side of these photos is the already described elliptical stamp with the name of Mihailo \u0110or\u0111evi\u0107. Both photos show the bust of a young man. On one of them, the figure is placed in an oval on a neutral background. This way of creating portraits is still found in Klar&#8217;s photographs.<\/p><p>The remaining four photos are laminated on cardboard with the name of the studio printed on the reverse &#8220;Photographic workshop by Em. Klarovi\u0107 and M. Georgijevi\u0107 in Jagodina&#8221;. On the first, a standing figure of a young man was photographed. It can be seen a neutral canvas in the background and on the floor there is the patchwork already present in the earlier photos. The second photo shows Katarina Risti\u0107&#8217;s bust, in an oval on a neutral background. This photograph at the bottom of the obverse has a dedication with the date June 10, but the last digit of the year is illegible, so all that remains is that the photograph was taken in the seventies of the 19th century. The exact year from the dedication in this photo would be useful for establishing a more precise date of work of the partnership studio of Klar and \u0110or\u0111evi\u0107.<\/p><p>The next two photos have a dedication with a date. These are the portraits of sisters Timi\u0107, Jelena and Hristina. One portrait has a dedication dated May 14, 1878, and the other dated October 16, 1878. On the reverse side of both photos with a printed label of the photography workshop Em. Klarovi\u0107 and M. Georgijevi\u0107, the name of Georgijevi\u0107 (\u0110or\u0111evi\u0107) is crossed out, which indicates that Klar used the existing stock of cardboard-substrates, but that he was no longer in partnership with \u0110or\u0111evi\u0107. There are also reverses of Klar&#8217;s photographs with the same artistic solution as those with the label of the partnership studio, but with the inscription &#8220;Photographic workshop by Em. Klarovi\u0107 in Jagodina&#8221;. This, among other things, leads to the conclusion that Klar continued to work independently.<\/p><p>In addition to photographs with the stamp of Mihailo \u0110or\u0111evi\u0107&#8217;s studio, a document dated January 26, 1891 with a list of things that were found in \u0110or\u0111evi\u0107&#8217;s photography shop in Yenid\u017ee-Vardar after his death is kept in the Regional Museum in Jagodina. This document is significant because it provides information on the inventory of a photographic shop from the 19th century.<\/p><p>For now, not a single recording that was made in \u0110or\u0111evi\u0107&#8217;s photography studio in Yenid\u017ee-Vardar is known.<\/p><p>You can find out more about this photographer in this paper: <a href=\"http:\/\/jagodina.museum\/wp-content\/uploads\/2023\/03\/jasmina-trajkov-koreni-X.pdf\" target=\"_blank\" rel=\"noopener\">J. Trajkov,\u00a0<i>Mihailo \u0110or\u0111evi\u0107 (1851-1891), photographer from Jagodina, aditions to the biography<\/i>, Koreni X, Jagodina 2016, 115\u2013122<\/a>.<\/p>\t\t\t\t\t\t\t\t<\/div>\n\t\t\t\t<\/div>\n\t\t\t\t\t<\/div>\n\t\t<\/div>\n\t\t\t\t\t<\/div>\n\t\t<\/section>\n\t\t\t\t\t<\/div>\n\t\t<\/div>\n\t\t\t\t\t<\/div>\n\t\t<\/section>\n\t\t\t\t<\/div>\n\t\t","protected":false},"excerpt":{"rendered":"<p>Virtual Gallery of the Regional Museum of Jagodina Author of the exhibition: Jasmina Trajkov Virtual exhibition According to current knowledge, the first photography studio in Jagodina is associated with the name of Franz Baubin, a photographer who came from Prague and who worked in our&hellip;<\/p>\n","protected":false},"author":3,"featured_media":20089,"parent":6377,"menu_order":0,"comment_status":"closed","ping_status":"closed","template":"","meta":{"footnotes":""},"class_list":["post-20147","page","type-page","status-publish","has-post-thumbnail","hentry"],"_links":{"self":[{"href":"https:\/\/jagodina.museum\/en\/wp-json\/wp\/v2\/pages\/20147","targetHints":{"allow":["GET"]}}],"collection":[{"href":"https:\/\/jagodina.museum\/en\/wp-json\/wp\/v2\/pages"}],"about":[{"href":"https:\/\/jagodina.museum\/en\/wp-json\/wp\/v2\/types\/page"}],"author":[{"embeddable":true,"href":"https:\/\/jagodina.museum\/en\/wp-json\/wp\/v2\/users\/3"}],"replies":[{"embeddable":true,"href":"https:\/\/jagodina.museum\/en\/wp-json\/wp\/v2\/comments?post=20147"}],"version-history":[{"count":0,"href":"https:\/\/jagodina.museum\/en\/wp-json\/wp\/v2\/pages\/20147\/revisions"}],"up":[{"embeddable":true,"href":"https:\/\/jagodina.museum\/en\/wp-json\/wp\/v2\/pages\/6377"}],"wp:featuredmedia":[{"embeddable":true,"href":"https:\/\/jagodina.museum\/en\/wp-json\/wp\/v2\/media\/20089"}],"wp:attachment":[{"href":"https:\/\/jagodina.museum\/en\/wp-json\/wp\/v2\/media?parent=20147"}],"curies":[{"name":"wp","href":"https:\/\/api.w.org\/{rel}","templated":true}]}}