{"id":21465,"date":"2023-06-26T14:46:19","date_gmt":"2023-06-26T12:46:19","guid":{"rendered":"http:\/\/jagodina.museum\/exhibitions\/jagodinski-fotografi-nikola-tatic\/"},"modified":"2024-03-14T11:36:42","modified_gmt":"2024-03-14T10:36:42","slug":"jagodinski-fotografi-nikola-tatic","status":"publish","type":"page","link":"https:\/\/jagodina.museum\/en\/exhibitions\/jagodinski-fotografi-nikola-tatic\/","title":{"rendered":"PHOTOGRAPHERS FROM JAGODINA: Nikola Tati\u0107 (1962\u20132019)"},"content":{"rendered":"\t\t<div data-elementor-type=\"wp-page\" data-elementor-id=\"21465\" class=\"elementor elementor-21465 elementor-21457\" data-elementor-post-type=\"page\">\n\t\t\t\t\t\t<section class=\"elementor-section elementor-top-section elementor-element elementor-element-3c73c04 elementor-section-boxed elementor-section-height-default elementor-section-height-default sc_fly_static\" data-id=\"3c73c04\" data-element_type=\"section\" data-e-type=\"section\">\n\t\t\t\t\t\t<div class=\"elementor-container elementor-column-gap-extended\">\n\t\t\t\t\t<div class=\"elementor-column elementor-col-100 elementor-top-column elementor-element elementor-element-4919980 sc_content_align_inherit sc_layouts_column_icons_position_left sc_fly_static\" data-id=\"4919980\" data-element_type=\"column\" data-e-type=\"column\">\n\t\t\t<div class=\"elementor-widget-wrap elementor-element-populated\">\n\t\t\t\t\t\t<section class=\"elementor-section elementor-inner-section elementor-element elementor-element-b98ee59 elementor-section-boxed elementor-section-height-default elementor-section-height-default sc_fly_static\" data-id=\"b98ee59\" data-element_type=\"section\" data-e-type=\"section\">\n\t\t\t\t\t\t<div class=\"elementor-container elementor-column-gap-extended\">\n\t\t\t\t\t<div class=\"elementor-column elementor-col-50 elementor-inner-column elementor-element elementor-element-7997511 sc_bg_mask_4 sc_content_align_inherit sc_layouts_column_icons_position_left sc_fly_static\" data-id=\"7997511\" data-element_type=\"column\" data-e-type=\"column\" data-settings=\"{&quot;background_background&quot;:&quot;classic&quot;}\">\n\t\t\t<div class=\"elementor-widget-wrap elementor-element-populated\">\n\t\t\t\t\t\t<div class=\"elementor-element elementor-element-370f3cd sc_fly_static elementor-widget elementor-widget-heading\" data-id=\"370f3cd\" data-element_type=\"widget\" data-e-type=\"widget\" data-widget_type=\"heading.default\">\n\t\t\t\t<div class=\"elementor-widget-container\">\n\t\t\t\t\t<h3 class=\"elementor-heading-title elementor-size-default\">Virtual Gallery of the Regional Museum of Jagodina<\/h3>\t\t\t\t<\/div>\n\t\t\t\t<\/div>\n\t\t\t\t<div class=\"elementor-element elementor-element-d68fbf5 sc_height_tiny sc_fly_static elementor-widget elementor-widget-spacer\" data-id=\"d68fbf5\" data-element_type=\"widget\" data-e-type=\"widget\" data-widget_type=\"spacer.default\">\n\t\t\t\t<div class=\"elementor-widget-container\">\n\t\t\t\t\t\t\t<div class=\"elementor-spacer\">\n\t\t\t<div class=\"elementor-spacer-inner\"><\/div>\n\t\t<\/div>\n\t\t\t\t\t\t<\/div>\n\t\t\t\t<\/div>\n\t\t\t\t<div class=\"elementor-element elementor-element-387d90b sc_fly_static elementor-widget elementor-widget-text-editor\" data-id=\"387d90b\" data-element_type=\"widget\" data-e-type=\"widget\" data-widget_type=\"text-editor.default\">\n\t\t\t\t<div class=\"elementor-widget-container\">\n\t\t\t\t\t\t\t\t\t<p>Author of the exhibition: <a href=\"https:\/\/jagodina.museum\/en\/team\/jasmina-trajkov\/\" target=\"_blank\" rel=\"noopener\">Jasmina Trajkov<\/a><\/p>\t\t\t\t\t\t\t\t<\/div>\n\t\t\t\t<\/div>\n\t\t\t\t<div class=\"elementor-element elementor-element-53cfecd elementor-widget-divider--view-line sc_fly_static elementor-widget elementor-widget-divider\" data-id=\"53cfecd\" data-element_type=\"widget\" data-e-type=\"widget\" data-widget_type=\"divider.default\">\n\t\t\t\t<div class=\"elementor-widget-container\">\n\t\t\t\t\t\t\t<div class=\"elementor-divider\">\n\t\t\t<span class=\"elementor-divider-separator\">\n\t\t\t\t\t\t<\/span>\n\t\t<\/div>\n\t\t\t\t\t\t<\/div>\n\t\t\t\t<\/div>\n\t\t\t\t<div class=\"elementor-element elementor-element-1c05ba6 sc_fly_static elementor-widget elementor-widget-image\" data-id=\"1c05ba6\" data-element_type=\"widget\" data-e-type=\"widget\" data-widget_type=\"image.default\">\n\t\t\t\t<div class=\"elementor-widget-container\">\n\t\t\t\t\t\t\t\t\t\t\t\t\t\t\t<img fetchpriority=\"high\" decoding=\"async\" width=\"787\" height=\"1024\" src=\"https:\/\/jagodina.museum\/wp-content\/uploads\/2023\/06\/nikola-tatic-787x1024.jpg\" class=\"attachment-large size-large wp-image-21460\" alt=\"\" srcset=\"https:\/\/jagodina.museum\/wp-content\/uploads\/2023\/06\/nikola-tatic-787x1024.jpg 787w, https:\/\/jagodina.museum\/wp-content\/uploads\/2023\/06\/nikola-tatic-231x300.jpg 231w, https:\/\/jagodina.museum\/wp-content\/uploads\/2023\/06\/nikola-tatic-768x1000.jpg 768w, https:\/\/jagodina.museum\/wp-content\/uploads\/2023\/06\/nikola-tatic-370x482.jpg 370w, https:\/\/jagodina.museum\/wp-content\/uploads\/2023\/06\/nikola-tatic-770x1002.jpg 770w, https:\/\/jagodina.museum\/wp-content\/uploads\/2023\/06\/nikola-tatic.jpg 922w\" sizes=\"(max-width: 787px) 100vw, 787px\" \/>\t\t\t\t\t\t\t\t\t\t\t\t\t\t\t<\/div>\n\t\t\t\t<\/div>\n\t\t\t\t<div class=\"elementor-element elementor-element-d46e97b elementor-widget-divider--view-line sc_fly_static elementor-widget elementor-widget-divider\" data-id=\"d46e97b\" data-element_type=\"widget\" data-e-type=\"widget\" data-widget_type=\"divider.default\">\n\t\t\t\t<div class=\"elementor-widget-container\">\n\t\t\t\t\t\t\t<div class=\"elementor-divider\">\n\t\t\t<span class=\"elementor-divider-separator\">\n\t\t\t\t\t\t<\/span>\n\t\t<\/div>\n\t\t\t\t\t\t<\/div>\n\t\t\t\t<\/div>\n\t\t\t\t<div class=\"elementor-element elementor-element-a9b67fd sc_fly_static elementor-widget elementor-widget-heading\" data-id=\"a9b67fd\" data-element_type=\"widget\" data-e-type=\"widget\" data-widget_type=\"heading.default\">\n\t\t\t\t<div class=\"elementor-widget-container\">\n\t\t\t\t\t<h3 class=\"elementor-heading-title elementor-size-default\">Biography<\/h3>\t\t\t\t<\/div>\n\t\t\t\t<\/div>\n\t\t\t\t<div class=\"elementor-element elementor-element-33c9eb7 sc_height_tiny sc_fly_static elementor-widget elementor-widget-spacer\" data-id=\"33c9eb7\" data-element_type=\"widget\" data-e-type=\"widget\" data-widget_type=\"spacer.default\">\n\t\t\t\t<div class=\"elementor-widget-container\">\n\t\t\t\t\t\t\t<div class=\"elementor-spacer\">\n\t\t\t<div class=\"elementor-spacer-inner\"><\/div>\n\t\t<\/div>\n\t\t\t\t\t\t<\/div>\n\t\t\t\t<\/div>\n\t\t\t\t<div class=\"elementor-element elementor-element-9e688f7 sc_fly_static elementor-widget elementor-widget-text-editor\" data-id=\"9e688f7\" data-element_type=\"widget\" data-e-type=\"widget\" data-widget_type=\"text-editor.default\">\n\t\t\t\t<div class=\"elementor-widget-container\">\n\t\t\t\t\t\t\t\t\t<p>Nikola Tati\u0107 was born in Jagodina in 1962. After finishing high school, he studied architecture in Belgrade, and after completing his studies he worked as an architect. He was attracted to art from a young age, so he created in different media all his life. He started taking photography as a high school student in 1979. He exhibited at five independent and about 150 joint exhibitions. In 1986, he started painting in oil on canvas, and in 1997 he became interested in digital art. At the end of the last decade of the 20th century, he also started making sculptures in wood. His father, who was also an architect, got him interested in art. According to Tati\u0107 himself, he was twelve years old when he first saw the works of the famous painters Giorgio de Chirico and Salvador Dali. The works of these artists and the art and aesthetics of surrealism in general had a great influence on his creativity. Nikola Tati\u0107 died in Belgrade in 2019.<\/p>\t\t\t\t\t\t\t\t<\/div>\n\t\t\t\t<\/div>\n\t\t\t\t\t<\/div>\n\t\t<\/div>\n\t\t\t\t<div class=\"elementor-column elementor-col-50 elementor-inner-column elementor-element elementor-element-7b0e4b7 sc_content_align_inherit sc_layouts_column_icons_position_left sc_fly_static\" data-id=\"7b0e4b7\" data-element_type=\"column\" data-e-type=\"column\">\n\t\t\t<div class=\"elementor-widget-wrap elementor-element-populated\">\n\t\t\t\t\t\t<div class=\"elementor-element elementor-element-5e0f8ba sc_height_tiny sc_fly_static elementor-widget elementor-widget-spacer\" data-id=\"5e0f8ba\" data-element_type=\"widget\" data-e-type=\"widget\" data-widget_type=\"spacer.default\">\n\t\t\t\t<div class=\"elementor-widget-container\">\n\t\t\t\t\t\t\t<div class=\"elementor-spacer\">\n\t\t\t<div class=\"elementor-spacer-inner\"><\/div>\n\t\t<\/div>\n\t\t\t\t\t\t<\/div>\n\t\t\t\t<\/div>\n\t\t\t\t<div class=\"elementor-element elementor-element-a45f93d elementor-drop-cap-yes elementor-drop-cap-view-default sc_fly_static elementor-widget elementor-widget-text-editor\" data-id=\"a45f93d\" data-element_type=\"widget\" data-e-type=\"widget\" data-settings=\"{&quot;drop_cap&quot;:&quot;yes&quot;}\" data-widget_type=\"text-editor.default\">\n\t\t\t\t<div class=\"elementor-widget-container\">\n\t\t\t\t\t\t\t\t\t<p>Nikola Tati\u0107 started photography at the age of seventeen. He was a member of the Photo Cinema Club &#8220;Vuk Karad\u017ei\u0107&#8221; in Svetozarevo (today Jagodina) since the foundation of this association in 1980. He organized his first solo photo exhibition in mid-May 1980 in the gymnasium hall. He exhibited about fifty works in which he presented the architecture of the city seen from his point of view. With the absence of a human figure in the photographs, he emphasized the alienation of man in modern society. In recent years, he also received awards for his work. In 1981 at the event &#8220;Days of Yugoslav Photography&#8221;, which is held in \u010ca\u010dak and is considered one of the most important photo exhibitions, two of Tati\u0107&#8217;s photos were included in the federal photo selection. He was the winner of the first prize for a slide at the exhibition of the Photo Cinema Club from Dubrovnik, as well as the first prize for the photograph entitled &#8220;The Hand&#8221;, exhibited at the Tenth Yugoslav Exhibition of Youth Photography held in Kumanovo in 1984. In Belgrade, where he studied architecture, he became a member of the Photo Cinema Club &#8220;Steve Naumov&#8221; from Belgrade.<\/p><p>In the Art Photography Collection of the Regional Museum of Jagodina, there are nine photographs by Tati\u0107 that show the influence of Surrealism, which he met as a boy through the works of painters Giorgio de Chirico and Salvador Dali. He was particularly impressed by De Chirico&#8217;s paintings &#8220;Love Song&#8221; and &#8221; The Mystery and Melancholy of a Street &#8220;, as well as Dali&#8217;s &#8220;Premonitions of the Civil War&#8221; in which he saw, as he himself said, &#8220;mysterious, enigmatic worlds&#8221;. Inspired by Surrealism and these artists, he created &#8221; enigmatic, mysterious, silent places&#8221; in his works, and he especially used De Chirico&#8217;s perspective, strong light and dark shadows in his photographs of city architecture. Tati\u0107 wrote the following words about his work: &#8220;Using many techniques, I am always painting the same idea, the same world, different from our own: silent, distant and lonely&#8230; The world that seems to wait for somebody. That somebody might be you? Who knows?&#8221;<\/p><p>In Nikola Tati\u0107&#8217;s photographs, apart from the influence of the art of surrealism, one can also see his fascination with the great names of photography such as Edward Steichen and Alfred Stieglitz.<\/p>\t\t\t\t\t\t\t\t<\/div>\n\t\t\t\t<\/div>\n\t\t\t\t<div class=\"elementor-element elementor-element-b3b0f80 sc_height_tiny sc_fly_static elementor-widget elementor-widget-spacer\" data-id=\"b3b0f80\" data-element_type=\"widget\" data-e-type=\"widget\" data-widget_type=\"spacer.default\">\n\t\t\t\t<div class=\"elementor-widget-container\">\n\t\t\t\t\t\t\t<div class=\"elementor-spacer\">\n\t\t\t<div class=\"elementor-spacer-inner\"><\/div>\n\t\t<\/div>\n\t\t\t\t\t\t<\/div>\n\t\t\t\t<\/div>\n\t\t\t\t\t<\/div>\n\t\t<\/div>\n\t\t\t\t\t<\/div>\n\t\t<\/section>\n\t\t\t\t<div class=\"elementor-element elementor-element-700702b sc_height_small sc_fly_static elementor-widget elementor-widget-spacer\" data-id=\"700702b\" data-element_type=\"widget\" data-e-type=\"widget\" data-widget_type=\"spacer.default\">\n\t\t\t\t<div class=\"elementor-widget-container\">\n\t\t\t\t\t\t\t<div class=\"elementor-spacer\">\n\t\t\t<div class=\"elementor-spacer-inner\"><\/div>\n\t\t<\/div>\n\t\t\t\t\t\t<\/div>\n\t\t\t\t<\/div>\n\t\t\t\t<div class=\"elementor-element elementor-element-6b93de7 sc_fly_static elementor-widget elementor-widget-heading\" data-id=\"6b93de7\" data-element_type=\"widget\" data-e-type=\"widget\" data-widget_type=\"heading.default\">\n\t\t\t\t<div class=\"elementor-widget-container\">\n\t\t\t\t\t<h3 class=\"elementor-heading-title elementor-size-default\">Virtual exhibition<\/h3>\t\t\t\t<\/div>\n\t\t\t\t<\/div>\n\t\t\t\t<div class=\"elementor-element elementor-element-2e1742a elementor-grid-2 elementor-grid-tablet-2 elementor-grid-mobile-1 sc_fly_static elementor-widget elementor-widget-portfolio\" data-id=\"2e1742a\" data-element_type=\"widget\" data-e-type=\"widget\" data-settings=\"{&quot;columns&quot;:&quot;2&quot;,&quot;masonry&quot;:&quot;yes&quot;,&quot;row_gap&quot;:{&quot;unit&quot;:&quot;px&quot;,&quot;size&quot;:&quot;15&quot;,&quot;sizes&quot;:[]},&quot;columns_tablet&quot;:&quot;2&quot;,&quot;columns_mobile&quot;:&quot;1&quot;,&quot;item_gap&quot;:{&quot;unit&quot;:&quot;px&quot;,&quot;size&quot;:&quot;&quot;,&quot;sizes&quot;:[]}}\" data-widget_type=\"portfolio.default\">\n\t\t\t\t<div class=\"elementor-widget-container\">\n\t\t\t\t\t\t\t<div class=\"elementor-portfolio elementor-grid elementor-posts-container\" role=\"list\">\n\t\t\t\t<article class=\"elementor-portfolio-item elementor-post  post-21453 cpt_portfolio type-cpt_portfolio status-publish has-post-thumbnail hentry cpt_portfolio_group-art-department cpt_portfolio_group-art-photography cpt_portfolio_group-collections cpt_portfolio_group-nikola-tatic-photographer\" role=\"listitem\">\n\t\t\t<a class=\"elementor-post__thumbnail__link\" href=\"https:\/\/jagodina.museum\/en\/portfolio\/popodnevni-pejzaz-3\/\">\n\t\t\t\t<div class=\"elementor-portfolio-item__img elementor-post__thumbnail\">\n\t\t\t<img decoding=\"async\" width=\"832\" height=\"1200\" src=\"https:\/\/jagodina.museum\/wp-content\/uploads\/2023\/06\/15_13_3.jpg\" class=\"attachment-full size-full wp-image-21413\" alt=\"\" srcset=\"https:\/\/jagodina.museum\/wp-content\/uploads\/2023\/06\/15_13_3.jpg 832w, https:\/\/jagodina.museum\/wp-content\/uploads\/2023\/06\/15_13_3-208x300.jpg 208w, https:\/\/jagodina.museum\/wp-content\/uploads\/2023\/06\/15_13_3-710x1024.jpg 710w, https:\/\/jagodina.museum\/wp-content\/uploads\/2023\/06\/15_13_3-768x1108.jpg 768w, https:\/\/jagodina.museum\/wp-content\/uploads\/2023\/06\/15_13_3-370x534.jpg 370w, https:\/\/jagodina.museum\/wp-content\/uploads\/2023\/06\/15_13_3-770x1111.jpg 770w\" sizes=\"(max-width: 832px) 100vw, 832px\" \/>\t\t<\/div>\n\t\t\t\t<div class=\"elementor-portfolio-item__overlay\">\n\t\t\t\t<h3 class=\"elementor-portfolio-item__title\">\n\t\tLandscape in the afternoon 3\t\t<\/h3>\n\t\t\t\t<\/div>\n\t\t\t\t<\/a>\n\t\t<\/article>\n\t\t\t\t<article class=\"elementor-portfolio-item elementor-post  post-21447 cpt_portfolio type-cpt_portfolio status-publish has-post-thumbnail hentry cpt_portfolio_group-art-department cpt_portfolio_group-art-photography cpt_portfolio_group-collections cpt_portfolio_group-nikola-tatic-photographer\" role=\"listitem\">\n\t\t\t<a class=\"elementor-post__thumbnail__link\" href=\"https:\/\/jagodina.museum\/en\/portfolio\/popodnevni-pejzaz-2\/\">\n\t\t\t\t<div class=\"elementor-portfolio-item__img elementor-post__thumbnail\">\n\t\t\t<img decoding=\"async\" width=\"799\" height=\"1200\" src=\"https:\/\/jagodina.museum\/wp-content\/uploads\/2023\/06\/15_13_2.jpg\" class=\"attachment-full size-full wp-image-21411\" alt=\"\" srcset=\"https:\/\/jagodina.museum\/wp-content\/uploads\/2023\/06\/15_13_2.jpg 799w, https:\/\/jagodina.museum\/wp-content\/uploads\/2023\/06\/15_13_2-200x300.jpg 200w, https:\/\/jagodina.museum\/wp-content\/uploads\/2023\/06\/15_13_2-682x1024.jpg 682w, https:\/\/jagodina.museum\/wp-content\/uploads\/2023\/06\/15_13_2-768x1153.jpg 768w, https:\/\/jagodina.museum\/wp-content\/uploads\/2023\/06\/15_13_2-370x556.jpg 370w, https:\/\/jagodina.museum\/wp-content\/uploads\/2023\/06\/15_13_2-770x1156.jpg 770w\" sizes=\"(max-width: 799px) 100vw, 799px\" \/>\t\t<\/div>\n\t\t\t\t<div class=\"elementor-portfolio-item__overlay\">\n\t\t\t\t<h3 class=\"elementor-portfolio-item__title\">\n\t\tLandscape in the afternoon 2\t\t<\/h3>\n\t\t\t\t<\/div>\n\t\t\t\t<\/a>\n\t\t<\/article>\n\t\t\t\t<article class=\"elementor-portfolio-item elementor-post  post-21441 cpt_portfolio type-cpt_portfolio status-publish has-post-thumbnail hentry cpt_portfolio_group-art-department cpt_portfolio_group-art-photography cpt_portfolio_group-collections cpt_portfolio_group-nikola-tatic-photographer\" role=\"listitem\">\n\t\t\t<a class=\"elementor-post__thumbnail__link\" href=\"https:\/\/jagodina.museum\/en\/portfolio\/popodnevni-pejzaz-1\/\">\n\t\t\t\t<div class=\"elementor-portfolio-item__img elementor-post__thumbnail\">\n\t\t\t<img loading=\"lazy\" decoding=\"async\" width=\"800\" height=\"1200\" src=\"https:\/\/jagodina.museum\/wp-content\/uploads\/2023\/06\/15_13_1.jpg\" class=\"attachment-full size-full wp-image-21409\" alt=\"\" srcset=\"https:\/\/jagodina.museum\/wp-content\/uploads\/2023\/06\/15_13_1.jpg 800w, https:\/\/jagodina.museum\/wp-content\/uploads\/2023\/06\/15_13_1-200x300.jpg 200w, https:\/\/jagodina.museum\/wp-content\/uploads\/2023\/06\/15_13_1-683x1024.jpg 683w, https:\/\/jagodina.museum\/wp-content\/uploads\/2023\/06\/15_13_1-768x1152.jpg 768w, https:\/\/jagodina.museum\/wp-content\/uploads\/2023\/06\/15_13_1-370x555.jpg 370w, https:\/\/jagodina.museum\/wp-content\/uploads\/2023\/06\/15_13_1-770x1155.jpg 770w\" sizes=\"(max-width: 800px) 100vw, 800px\" \/>\t\t<\/div>\n\t\t\t\t<div class=\"elementor-portfolio-item__overlay\">\n\t\t\t\t<h3 class=\"elementor-portfolio-item__title\">\n\t\tLandscape in the afternoon 1\t\t<\/h3>\n\t\t\t\t<\/div>\n\t\t\t\t<\/a>\n\t\t<\/article>\n\t\t\t\t<article class=\"elementor-portfolio-item elementor-post  post-21435 cpt_portfolio type-cpt_portfolio status-publish has-post-thumbnail hentry cpt_portfolio_group-art-department cpt_portfolio_group-art-photography cpt_portfolio_group-collections cpt_portfolio_group-nikola-tatic-photographer\" role=\"listitem\">\n\t\t\t<a class=\"elementor-post__thumbnail__link\" href=\"https:\/\/jagodina.museum\/en\/portfolio\/alter-ego\/\">\n\t\t\t\t<div class=\"elementor-portfolio-item__img elementor-post__thumbnail\">\n\t\t\t<img loading=\"lazy\" decoding=\"async\" width=\"923\" height=\"1200\" src=\"https:\/\/jagodina.museum\/wp-content\/uploads\/2023\/06\/12.jpg\" class=\"attachment-full size-full wp-image-21407\" alt=\"\" srcset=\"https:\/\/jagodina.museum\/wp-content\/uploads\/2023\/06\/12.jpg 923w, https:\/\/jagodina.museum\/wp-content\/uploads\/2023\/06\/12-231x300.jpg 231w, https:\/\/jagodina.museum\/wp-content\/uploads\/2023\/06\/12-788x1024.jpg 788w, https:\/\/jagodina.museum\/wp-content\/uploads\/2023\/06\/12-768x998.jpg 768w, https:\/\/jagodina.museum\/wp-content\/uploads\/2023\/06\/12-370x481.jpg 370w, https:\/\/jagodina.museum\/wp-content\/uploads\/2023\/06\/12-770x1001.jpg 770w\" sizes=\"(max-width: 923px) 100vw, 923px\" \/>\t\t<\/div>\n\t\t\t\t<div class=\"elementor-portfolio-item__overlay\">\n\t\t\t\t<h3 class=\"elementor-portfolio-item__title\">\n\t\tAlter ego\t\t<\/h3>\n\t\t\t\t<\/div>\n\t\t\t\t<\/a>\n\t\t<\/article>\n\t\t\t\t<article class=\"elementor-portfolio-item elementor-post  post-21429 cpt_portfolio type-cpt_portfolio status-publish has-post-thumbnail hentry cpt_portfolio_group-art-department cpt_portfolio_group-art-photography cpt_portfolio_group-collections cpt_portfolio_group-nikola-tatic-photographer\" role=\"listitem\">\n\t\t\t<a class=\"elementor-post__thumbnail__link\" href=\"https:\/\/jagodina.museum\/en\/portfolio\/ruka-1\/\">\n\t\t\t\t<div class=\"elementor-portfolio-item__img elementor-post__thumbnail\">\n\t\t\t<img loading=\"lazy\" decoding=\"async\" width=\"880\" height=\"1200\" src=\"https:\/\/jagodina.museum\/wp-content\/uploads\/2023\/06\/11.jpg\" class=\"attachment-full size-full wp-image-21405\" alt=\"\" srcset=\"https:\/\/jagodina.museum\/wp-content\/uploads\/2023\/06\/11.jpg 880w, https:\/\/jagodina.museum\/wp-content\/uploads\/2023\/06\/11-220x300.jpg 220w, https:\/\/jagodina.museum\/wp-content\/uploads\/2023\/06\/11-751x1024.jpg 751w, https:\/\/jagodina.museum\/wp-content\/uploads\/2023\/06\/11-768x1047.jpg 768w, https:\/\/jagodina.museum\/wp-content\/uploads\/2023\/06\/11-370x505.jpg 370w, https:\/\/jagodina.museum\/wp-content\/uploads\/2023\/06\/11-770x1050.jpg 770w\" sizes=\"(max-width: 880px) 100vw, 880px\" \/>\t\t<\/div>\n\t\t\t\t<div class=\"elementor-portfolio-item__overlay\">\n\t\t\t\t<h3 class=\"elementor-portfolio-item__title\">\n\t\tThe Hand 1\t\t<\/h3>\n\t\t\t\t<\/div>\n\t\t\t\t<\/a>\n\t\t<\/article>\n\t\t\t\t<article class=\"elementor-portfolio-item elementor-post  post-21423 cpt_portfolio type-cpt_portfolio status-publish has-post-thumbnail hentry cpt_portfolio_group-art-department cpt_portfolio_group-art-photography cpt_portfolio_group-collections cpt_portfolio_group-nikola-tatic-photographer\" role=\"listitem\">\n\t\t\t<a class=\"elementor-post__thumbnail__link\" href=\"https:\/\/jagodina.museum\/en\/portfolio\/bez-naziva\/\">\n\t\t\t\t<div class=\"elementor-portfolio-item__img elementor-post__thumbnail\">\n\t\t\t<img loading=\"lazy\" decoding=\"async\" width=\"1200\" height=\"801\" src=\"https:\/\/jagodina.museum\/wp-content\/uploads\/2023\/06\/10-1.jpg\" class=\"attachment-full size-full wp-image-21403\" alt=\"\" srcset=\"https:\/\/jagodina.museum\/wp-content\/uploads\/2023\/06\/10-1.jpg 1200w, https:\/\/jagodina.museum\/wp-content\/uploads\/2023\/06\/10-1-300x200.jpg 300w, https:\/\/jagodina.museum\/wp-content\/uploads\/2023\/06\/10-1-1024x684.jpg 1024w, https:\/\/jagodina.museum\/wp-content\/uploads\/2023\/06\/10-1-768x513.jpg 768w, https:\/\/jagodina.museum\/wp-content\/uploads\/2023\/06\/10-1-370x247.jpg 370w, https:\/\/jagodina.museum\/wp-content\/uploads\/2023\/06\/10-1-770x514.jpg 770w\" sizes=\"(max-width: 1200px) 100vw, 1200px\" \/>\t\t<\/div>\n\t\t\t\t<div class=\"elementor-portfolio-item__overlay\">\n\t\t\t\t<h3 class=\"elementor-portfolio-item__title\">\n\t\tUnnamed\t\t<\/h3>\n\t\t\t\t<\/div>\n\t\t\t\t<\/a>\n\t\t<\/article>\n\t\t\t\t<article class=\"elementor-portfolio-item elementor-post  post-21416 cpt_portfolio type-cpt_portfolio status-publish has-post-thumbnail hentry cpt_portfolio_group-art-department cpt_portfolio_group-art-photography cpt_portfolio_group-collections cpt_portfolio_group-nikola-tatic-photographer\" role=\"listitem\">\n\t\t\t<a class=\"elementor-post__thumbnail__link\" href=\"https:\/\/jagodina.museum\/en\/portfolio\/natasa-ii\/\">\n\t\t\t\t<div class=\"elementor-portfolio-item__img elementor-post__thumbnail\">\n\t\t\t<img loading=\"lazy\" decoding=\"async\" width=\"1200\" height=\"858\" src=\"https:\/\/jagodina.museum\/wp-content\/uploads\/2023\/06\/7-1.jpg\" class=\"attachment-full size-full wp-image-21401\" alt=\"\" srcset=\"https:\/\/jagodina.museum\/wp-content\/uploads\/2023\/06\/7-1.jpg 1200w, https:\/\/jagodina.museum\/wp-content\/uploads\/2023\/06\/7-1-300x215.jpg 300w, https:\/\/jagodina.museum\/wp-content\/uploads\/2023\/06\/7-1-1024x732.jpg 1024w, https:\/\/jagodina.museum\/wp-content\/uploads\/2023\/06\/7-1-768x549.jpg 768w, https:\/\/jagodina.museum\/wp-content\/uploads\/2023\/06\/7-1-370x265.jpg 370w, https:\/\/jagodina.museum\/wp-content\/uploads\/2023\/06\/7-1-770x551.jpg 770w\" sizes=\"(max-width: 1200px) 100vw, 1200px\" \/>\t\t<\/div>\n\t\t\t\t<div class=\"elementor-portfolio-item__overlay\">\n\t\t\t\t<h3 class=\"elementor-portfolio-item__title\">\n\t\tNata\u0161a II\t\t<\/h3>\n\t\t\t\t<\/div>\n\t\t\t\t<\/a>\n\t\t<\/article>\n\t\t\t\t<article class=\"elementor-portfolio-item elementor-post  post-5593 cpt_portfolio type-cpt_portfolio status-publish has-post-thumbnail hentry cpt_portfolio_group-art-department cpt_portfolio_group-art-photography cpt_portfolio_group-collections cpt_portfolio_group-nikola-tatic-photographer\" role=\"listitem\">\n\t\t\t<a class=\"elementor-post__thumbnail__link\" href=\"https:\/\/jagodina.museum\/en\/portfolio\/pergola-at-the-palace-hotel\/\">\n\t\t\t\t<div class=\"elementor-portfolio-item__img elementor-post__thumbnail\">\n\t\t\t<img loading=\"lazy\" decoding=\"async\" width=\"838\" height=\"1280\" src=\"https:\/\/jagodina.museum\/wp-content\/uploads\/2021\/03\/nikola_tatic_pergola_palas-hd.jpg\" class=\"attachment-full size-full wp-image-5510\" alt=\"\" srcset=\"https:\/\/jagodina.museum\/wp-content\/uploads\/2021\/03\/nikola_tatic_pergola_palas-hd.jpg 838w, https:\/\/jagodina.museum\/wp-content\/uploads\/2021\/03\/nikola_tatic_pergola_palas-hd-196x300.jpg 196w, https:\/\/jagodina.museum\/wp-content\/uploads\/2021\/03\/nikola_tatic_pergola_palas-hd-670x1024.jpg 670w, https:\/\/jagodina.museum\/wp-content\/uploads\/2021\/03\/nikola_tatic_pergola_palas-hd-768x1173.jpg 768w, https:\/\/jagodina.museum\/wp-content\/uploads\/2021\/03\/nikola_tatic_pergola_palas-hd-370x565.jpg 370w, https:\/\/jagodina.museum\/wp-content\/uploads\/2021\/03\/nikola_tatic_pergola_palas-hd-770x1176.jpg 770w\" sizes=\"(max-width: 838px) 100vw, 838px\" \/>\t\t<\/div>\n\t\t\t\t<div class=\"elementor-portfolio-item__overlay\">\n\t\t\t\t<h3 class=\"elementor-portfolio-item__title\">\n\t\tPergola at the Palace Hotel\t\t<\/h3>\n\t\t\t\t<\/div>\n\t\t\t\t<\/a>\n\t\t<\/article>\n\t\t\t\t<\/div>\n\t\t\t\t\t\t<\/div>\n\t\t\t\t<\/div>\n\t\t\t\t\t<\/div>\n\t\t<\/div>\n\t\t\t\t\t<\/div>\n\t\t<\/section>\n\t\t\t\t<\/div>\n\t\t","protected":false},"excerpt":{"rendered":"<p>Virtual Gallery of the Regional Museum of Jagodina Author of the exhibition: Jasmina Trajkov Biography Nikola Tati\u0107 was born in Jagodina in 1962. After finishing high school, he studied architecture in Belgrade, and after completing his studies he worked as an architect. He was attracted&hellip;<\/p>\n","protected":false},"author":3,"featured_media":21460,"parent":6377,"menu_order":0,"comment_status":"closed","ping_status":"closed","template":"","meta":{"footnotes":""},"class_list":["post-21465","page","type-page","status-publish","has-post-thumbnail","hentry"],"_links":{"self":[{"href":"https:\/\/jagodina.museum\/en\/wp-json\/wp\/v2\/pages\/21465","targetHints":{"allow":["GET"]}}],"collection":[{"href":"https:\/\/jagodina.museum\/en\/wp-json\/wp\/v2\/pages"}],"about":[{"href":"https:\/\/jagodina.museum\/en\/wp-json\/wp\/v2\/types\/page"}],"author":[{"embeddable":true,"href":"https:\/\/jagodina.museum\/en\/wp-json\/wp\/v2\/users\/3"}],"replies":[{"embeddable":true,"href":"https:\/\/jagodina.museum\/en\/wp-json\/wp\/v2\/comments?post=21465"}],"version-history":[{"count":0,"href":"https:\/\/jagodina.museum\/en\/wp-json\/wp\/v2\/pages\/21465\/revisions"}],"up":[{"embeddable":true,"href":"https:\/\/jagodina.museum\/en\/wp-json\/wp\/v2\/pages\/6377"}],"wp:featuredmedia":[{"embeddable":true,"href":"https:\/\/jagodina.museum\/en\/wp-json\/wp\/v2\/media\/21460"}],"wp:attachment":[{"href":"https:\/\/jagodina.museum\/en\/wp-json\/wp\/v2\/media?parent=21465"}],"curies":[{"name":"wp","href":"https:\/\/api.w.org\/{rel}","templated":true}]}}