{"id":22443,"date":"2023-12-07T09:57:44","date_gmt":"2023-12-07T08:57:44","guid":{"rendered":"http:\/\/jagodina.museum\/exhibitions\/jagodinski-fotografi-brajkovic\/"},"modified":"2024-03-14T12:02:38","modified_gmt":"2024-03-14T11:02:38","slug":"jagodinski-fotografi-brajkovic","status":"publish","type":"page","link":"https:\/\/jagodina.museum\/en\/exhibitions\/jagodinski-fotografi-brajkovic\/","title":{"rendered":"PHOTOGRAPHERS FROM JAGODINA: Milosav Brajkovi\u0107 (1959)"},"content":{"rendered":"\t\t<div data-elementor-type=\"wp-page\" data-elementor-id=\"22443\" class=\"elementor elementor-22443 elementor-22432\" data-elementor-post-type=\"page\">\n\t\t\t\t\t\t<section class=\"elementor-section elementor-top-section elementor-element elementor-element-3c73c04 elementor-section-boxed elementor-section-height-default elementor-section-height-default\" data-id=\"3c73c04\" data-element_type=\"section\" data-e-type=\"section\">\n\t\t\t\t\t\t<div class=\"elementor-container elementor-column-gap-extended\">\n\t\t\t\t\t<div class=\"elementor-column elementor-col-100 elementor-top-column elementor-element elementor-element-4919980 sc_inner_width_none sc_content_align_inherit sc_layouts_column_icons_position_left\" data-id=\"4919980\" data-element_type=\"column\" data-e-type=\"column\">\n\t\t\t<div class=\"elementor-widget-wrap elementor-element-populated\">\n\t\t\t\t\t\t<section class=\"elementor-section elementor-inner-section elementor-element elementor-element-b98ee59 elementor-section-boxed elementor-section-height-default elementor-section-height-default\" data-id=\"b98ee59\" data-element_type=\"section\" data-e-type=\"section\">\n\t\t\t\t\t\t<div class=\"elementor-container elementor-column-gap-extended\">\n\t\t\t\t\t<div class=\"elementor-column elementor-col-50 elementor-inner-column elementor-element elementor-element-7997511 sc_bg_mask_4 sc_inner_width_none sc_content_align_inherit sc_layouts_column_icons_position_left\" data-id=\"7997511\" data-element_type=\"column\" data-e-type=\"column\" data-settings=\"{&quot;background_background&quot;:&quot;classic&quot;}\">\n\t\t\t<div class=\"elementor-widget-wrap elementor-element-populated\">\n\t\t\t\t\t\t<div class=\"elementor-element elementor-element-370f3cd animation_type_block sc_fly_static elementor-widget elementor-widget-heading\" data-id=\"370f3cd\" data-element_type=\"widget\" data-e-type=\"widget\" data-widget_type=\"heading.default\">\n\t\t\t\t<div class=\"elementor-widget-container\">\n\t\t\t\t\t<h3 class=\"elementor-heading-title elementor-size-default\">Virtual Gallery of the Regional Museum Jagodina<\/h3>\t\t\t\t<\/div>\n\t\t\t\t<\/div>\n\t\t\t\t<div class=\"elementor-element elementor-element-d68fbf5 sc_height_tiny animation_type_block sc_fly_static elementor-widget elementor-widget-spacer\" data-id=\"d68fbf5\" data-element_type=\"widget\" data-e-type=\"widget\" data-widget_type=\"spacer.default\">\n\t\t\t\t<div class=\"elementor-widget-container\">\n\t\t\t\t\t\t\t<div class=\"elementor-spacer\">\n\t\t\t<div class=\"elementor-spacer-inner\"><\/div>\n\t\t<\/div>\n\t\t\t\t\t\t<\/div>\n\t\t\t\t<\/div>\n\t\t\t\t<div class=\"elementor-element elementor-element-387d90b animation_type_block sc_fly_static elementor-widget elementor-widget-text-editor\" data-id=\"387d90b\" data-element_type=\"widget\" data-e-type=\"widget\" data-widget_type=\"text-editor.default\">\n\t\t\t\t<div class=\"elementor-widget-container\">\n\t\t\t\t\t\t\t\t\t<p>Author of the exhibition: <a href=\"https:\/\/jagodina.museum\/en\/team\/jasmina-trajkov\/\" target=\"_blank\" rel=\"noopener\">Jasmina Trajkov<\/a><\/p>\t\t\t\t\t\t\t\t<\/div>\n\t\t\t\t<\/div>\n\t\t\t\t<div class=\"elementor-element elementor-element-53cfecd elementor-widget-divider--view-line animation_type_block sc_fly_static elementor-widget elementor-widget-divider\" data-id=\"53cfecd\" data-element_type=\"widget\" data-e-type=\"widget\" data-widget_type=\"divider.default\">\n\t\t\t\t<div class=\"elementor-widget-container\">\n\t\t\t\t\t\t\t<div class=\"elementor-divider\">\n\t\t\t<span class=\"elementor-divider-separator\">\n\t\t\t\t\t\t<\/span>\n\t\t<\/div>\n\t\t\t\t\t\t<\/div>\n\t\t\t\t<\/div>\n\t\t\t\t<div class=\"elementor-element elementor-element-1c05ba6 animation_type_block sc_fly_static elementor-widget elementor-widget-image\" data-id=\"1c05ba6\" data-element_type=\"widget\" data-e-type=\"widget\" data-widget_type=\"image.default\">\n\t\t\t\t<div class=\"elementor-widget-container\">\n\t\t\t\t\t\t\t\t\t\t\t\t\t\t\t<img fetchpriority=\"high\" decoding=\"async\" width=\"778\" height=\"1000\" src=\"https:\/\/jagodina.museum\/wp-content\/uploads\/2024\/03\/misa-brajkovic-cb.jpg\" class=\"attachment-large size-large wp-image-22948\" alt=\"\" \/>\t\t\t\t\t\t\t\t\t\t\t\t\t\t\t<\/div>\n\t\t\t\t<\/div>\n\t\t\t\t<div class=\"elementor-element elementor-element-d46e97b elementor-widget-divider--view-line animation_type_block sc_fly_static elementor-widget elementor-widget-divider\" data-id=\"d46e97b\" data-element_type=\"widget\" data-e-type=\"widget\" data-widget_type=\"divider.default\">\n\t\t\t\t<div class=\"elementor-widget-container\">\n\t\t\t\t\t\t\t<div class=\"elementor-divider\">\n\t\t\t<span class=\"elementor-divider-separator\">\n\t\t\t\t\t\t<\/span>\n\t\t<\/div>\n\t\t\t\t\t\t<\/div>\n\t\t\t\t<\/div>\n\t\t\t\t<div class=\"elementor-element elementor-element-a9b67fd animation_type_block sc_fly_static elementor-widget elementor-widget-heading\" data-id=\"a9b67fd\" data-element_type=\"widget\" data-e-type=\"widget\" data-widget_type=\"heading.default\">\n\t\t\t\t<div class=\"elementor-widget-container\">\n\t\t\t\t\t<h3 class=\"elementor-heading-title elementor-size-default\">Biography<\/h3>\t\t\t\t<\/div>\n\t\t\t\t<\/div>\n\t\t\t\t<div class=\"elementor-element elementor-element-33c9eb7 sc_height_tiny animation_type_block sc_fly_static elementor-widget elementor-widget-spacer\" data-id=\"33c9eb7\" data-element_type=\"widget\" data-e-type=\"widget\" data-widget_type=\"spacer.default\">\n\t\t\t\t<div class=\"elementor-widget-container\">\n\t\t\t\t\t\t\t<div class=\"elementor-spacer\">\n\t\t\t<div class=\"elementor-spacer-inner\"><\/div>\n\t\t<\/div>\n\t\t\t\t\t\t<\/div>\n\t\t\t\t<\/div>\n\t\t\t\t<div class=\"elementor-element elementor-element-9e688f7 animation_type_block sc_fly_static elementor-widget elementor-widget-text-editor\" data-id=\"9e688f7\" data-element_type=\"widget\" data-e-type=\"widget\" data-widget_type=\"text-editor.default\">\n\t\t\t\t<div class=\"elementor-widget-container\">\n\t\t\t\t\t\t\t\t\t<p>He was born in 1959 in Svetozarevo. He had his first encounter with photography as a high school student in 1974, when he joined the school photo section. In the same year, he bought his first camera. He started exhibiting in 1978 as a member of the Photo-cinema club &#8220;\u010ca\u010dak&#8221;. He was the initiator and one of the founders of the Photo-cinema club &#8220;Vuk Karad\u017ei\u0107&#8221; in Svetozarevo (Jagodina nowdays) at whose exhibitions he regularly exhibited and received awards for his photographs. In 1988, he opened a photography studio in Bagrdan. He was engaged in this work until 1990, when he was employed as a reprophotographer in the &#8220;Novi put&#8221; printing house. At the beginning of May 2001, he moved to the Regional Museum Jagodina, where he still works as a photographer. He had four independent and participated in about 70 collective photography exhibitions. At the end of the eighties of the last century, within the framework of the Photo-Association of Yugoslavia, he obtained the title of photo-amateur of the 2<sup>nd<\/sup> class.<\/p>\t\t\t\t\t\t\t\t<\/div>\n\t\t\t\t<\/div>\n\t\t\t\t<div class=\"elementor-element elementor-element-2a84efb sc_height_small animation_type_block sc_fly_static elementor-widget elementor-widget-spacer\" data-id=\"2a84efb\" data-element_type=\"widget\" data-e-type=\"widget\" data-widget_type=\"spacer.default\">\n\t\t\t\t<div class=\"elementor-widget-container\">\n\t\t\t\t\t\t\t<div class=\"elementor-spacer\">\n\t\t\t<div class=\"elementor-spacer-inner\"><\/div>\n\t\t<\/div>\n\t\t\t\t\t\t<\/div>\n\t\t\t\t<\/div>\n\t\t\t\t\t<\/div>\n\t\t<\/div>\n\t\t\t\t<div class=\"elementor-column elementor-col-50 elementor-inner-column elementor-element elementor-element-7b0e4b7 sc_inner_width_none sc_content_align_inherit sc_layouts_column_icons_position_left\" data-id=\"7b0e4b7\" data-element_type=\"column\" data-e-type=\"column\">\n\t\t\t<div class=\"elementor-widget-wrap elementor-element-populated\">\n\t\t\t\t\t\t<div class=\"elementor-element elementor-element-a45f93d elementor-drop-cap-yes elementor-drop-cap-view-default animation_type_block sc_fly_static elementor-widget elementor-widget-text-editor\" data-id=\"a45f93d\" data-element_type=\"widget\" data-e-type=\"widget\" data-settings=\"{&quot;drop_cap&quot;:&quot;yes&quot;}\" data-widget_type=\"text-editor.default\">\n\t\t\t\t<div class=\"elementor-widget-container\">\n\t\t\t\t\t\t\t\t\t<p>Milosav Brajkovi\u0107 has been in the photographic life of Jagodina for almost half a century. Today he is professionally engaged as a museum photographer, while in his twenties and thirties he actively exhibited both within the city photo club, of which he is one of the founders, and at numerous exhibitions in the cities of the former Yugoslavia.<\/p><p>As a high school student, in 1974 he became a member of the photo section at the &#8220;Veljko Vlahovi\u0107&#8221; School Center, where he took his first steps in the field of photography. In the same year, he bought his first camera. He continued his studies while studying in \u010ca\u010dak, where he completed a photo and cinema course with the instructors of the Photo-cinema Association of Yugoslavia, Milenko Savovi\u0107 and Dragan \u0110or\u0111evi\u0107.<\/p><p>The public was able to see his work for the first time in 1978, when he exhibited at the club exhibition of the Photo-Cinema Club, \u201e\u010ca\u010dak\u201c \u00a0of which he was a member at the time. In his hometown he presented his photographs for the first time at the solo exhibition opened at the end of February 1981 at &#8220;Radislav Nik\u010devi\u0107&#8221; public library.<\/p><p>Brajkovi\u0107 had a special success at the Tenth Salon of Yugoslav Photography &#8220;Mladost &#8217;90&#8221; held in May 1990 and organized by the city&#8217;s Photo-Cinema Club &#8220;Vuk Karad\u017ei\u0107&#8221;. At this event, he received praise for the most successful photograph on the theme &#8220;Youth&#8221;, as well as the first individual prize for a slide on the same theme.<\/p><p>During the flood that hit Jagodina in 1999, a large part of Brajkovi\u0107&#8217;s photographs were destroyed. At this exhibition, we present part of the preserved works where it is clearly visible that his preoccupation is portrait, that is, that the subject this photographer is mainly interested in is a man. Mi\u0161a Brajkovi\u0107 himself said about why he focused his attention on such a topic: &#8220;Portraits or the pictures of a man (and when I say man I mean both masculine and feminine and neuter gender) speak that special language of vitality, warmth, suffering, love, happiness, language of the whole face and eyes, and the eyes are the windows of the soul. To present only landscapes, without the presence of man, would mean the same as presenting a dry tree without life juices. According to me, man is the initiator of all living things.&#8221;<\/p><p>Since May 2001, Brajkovi\u0107 has been employed as a photographer at the Regional Museum of Jagodina, so his photos are included in numerous editions of the Museum. As a museum photographer, he accompanied and documented numerous events in the city, of which the continuous monitoring of the &#8220;Days of Comedy&#8221; festival stands out the most.<\/p>\t\t\t\t\t\t\t\t<\/div>\n\t\t\t\t<\/div>\n\t\t\t\t<div class=\"elementor-element elementor-element-b3b0f80 sc_height_tiny animation_type_block sc_fly_static elementor-widget elementor-widget-spacer\" data-id=\"b3b0f80\" data-element_type=\"widget\" data-e-type=\"widget\" data-widget_type=\"spacer.default\">\n\t\t\t\t<div class=\"elementor-widget-container\">\n\t\t\t\t\t\t\t<div class=\"elementor-spacer\">\n\t\t\t<div class=\"elementor-spacer-inner\"><\/div>\n\t\t<\/div>\n\t\t\t\t\t\t<\/div>\n\t\t\t\t<\/div>\n\t\t\t\t\t<\/div>\n\t\t<\/div>\n\t\t\t\t\t<\/div>\n\t\t<\/section>\n\t\t\t\t<div class=\"elementor-element elementor-element-700702b sc_height_small animation_type_block sc_fly_static elementor-widget elementor-widget-spacer\" data-id=\"700702b\" data-element_type=\"widget\" data-e-type=\"widget\" data-widget_type=\"spacer.default\">\n\t\t\t\t<div class=\"elementor-widget-container\">\n\t\t\t\t\t\t\t<div class=\"elementor-spacer\">\n\t\t\t<div class=\"elementor-spacer-inner\"><\/div>\n\t\t<\/div>\n\t\t\t\t\t\t<\/div>\n\t\t\t\t<\/div>\n\t\t\t\t<div class=\"elementor-element elementor-element-56fba77 animation_type_block sc_fly_static elementor-widget elementor-widget-heading\" data-id=\"56fba77\" data-element_type=\"widget\" data-e-type=\"widget\" data-widget_type=\"heading.default\">\n\t\t\t\t<div class=\"elementor-widget-container\">\n\t\t\t\t\t<h3 class=\"elementor-heading-title elementor-size-default\">Virtual exhibition<\/h3>\t\t\t\t<\/div>\n\t\t\t\t<\/div>\n\t\t\t\t<div class=\"elementor-element elementor-element-718e55c sc_height_tiny animation_type_block sc_fly_static elementor-widget elementor-widget-spacer\" data-id=\"718e55c\" data-element_type=\"widget\" data-e-type=\"widget\" data-widget_type=\"spacer.default\">\n\t\t\t\t<div class=\"elementor-widget-container\">\n\t\t\t\t\t\t\t<div class=\"elementor-spacer\">\n\t\t\t<div class=\"elementor-spacer-inner\"><\/div>\n\t\t<\/div>\n\t\t\t\t\t\t<\/div>\n\t\t\t\t<\/div>\n\t\t\t\t<div class=\"elementor-element elementor-element-90c4d32 animation_type_block sc_fly_static elementor-widget elementor-widget-gallery\" data-id=\"90c4d32\" data-element_type=\"widget\" data-e-type=\"widget\" data-settings=\"{&quot;gallery_layout&quot;:&quot;masonry&quot;,&quot;columns&quot;:&quot;3&quot;,&quot;gap&quot;:{&quot;unit&quot;:&quot;px&quot;,&quot;size&quot;:&quot;30&quot;,&quot;sizes&quot;:[]},&quot;lazyload&quot;:&quot;yes&quot;,&quot;columns_tablet&quot;:2,&quot;columns_mobile&quot;:1,&quot;gap_tablet&quot;:{&quot;unit&quot;:&quot;px&quot;,&quot;size&quot;:10,&quot;sizes&quot;:[]},&quot;gap_mobile&quot;:{&quot;unit&quot;:&quot;px&quot;,&quot;size&quot;:10,&quot;sizes&quot;:[]},&quot;link_to&quot;:&quot;file&quot;,&quot;overlay_background&quot;:&quot;yes&quot;,&quot;content_hover_animation&quot;:&quot;fade-in&quot;}\" data-widget_type=\"gallery.default\">\n\t\t\t\t<div class=\"elementor-widget-container\">\n\t\t\t\t\t\t\t<div class=\"elementor-gallery__container\">\n\t\t\t\t\t\t\t<a class=\"e-gallery-item elementor-gallery-item elementor-animated-content\" href=\"https:\/\/jagodina.museum\/wp-content\/uploads\/2023\/12\/1.jpg\" data-elementor-open-lightbox=\"yes\" data-elementor-lightbox-slideshow=\"90c4d32\" data-elementor-lightbox-title=\"1\" data-e-action-hash=\"#elementor-action%3Aaction%3Dlightbox%26settings%3DeyJpZCI6MjI0MTEsInVybCI6Imh0dHBzOlwvXC9qYWdvZGluYS5tdXNldW1cL3dwLWNvbnRlbnRcL3VwbG9hZHNcLzIwMjNcLzEyXC8xLmpwZyIsInNsaWRlc2hvdyI6IjkwYzRkMzIifQ%3D%3D\">\n\t\t\t\t\t<div class=\"e-gallery-image elementor-gallery-item__image\" data-thumbnail=\"https:\/\/jagodina.museum\/wp-content\/uploads\/2023\/12\/1.jpg\" data-width=\"1205\" data-height=\"1500\" aria-label=\"\" role=\"img\" ><\/div>\n\t\t\t\t\t\t\t\t\t\t\t<div class=\"elementor-gallery-item__overlay\"><\/div>\n\t\t\t\t\t\t\t\t\t\t\t\t\t\t<\/a>\n\t\t\t\t\t\t\t<a class=\"e-gallery-item elementor-gallery-item elementor-animated-content\" href=\"https:\/\/jagodina.museum\/wp-content\/uploads\/2023\/12\/2.jpg\" data-elementor-open-lightbox=\"yes\" data-elementor-lightbox-slideshow=\"90c4d32\" data-elementor-lightbox-title=\"2\" data-e-action-hash=\"#elementor-action%3Aaction%3Dlightbox%26settings%3DeyJpZCI6MjI0MTMsInVybCI6Imh0dHBzOlwvXC9qYWdvZGluYS5tdXNldW1cL3dwLWNvbnRlbnRcL3VwbG9hZHNcLzIwMjNcLzEyXC8yLmpwZyIsInNsaWRlc2hvdyI6IjkwYzRkMzIifQ%3D%3D\">\n\t\t\t\t\t<div class=\"e-gallery-image elementor-gallery-item__image\" data-thumbnail=\"https:\/\/jagodina.museum\/wp-content\/uploads\/2023\/12\/2.jpg\" data-width=\"1500\" data-height=\"1489\" aria-label=\"\" role=\"img\" ><\/div>\n\t\t\t\t\t\t\t\t\t\t\t<div class=\"elementor-gallery-item__overlay\"><\/div>\n\t\t\t\t\t\t\t\t\t\t\t\t\t\t<\/a>\n\t\t\t\t\t\t\t<a class=\"e-gallery-item elementor-gallery-item elementor-animated-content\" href=\"https:\/\/jagodina.museum\/wp-content\/uploads\/2023\/12\/3.jpg\" data-elementor-open-lightbox=\"yes\" data-elementor-lightbox-slideshow=\"90c4d32\" data-elementor-lightbox-title=\"3\" data-e-action-hash=\"#elementor-action%3Aaction%3Dlightbox%26settings%3DeyJpZCI6MjI0MTUsInVybCI6Imh0dHBzOlwvXC9qYWdvZGluYS5tdXNldW1cL3dwLWNvbnRlbnRcL3VwbG9hZHNcLzIwMjNcLzEyXC8zLmpwZyIsInNsaWRlc2hvdyI6IjkwYzRkMzIifQ%3D%3D\">\n\t\t\t\t\t<div class=\"e-gallery-image elementor-gallery-item__image\" data-thumbnail=\"https:\/\/jagodina.museum\/wp-content\/uploads\/2023\/12\/3.jpg\" data-width=\"1500\" data-height=\"934\" aria-label=\"\" role=\"img\" ><\/div>\n\t\t\t\t\t\t\t\t\t\t\t<div class=\"elementor-gallery-item__overlay\"><\/div>\n\t\t\t\t\t\t\t\t\t\t\t\t\t\t<\/a>\n\t\t\t\t\t\t\t<a class=\"e-gallery-item elementor-gallery-item elementor-animated-content\" href=\"https:\/\/jagodina.museum\/wp-content\/uploads\/2023\/12\/4.jpg\" data-elementor-open-lightbox=\"yes\" data-elementor-lightbox-slideshow=\"90c4d32\" data-elementor-lightbox-title=\"4\" data-e-action-hash=\"#elementor-action%3Aaction%3Dlightbox%26settings%3DeyJpZCI6MjI0MTcsInVybCI6Imh0dHBzOlwvXC9qYWdvZGluYS5tdXNldW1cL3dwLWNvbnRlbnRcL3VwbG9hZHNcLzIwMjNcLzEyXC80LmpwZyIsInNsaWRlc2hvdyI6IjkwYzRkMzIifQ%3D%3D\">\n\t\t\t\t\t<div class=\"e-gallery-image elementor-gallery-item__image\" data-thumbnail=\"https:\/\/jagodina.museum\/wp-content\/uploads\/2023\/12\/4.jpg\" data-width=\"1040\" data-height=\"1500\" aria-label=\"\" role=\"img\" ><\/div>\n\t\t\t\t\t\t\t\t\t\t\t<div class=\"elementor-gallery-item__overlay\"><\/div>\n\t\t\t\t\t\t\t\t\t\t\t\t\t\t<\/a>\n\t\t\t\t\t\t\t<a class=\"e-gallery-item elementor-gallery-item elementor-animated-content\" href=\"https:\/\/jagodina.museum\/wp-content\/uploads\/2023\/12\/5.jpg\" data-elementor-open-lightbox=\"yes\" data-elementor-lightbox-slideshow=\"90c4d32\" data-elementor-lightbox-title=\"5\" data-e-action-hash=\"#elementor-action%3Aaction%3Dlightbox%26settings%3DeyJpZCI6MjI0MTksInVybCI6Imh0dHBzOlwvXC9qYWdvZGluYS5tdXNldW1cL3dwLWNvbnRlbnRcL3VwbG9hZHNcLzIwMjNcLzEyXC81LmpwZyIsInNsaWRlc2hvdyI6IjkwYzRkMzIifQ%3D%3D\">\n\t\t\t\t\t<div class=\"e-gallery-image elementor-gallery-item__image\" data-thumbnail=\"https:\/\/jagodina.museum\/wp-content\/uploads\/2023\/12\/5.jpg\" data-width=\"1500\" data-height=\"999\" aria-label=\"\" role=\"img\" ><\/div>\n\t\t\t\t\t\t\t\t\t\t\t<div class=\"elementor-gallery-item__overlay\"><\/div>\n\t\t\t\t\t\t\t\t\t\t\t\t\t\t<\/a>\n\t\t\t\t\t\t\t<a class=\"e-gallery-item elementor-gallery-item elementor-animated-content\" href=\"https:\/\/jagodina.museum\/wp-content\/uploads\/2023\/12\/6.jpg\" data-elementor-open-lightbox=\"yes\" data-elementor-lightbox-slideshow=\"90c4d32\" data-elementor-lightbox-title=\"6\" data-e-action-hash=\"#elementor-action%3Aaction%3Dlightbox%26settings%3DeyJpZCI6MjI0MjEsInVybCI6Imh0dHBzOlwvXC9qYWdvZGluYS5tdXNldW1cL3dwLWNvbnRlbnRcL3VwbG9hZHNcLzIwMjNcLzEyXC82LmpwZyIsInNsaWRlc2hvdyI6IjkwYzRkMzIifQ%3D%3D\">\n\t\t\t\t\t<div class=\"e-gallery-image elementor-gallery-item__image\" data-thumbnail=\"https:\/\/jagodina.museum\/wp-content\/uploads\/2023\/12\/6.jpg\" data-width=\"1500\" data-height=\"1147\" aria-label=\"\" role=\"img\" ><\/div>\n\t\t\t\t\t\t\t\t\t\t\t<div class=\"elementor-gallery-item__overlay\"><\/div>\n\t\t\t\t\t\t\t\t\t\t\t\t\t\t<\/a>\n\t\t\t\t\t\t\t<a class=\"e-gallery-item elementor-gallery-item elementor-animated-content\" href=\"https:\/\/jagodina.museum\/wp-content\/uploads\/2023\/12\/7.jpg\" data-elementor-open-lightbox=\"yes\" data-elementor-lightbox-slideshow=\"90c4d32\" data-elementor-lightbox-title=\"7\" data-e-action-hash=\"#elementor-action%3Aaction%3Dlightbox%26settings%3DeyJpZCI6MjI0MjMsInVybCI6Imh0dHBzOlwvXC9qYWdvZGluYS5tdXNldW1cL3dwLWNvbnRlbnRcL3VwbG9hZHNcLzIwMjNcLzEyXC83LmpwZyIsInNsaWRlc2hvdyI6IjkwYzRkMzIifQ%3D%3D\">\n\t\t\t\t\t<div class=\"e-gallery-image elementor-gallery-item__image\" data-thumbnail=\"https:\/\/jagodina.museum\/wp-content\/uploads\/2023\/12\/7.jpg\" data-width=\"1500\" data-height=\"998\" aria-label=\"\" role=\"img\" ><\/div>\n\t\t\t\t\t\t\t\t\t\t\t<div class=\"elementor-gallery-item__overlay\"><\/div>\n\t\t\t\t\t\t\t\t\t\t\t\t\t\t<\/a>\n\t\t\t\t\t\t\t<a class=\"e-gallery-item elementor-gallery-item elementor-animated-content\" href=\"https:\/\/jagodina.museum\/wp-content\/uploads\/2023\/12\/8.jpg\" data-elementor-open-lightbox=\"yes\" data-elementor-lightbox-slideshow=\"90c4d32\" data-elementor-lightbox-title=\"8\" data-e-action-hash=\"#elementor-action%3Aaction%3Dlightbox%26settings%3DeyJpZCI6MjI0MjUsInVybCI6Imh0dHBzOlwvXC9qYWdvZGluYS5tdXNldW1cL3dwLWNvbnRlbnRcL3VwbG9hZHNcLzIwMjNcLzEyXC84LmpwZyIsInNsaWRlc2hvdyI6IjkwYzRkMzIifQ%3D%3D\">\n\t\t\t\t\t<div class=\"e-gallery-image elementor-gallery-item__image\" data-thumbnail=\"https:\/\/jagodina.museum\/wp-content\/uploads\/2023\/12\/8.jpg\" data-width=\"1500\" data-height=\"1000\" aria-label=\"\" role=\"img\" ><\/div>\n\t\t\t\t\t\t\t\t\t\t\t<div class=\"elementor-gallery-item__overlay\"><\/div>\n\t\t\t\t\t\t\t\t\t\t\t\t\t\t<\/a>\n\t\t\t\t\t\t\t<a class=\"e-gallery-item elementor-gallery-item elementor-animated-content\" href=\"https:\/\/jagodina.museum\/wp-content\/uploads\/2023\/12\/9.jpg\" data-elementor-open-lightbox=\"yes\" data-elementor-lightbox-slideshow=\"90c4d32\" data-elementor-lightbox-title=\"9\" data-e-action-hash=\"#elementor-action%3Aaction%3Dlightbox%26settings%3DeyJpZCI6MjI0MjcsInVybCI6Imh0dHBzOlwvXC9qYWdvZGluYS5tdXNldW1cL3dwLWNvbnRlbnRcL3VwbG9hZHNcLzIwMjNcLzEyXC85LmpwZyIsInNsaWRlc2hvdyI6IjkwYzRkMzIifQ%3D%3D\">\n\t\t\t\t\t<div class=\"e-gallery-image elementor-gallery-item__image\" data-thumbnail=\"https:\/\/jagodina.museum\/wp-content\/uploads\/2023\/12\/9.jpg\" data-width=\"1500\" data-height=\"1007\" aria-label=\"\" role=\"img\" ><\/div>\n\t\t\t\t\t\t\t\t\t\t\t<div class=\"elementor-gallery-item__overlay\"><\/div>\n\t\t\t\t\t\t\t\t\t\t\t\t\t\t<\/a>\n\t\t\t\t\t\t\t<a class=\"e-gallery-item elementor-gallery-item elementor-animated-content\" href=\"https:\/\/jagodina.museum\/wp-content\/uploads\/2023\/12\/10.jpg\" data-elementor-open-lightbox=\"yes\" data-elementor-lightbox-slideshow=\"90c4d32\" data-elementor-lightbox-title=\"10\" data-e-action-hash=\"#elementor-action%3Aaction%3Dlightbox%26settings%3DeyJpZCI6MjI0MjksInVybCI6Imh0dHBzOlwvXC9qYWdvZGluYS5tdXNldW1cL3dwLWNvbnRlbnRcL3VwbG9hZHNcLzIwMjNcLzEyXC8xMC5qcGciLCJzbGlkZXNob3ciOiI5MGM0ZDMyIn0%3D\">\n\t\t\t\t\t<div class=\"e-gallery-image elementor-gallery-item__image\" data-thumbnail=\"https:\/\/jagodina.museum\/wp-content\/uploads\/2023\/12\/10.jpg\" data-width=\"1007\" data-height=\"1500\" aria-label=\"\" role=\"img\" ><\/div>\n\t\t\t\t\t\t\t\t\t\t\t<div class=\"elementor-gallery-item__overlay\"><\/div>\n\t\t\t\t\t\t\t\t\t\t\t\t\t\t<\/a>\n\t\t\t\t\t<\/div>\n\t\t\t\t\t<\/div>\n\t\t\t\t<\/div>\n\t\t\t\t\t<\/div>\n\t\t<\/div>\n\t\t\t\t\t<\/div>\n\t\t<\/section>\n\t\t\t\t<\/div>\n\t\t","protected":false},"excerpt":{"rendered":"<p>Virtual Gallery of the Regional Museum Jagodina Author of the exhibition: Jasmina Trajkov Biography He was born in 1959 in Svetozarevo. He had his first encounter with photography as a high school student in 1974, when he joined the school photo section. In the same&hellip;<\/p>\n","protected":false},"author":3,"featured_media":22948,"parent":6377,"menu_order":0,"comment_status":"closed","ping_status":"closed","template":"","meta":{"footnotes":""},"class_list":["post-22443","page","type-page","status-publish","has-post-thumbnail","hentry"],"_links":{"self":[{"href":"https:\/\/jagodina.museum\/en\/wp-json\/wp\/v2\/pages\/22443","targetHints":{"allow":["GET"]}}],"collection":[{"href":"https:\/\/jagodina.museum\/en\/wp-json\/wp\/v2\/pages"}],"about":[{"href":"https:\/\/jagodina.museum\/en\/wp-json\/wp\/v2\/types\/page"}],"author":[{"embeddable":true,"href":"https:\/\/jagodina.museum\/en\/wp-json\/wp\/v2\/users\/3"}],"replies":[{"embeddable":true,"href":"https:\/\/jagodina.museum\/en\/wp-json\/wp\/v2\/comments?post=22443"}],"version-history":[{"count":0,"href":"https:\/\/jagodina.museum\/en\/wp-json\/wp\/v2\/pages\/22443\/revisions"}],"up":[{"embeddable":true,"href":"https:\/\/jagodina.museum\/en\/wp-json\/wp\/v2\/pages\/6377"}],"wp:featuredmedia":[{"embeddable":true,"href":"https:\/\/jagodina.museum\/en\/wp-json\/wp\/v2\/media\/22948"}],"wp:attachment":[{"href":"https:\/\/jagodina.museum\/en\/wp-json\/wp\/v2\/media?parent=22443"}],"curies":[{"name":"wp","href":"https:\/\/api.w.org\/{rel}","templated":true}]}}