{"id":7719,"date":"2021-03-30T02:48:08","date_gmt":"2021-03-30T01:48:08","guid":{"rendered":"http:\/\/dev.jagodina.museum\/istorija-muzeja\/"},"modified":"2022-05-19T12:40:37","modified_gmt":"2022-05-19T11:40:37","slug":"museum-history","status":"publish","type":"page","link":"https:\/\/jagodina.museum\/en\/museum-history\/","title":{"rendered":"Museum History"},"content":{"rendered":"\t\t<div data-elementor-type=\"wp-page\" data-elementor-id=\"7719\" class=\"elementor elementor-7719 elementor-7691\" data-elementor-post-type=\"page\">\n\t\t\t\t\t\t<section class=\"elementor-section elementor-top-section elementor-element elementor-element-220cbbf elementor-section-boxed elementor-section-height-default elementor-section-height-default sc_fly_static\" data-id=\"220cbbf\" data-element_type=\"section\" data-e-type=\"section\">\n\t\t\t\t\t\t<div class=\"elementor-container elementor-column-gap-extended\">\n\t\t\t\t\t<div class=\"elementor-column elementor-col-50 elementor-top-column elementor-element elementor-element-b160f5e sc_content_align_inherit sc_layouts_column_icons_position_left sc_fly_static\" data-id=\"b160f5e\" data-element_type=\"column\" data-e-type=\"column\">\n\t\t\t<div class=\"elementor-widget-wrap elementor-element-populated\">\n\t\t\t\t\t\t<div class=\"elementor-element elementor-element-74e1677 elementor-drop-cap-yes elementor-drop-cap-view-default sc_fly_static elementor-widget elementor-widget-text-editor\" data-id=\"74e1677\" data-element_type=\"widget\" data-e-type=\"widget\" data-settings=\"{&quot;drop_cap&quot;:&quot;yes&quot;}\" data-widget_type=\"text-editor.default\">\n\t\t\t\t<div class=\"elementor-widget-container\">\n\t\t\t\t\t\t\t\t\t<p>The Regional Museum Jagodina is a complex-type museum with territorial jurisdiction for the city of Jagodina and municipalities of Despotovac, Para\u0107in, Rekovac, Svilajnac, and \u0106uprija as per the Ministry of Culture decision from 2021. Its collection includes over 10,000 objects, created in the period from prehistory to modern times, classified in fifty collections of the Departments of Natural History, Archaeology, Ethnology, History, and Arts. The Museum also has five supporting services: Educational and Pedagogical Work Office, Design and Communication Office, Documentation Office with the Photo Department and the Library, Conservation and Restoration Office, Legal and Administrative Office, and Support and Technical Affairs Office.<\/p><p>The first attempts to commence museum activities in Pomoravlje were recorded in 1949, when the Council of the Museum Center for the towns of Svetozarevo and Para\u0107in and the counties of Belica, Despotovac, Resava, Ravanica and Para\u0107in was formed in Svetozarevo, today&#8217;s Jagodina. A few years later, an initiative was launched to establish a city museum that would be part of the Archives, which was officially completed on September 30, 1954. The decision was then made to appoint Du\u0161an Vuki\u0107evi\u0107 as the manager of the City State Archives and the future Museum. Today, this date is the official Day of the Regional Museum Jagodina.<\/p><p>Du\u0161an Vuki\u0107evi\u0107 (1897\u20131969) is a significant figure in education and culture whose hard work, enthusiasm, and perseverance laid the foundations of museum activity in Jagodina. The collection of antiquities he collected for years at the Teachers&#8217; School, composed of natural, archaeological, and historical objects, became the core around which the museum collection began to be formed. Du\u0161an Vuki\u0107evi\u0107 was born in Jagodina. He studied at the Faculty of Philosophy in Belgrade within the history and comparative literature program. He taught in \u0106uprija, Jagodina and Surdulica. As the first Regional Museum manager, with his efforts and constant attempts to affirm museum activities, Vuki\u0107evi\u0107 popularized the Museum as a cultural institution, museology as a humanistic discipline, and insisted on the need to preserve cultural heritage. In honor of Du\u0161an Vuki\u0107evi\u0107, the museum was named after him in 1973. In 1984, on the occasion of the celebration of the Regional Museum&#8217;s thirtieth anniversary, a memorial plaque, the work of prominent sculptor Aleksandar Zarin, was placed in the institution&#8217;s hall.<\/p><p>The initial years of the Museum were challenging. Public affirmation of museum activity was slow, and awareness of the need to preserve heritage was underdeveloped. The major problem was to find an adequate space and good working conditions. After the decision to establish the museum was made, an action was launched to collect museum objects, which was accepted by the local population. Along with privately owned, the collected objects were first presented to the public at the exhibition on the occasion of &#8220;Museum Week,&#8221; held from October 3 to 10, 1954. Natural, archaeological, ethnographic, and historical material was exhibited. The exhibition was very well attended and was rated by experts as one of the most successful in the country.<\/p><p>The Museum and the City State Archives operated jointly until September 1955. The museum objects, collected by the museum as part of the Archives through gifts and repurchases, were then handed over. The museum received special departments within the City State Archives. The number of objects in the collection had increased over time, and exhibitions were held to present the collected material.<\/p><p>After Du\u0161an Vuki\u0107evi\u0107 retired in 1961, the Museum work was temporarily suspended. With the appointment of a new manager, archaeologist Sava Vetni\u0107 in 1963, the Museum was revived and formed as a complex institution that worked on the systematic collection, preservation, exhibition, and publication of natural, archaeological, ethnological, historical, and artistic materials. In the next two decades, Savo Vetni\u0107 managed to turn a small museum institution with a few employees into a central protection service of Pomoravlje composed of several departments, with a strong emphasis on archaeological research. During the 1960s, the Art Department was formed and started working more actively on collecting works by local artists and organizing art exhibitions.<\/p><p>In the 1970s and 1980s, the Regional Museum work organization still relied on the initial concept, which saw the institution as a complex service for the protection of cultural goods with an emphasis on urban, local, and regional levels. After many relocations, the Museum finally got the former Sokol House building and occupied it in 1981. Apart from the museum building at 82 Kneginje Milice Street, the Regional Museum has the right to use the plots on the Jerinin grad archaeological site in Staro selo and the plots around the old Ko\u010din hrast in Ko\u010dino selo owned by the City of Jagodina. The Regional Museum recorded particular affirmation of its exhibition, educational and scientific activity in the late eighties and early nineties when the number of professional staff increased.<\/p><p>Since the founding of the museum, great attention has been paid to fieldwork. Both independently and in cooperation with other protection institutions (National Museum in Belgrade, Republic Institute for the Protection of Cultural Monuments in Belgrade, and Institute for the Protection of Cultural Monuments in Kragujevac) or scientific institutions (Faculty of Philosophy in Belgrade, Archaeological Institute Belgrade), the Regional Museum organized or participated in about fifty smaller or larger scale archaeological excavations, the most important of which were part of long-term research projects. Continuous fieldwork has been carried out by other departments of the Museum as well.<\/p><p>The museum also has a continuous exhibition and publishing activity. Besides collecting, processing, and presenting materials, the Museum has been paying great attention to pedagogical and marketing activities since its establishment. The volume of collected material, its importance, and results of professional and scientific research into the history and culture of the city and Central Pomoravlje make the Regional Museum a significant cultural institution of Serbia.<\/p>\t\t\t\t\t\t\t\t<\/div>\n\t\t\t\t<\/div>\n\t\t\t\t\t<\/div>\n\t\t<\/div>\n\t\t\t\t<div class=\"elementor-column elementor-col-50 elementor-top-column elementor-element elementor-element-e81e20f sc_content_align_inherit sc_layouts_column_icons_position_left sc_fly_static\" data-id=\"e81e20f\" data-element_type=\"column\" data-e-type=\"column\">\n\t\t\t<div class=\"elementor-widget-wrap elementor-element-populated\">\n\t\t\t\t\t\t<div class=\"elementor-element elementor-element-427a0db sc_fly_static elementor-widget elementor-widget-image\" data-id=\"427a0db\" data-element_type=\"widget\" data-e-type=\"widget\" data-widget_type=\"image.default\">\n\t\t\t\t<div class=\"elementor-widget-container\">\n\t\t\t\t\t\t\t\t\t\t\t\t<figure class=\"wp-caption\">\n\t\t\t\t\t\t\t\t\t\t<img fetchpriority=\"high\" decoding=\"async\" width=\"768\" height=\"1078\" src=\"https:\/\/jagodina.museum\/wp-content\/uploads\/2021\/03\/dusan_vukicevic-768x1078.jpg\" class=\"attachment-medium_large size-medium_large wp-image-5039\" alt=\"Dusan Vukicevic\" srcset=\"https:\/\/jagodina.museum\/wp-content\/uploads\/2021\/03\/dusan_vukicevic-768x1078.jpg 768w, https:\/\/jagodina.museum\/wp-content\/uploads\/2021\/03\/dusan_vukicevic-214x300.jpg 214w, https:\/\/jagodina.museum\/wp-content\/uploads\/2021\/03\/dusan_vukicevic-730x1024.jpg 730w, https:\/\/jagodina.museum\/wp-content\/uploads\/2021\/03\/dusan_vukicevic-1095x1536.jpg 1095w, https:\/\/jagodina.museum\/wp-content\/uploads\/2021\/03\/dusan_vukicevic-370x519.jpg 370w, https:\/\/jagodina.museum\/wp-content\/uploads\/2021\/03\/dusan_vukicevic-770x1081.jpg 770w, https:\/\/jagodina.museum\/wp-content\/uploads\/2021\/03\/dusan_vukicevic.jpg 1200w\" sizes=\"(max-width: 768px) 100vw, 768px\" \/>\t\t\t\t\t\t\t\t\t\t\t<figcaption class=\"widget-image-caption wp-caption-text\">Du\u0161an Vuki\u0107evi\u0107<\/figcaption>\n\t\t\t\t\t\t\t\t\t\t<\/figure>\n\t\t\t\t\t\t\t\t\t<\/div>\n\t\t\t\t<\/div>\n\t\t\t\t<div class=\"elementor-element elementor-element-d2bb47e sc_height_small sc_fly_static elementor-widget elementor-widget-spacer\" data-id=\"d2bb47e\" data-element_type=\"widget\" data-e-type=\"widget\" data-widget_type=\"spacer.default\">\n\t\t\t\t<div class=\"elementor-widget-container\">\n\t\t\t\t\t\t\t<div class=\"elementor-spacer\">\n\t\t\t<div class=\"elementor-spacer-inner\"><\/div>\n\t\t<\/div>\n\t\t\t\t\t\t<\/div>\n\t\t\t\t<\/div>\n\t\t\t\t<div class=\"elementor-element elementor-element-24cbb6b sc_fly_static elementor-widget elementor-widget-image\" data-id=\"24cbb6b\" data-element_type=\"widget\" data-e-type=\"widget\" data-widget_type=\"image.default\">\n\t\t\t\t<div class=\"elementor-widget-container\">\n\t\t\t\t\t\t\t\t\t\t\t\t<figure class=\"wp-caption\">\n\t\t\t\t\t\t\t\t\t\t<img decoding=\"async\" width=\"768\" height=\"513\" src=\"https:\/\/jagodina.museum\/wp-content\/uploads\/2021\/03\/nedelja_muzeja_1954-edited-768x513.jpg\" class=\"attachment-medium_large size-medium_large wp-image-5482\" alt=\"\" srcset=\"https:\/\/jagodina.museum\/wp-content\/uploads\/2021\/03\/nedelja_muzeja_1954-edited-768x513.jpg 768w, https:\/\/jagodina.museum\/wp-content\/uploads\/2021\/03\/nedelja_muzeja_1954-edited-300x201.jpg 300w, https:\/\/jagodina.museum\/wp-content\/uploads\/2021\/03\/nedelja_muzeja_1954-edited-1024x685.jpg 1024w, https:\/\/jagodina.museum\/wp-content\/uploads\/2021\/03\/nedelja_muzeja_1954-edited-370x247.jpg 370w, https:\/\/jagodina.museum\/wp-content\/uploads\/2021\/03\/nedelja_muzeja_1954-edited-770x515.jpg 770w, https:\/\/jagodina.museum\/wp-content\/uploads\/2021\/03\/nedelja_muzeja_1954-edited.jpg 1382w\" sizes=\"(max-width: 768px) 100vw, 768px\" \/>\t\t\t\t\t\t\t\t\t\t\t<figcaption class=\"widget-image-caption wp-caption-text\">Museum Week, 1954<\/figcaption>\n\t\t\t\t\t\t\t\t\t\t<\/figure>\n\t\t\t\t\t\t\t\t\t<\/div>\n\t\t\t\t<\/div>\n\t\t\t\t<div class=\"elementor-element elementor-element-f40009f sc_height_small sc_fly_static elementor-widget elementor-widget-spacer\" data-id=\"f40009f\" data-element_type=\"widget\" data-e-type=\"widget\" data-widget_type=\"spacer.default\">\n\t\t\t\t<div class=\"elementor-widget-container\">\n\t\t\t\t\t\t\t<div class=\"elementor-spacer\">\n\t\t\t<div class=\"elementor-spacer-inner\"><\/div>\n\t\t<\/div>\n\t\t\t\t\t\t<\/div>\n\t\t\t\t<\/div>\n\t\t\t\t<div class=\"elementor-element elementor-element-760a4ab sc_fly_static elementor-widget elementor-widget-image\" data-id=\"760a4ab\" data-element_type=\"widget\" data-e-type=\"widget\" data-widget_type=\"image.default\">\n\t\t\t\t<div class=\"elementor-widget-container\">\n\t\t\t\t\t\t\t\t\t\t\t\t<figure class=\"wp-caption\">\n\t\t\t\t\t\t\t\t\t\t<img decoding=\"async\" width=\"768\" height=\"513\" src=\"https:\/\/jagodina.museum\/wp-content\/uploads\/2021\/03\/nedelja_muzeja_1956-edited-768x513.jpg\" class=\"attachment-medium_large size-medium_large wp-image-5484\" alt=\"\" srcset=\"https:\/\/jagodina.museum\/wp-content\/uploads\/2021\/03\/nedelja_muzeja_1956-edited-768x513.jpg 768w, https:\/\/jagodina.museum\/wp-content\/uploads\/2021\/03\/nedelja_muzeja_1956-edited-300x200.jpg 300w, https:\/\/jagodina.museum\/wp-content\/uploads\/2021\/03\/nedelja_muzeja_1956-edited-1024x684.jpg 1024w, https:\/\/jagodina.museum\/wp-content\/uploads\/2021\/03\/nedelja_muzeja_1956-edited-370x247.jpg 370w, https:\/\/jagodina.museum\/wp-content\/uploads\/2021\/03\/nedelja_muzeja_1956-edited-770x514.jpg 770w, https:\/\/jagodina.museum\/wp-content\/uploads\/2021\/03\/nedelja_muzeja_1956-edited.jpg 1468w\" sizes=\"(max-width: 768px) 100vw, 768px\" \/>\t\t\t\t\t\t\t\t\t\t\t<figcaption class=\"widget-image-caption wp-caption-text\">Museum Week, 1956<\/figcaption>\n\t\t\t\t\t\t\t\t\t\t<\/figure>\n\t\t\t\t\t\t\t\t\t<\/div>\n\t\t\t\t<\/div>\n\t\t\t\t<div class=\"elementor-element elementor-element-a27cd28 sc_height_small sc_fly_static elementor-widget elementor-widget-spacer\" data-id=\"a27cd28\" data-element_type=\"widget\" data-e-type=\"widget\" data-widget_type=\"spacer.default\">\n\t\t\t\t<div class=\"elementor-widget-container\">\n\t\t\t\t\t\t\t<div class=\"elementor-spacer\">\n\t\t\t<div class=\"elementor-spacer-inner\"><\/div>\n\t\t<\/div>\n\t\t\t\t\t\t<\/div>\n\t\t\t\t<\/div>\n\t\t\t\t<div class=\"elementor-element elementor-element-0e11903 sc_fly_static elementor-widget elementor-widget-image\" data-id=\"0e11903\" data-element_type=\"widget\" data-e-type=\"widget\" data-widget_type=\"image.default\">\n\t\t\t\t<div class=\"elementor-widget-container\">\n\t\t\t\t\t\t\t\t\t\t\t\t<figure class=\"wp-caption\">\n\t\t\t\t\t\t\t\t\t\t<img loading=\"lazy\" decoding=\"async\" width=\"717\" height=\"1024\" src=\"https:\/\/jagodina.museum\/wp-content\/uploads\/2021\/03\/plakat_obavestenje_1965-1970.-717x1024.jpg\" class=\"attachment-large size-large wp-image-5047\" alt=\"plakat\" srcset=\"https:\/\/jagodina.museum\/wp-content\/uploads\/2021\/03\/plakat_obavestenje_1965-1970.-717x1024.jpg 717w, https:\/\/jagodina.museum\/wp-content\/uploads\/2021\/03\/plakat_obavestenje_1965-1970.-210x300.jpg 210w, https:\/\/jagodina.museum\/wp-content\/uploads\/2021\/03\/plakat_obavestenje_1965-1970.-768x1098.jpg 768w, https:\/\/jagodina.museum\/wp-content\/uploads\/2021\/03\/plakat_obavestenje_1965-1970.-1075x1536.jpg 1075w, https:\/\/jagodina.museum\/wp-content\/uploads\/2021\/03\/plakat_obavestenje_1965-1970.-1433x2048.jpg 1433w, https:\/\/jagodina.museum\/wp-content\/uploads\/2021\/03\/plakat_obavestenje_1965-1970.-370x529.jpg 370w, https:\/\/jagodina.museum\/wp-content\/uploads\/2021\/03\/plakat_obavestenje_1965-1970.-770x1100.jpg 770w, https:\/\/jagodina.museum\/wp-content\/uploads\/2021\/03\/plakat_obavestenje_1965-1970.-scaled.jpg 1343w\" sizes=\"(max-width: 767px) 100vw, 717px\" \/>\t\t\t\t\t\t\t\t\t\t\t<figcaption class=\"widget-image-caption wp-caption-text\">A poster, protection of found artifacts<\/figcaption>\n\t\t\t\t\t\t\t\t\t\t<\/figure>\n\t\t\t\t\t\t\t\t\t<\/div>\n\t\t\t\t<\/div>\n\t\t\t\t\t<\/div>\n\t\t<\/div>\n\t\t\t\t\t<\/div>\n\t\t<\/section>\n\t\t\t\t<\/div>\n\t\t","protected":false},"excerpt":{"rendered":"<p>The Regional Museum Jagodina is a complex-type museum with territorial jurisdiction for the city of Jagodina and municipalities of Despotovac, Para\u0107in, Rekovac, Svilajnac, and \u0106uprija as per the Ministry of Culture decision from 2021. Its collection includes over 10,000 objects, created in the period from&hellip;<\/p>\n","protected":false},"author":1,"featured_media":0,"parent":0,"menu_order":0,"comment_status":"closed","ping_status":"closed","template":"","meta":{"footnotes":""},"class_list":["post-7719","page","type-page","status-publish","hentry"],"_links":{"self":[{"href":"https:\/\/jagodina.museum\/en\/wp-json\/wp\/v2\/pages\/7719","targetHints":{"allow":["GET"]}}],"collection":[{"href":"https:\/\/jagodina.museum\/en\/wp-json\/wp\/v2\/pages"}],"about":[{"href":"https:\/\/jagodina.museum\/en\/wp-json\/wp\/v2\/types\/page"}],"author":[{"embeddable":true,"href":"https:\/\/jagodina.museum\/en\/wp-json\/wp\/v2\/users\/1"}],"replies":[{"embeddable":true,"href":"https:\/\/jagodina.museum\/en\/wp-json\/wp\/v2\/comments?post=7719"}],"version-history":[{"count":0,"href":"https:\/\/jagodina.museum\/en\/wp-json\/wp\/v2\/pages\/7719\/revisions"}],"wp:attachment":[{"href":"https:\/\/jagodina.museum\/en\/wp-json\/wp\/v2\/media?parent=7719"}],"curies":[{"name":"wp","href":"https:\/\/api.w.org\/{rel}","templated":true}]}}