{"id":7760,"date":"2021-03-30T03:30:11","date_gmt":"2021-03-30T02:30:11","guid":{"rendered":"http:\/\/dev.jagodina.museum\/muzejska-zgrada-2\/"},"modified":"2022-03-10T10:46:01","modified_gmt":"2022-03-10T09:46:01","slug":"museum-building","status":"publish","type":"page","link":"https:\/\/jagodina.museum\/en\/museum-building\/","title":{"rendered":"Museum Building"},"content":{"rendered":"\t\t<div data-elementor-type=\"wp-page\" data-elementor-id=\"7760\" class=\"elementor elementor-7760 elementor-7752\" data-elementor-post-type=\"page\">\n\t\t\t\t\t\t<section class=\"elementor-section elementor-top-section elementor-element elementor-element-d1997a6 elementor-section-boxed elementor-section-height-default elementor-section-height-default sc_fly_static\" data-id=\"d1997a6\" data-element_type=\"section\" data-e-type=\"section\">\n\t\t\t\t\t\t<div class=\"elementor-container elementor-column-gap-extended\">\n\t\t\t\t\t<div class=\"elementor-column elementor-col-50 elementor-top-column elementor-element elementor-element-0a7338b sc_content_align_inherit sc_layouts_column_icons_position_left sc_fly_static\" data-id=\"0a7338b\" data-element_type=\"column\" data-e-type=\"column\">\n\t\t\t<div class=\"elementor-widget-wrap elementor-element-populated\">\n\t\t\t\t\t\t<div class=\"elementor-element elementor-element-5c40247 elementor-drop-cap-yes elementor-drop-cap-view-default sc_fly_static elementor-widget elementor-widget-text-editor\" data-id=\"5c40247\" data-element_type=\"widget\" data-e-type=\"widget\" data-settings=\"{&quot;drop_cap&quot;:&quot;yes&quot;}\" data-widget_type=\"text-editor.default\">\n\t\t\t\t<div class=\"elementor-widget-container\">\n\t\t\t\t\t\t\t\t\t<p>From its founding in 1954 until 1979, the Regional Museum changed six locations. Today it is located in a building built in 1935 for the needs of the Sokol House. The Museum was given this building for use in 1979 and finally occupied it in 1981.<\/p><p>The Sokol House in Jagodina was built on the site of the house of Stevan Stev\u010da Mihajlovi\u0107 (1806\u20131888), a prominent man from Jagodina but also an important figure in political life in Serbia during the reign of Prince Milo\u0161 and Prince Mihailo Obrenovi\u0107. His house was built in 1859. At that time, it was a monumental building whose value was estimated at 6,000 ducats. It had a ground floor and a first floor, with five windows facing the street on both levels. Upstairs was a balcony with a wrought-iron railing. There was a brick fence on the left side of the house. This house was demolished in the early 1930s, and the plot was given to the Jagodina Sokol Society to build the Sokol House.<\/p><p>The Sokol movement was a special gymnastic system that originated in Prague in 1862, within the then Habsburg monarchy, in response to Slavic peoples&#8217; germanization attempts. It was a combination of a sports organization and a national movement. It advocated liberalist philosophy and national identity strengthening through physical exercises, primarily gymnastics and athletics. It rested on the idea of creating a physically fit, honest, and nationally conscious individual who will have the strength to defend national interests and own cultural identity. Its goal was cultural and educational upliftment and moral education of the youth. The creator of this concept was Miroslav Tyr\u0161, along with Jind\u0159ich F\u00fcgner and Emanuel Tonner, who named the movement. He suggested that the movement bear the Czech name &#8220;sokol&#8221; (falcon), as in folk songs, this bird was a synonym for heroic and noble. Falcon was also the ideal of strength, beauty, and fighting spirit, and also stands for a hero among all Slavs. Sokol&#8217;s ideas of freedom, brotherhood, unity, perseverance, and patriotism were accepted outside the Czech Republic, so it grew into a pan-Slavic movement.<\/p><p>In the newly established Kingdom of Serbs, Croats, and Slovenes (since 1929 the Kingdom of Yugoslavia), formed on December 1, 1918, the Sokol movement was one of the most critical pillars underpinning the ideology of Yugoslavia and the regime of King Alexander I Kara\u0111or\u0111evi\u0107. The period between the two world wars can be considered golden for the Sokol movement, as it had state support and peaked in popularity by becoming mainstream.<\/p><p>Jagodina Sokol Society developed from the &#8220;Du\u0161an Silni&#8221; Gymnastic Society founded in 1906. With the formation of the state Association of Sokol Societies &#8220;Du\u0161an Silni,&#8221; the Jagodina Gymnastics Society was also renamed &#8220;Du\u0161an Silni&#8221; Sokol Society. However, its work was interrupted by the outbreak of the First World War, and its revival began in 1920. The society officially continued its work on January 27, 1921, when the first assembly was held, and the name was changed to Jagodina Sokol Society. During the fourth decade of the 20th century, the society began the construction of the Sokol House in Jagodina, which was completed in November 1935.<\/p><p>The designer of the Sokol House in Jagodina was architect Momir Korunovi\u0107 (1883\u20131969). This prominent Serbian artist of the first half of the 20th century was born in the village of Glogovac near Jagodina as the son of local priest Petar Korunovi\u0107. He started attending grammar school in Jagodina and finished it in Belgrade, where he joined the Sokol society youth at the age of twelve, remaining its member for the rest of his life. Despite his father&#8217;s wanting him to professionally join the army, he enrolled in the Department of Architecture at the Technical Faculty of the Great School in Belgrade. He continued his studies in Prague, Rome, and Paris. The 20th-century history of Serbian architecture considers him one of the most significant and original creators. Apart from numerous sacral and secular buildings, he made plans for 25 Sokol houses in the entire Kingdom of Serbs, Croats, and Slovenes, i.e., the Kingdom of Yugoslavia, of which 16 were realized. Momir Korunovi\u0107&#8217;s Sokol houses are considered the most significant achievements of Sokol architecture.<\/p><p>The building of the Jagodina Sokol House is one of Korunovi\u0107&#8217;s more modest projects and smaller one-storey building. In the area behind the building, there was an open field for practice. Viewed through its social role, the central hall of Sokol House was a multifunctional space. It was a gym, theater hall, cinema hall and it was also used for performances, lectures, dances and concerts.<\/p><p>Following World War II, the Sokol House building in Jagodina was the residence of the &#8220;Partizan&#8221; Society for Physical Education, a kind of successor to the Sokol Society. In the post-war period, cinema and theater performances were held in this space. After the Regional Museum became its occupant, the building was declared a cultural monument in 1987 in the category of cultural property.<\/p>\t\t\t\t\t\t\t\t<\/div>\n\t\t\t\t<\/div>\n\t\t\t\t\t<\/div>\n\t\t<\/div>\n\t\t\t\t<div class=\"elementor-column elementor-col-50 elementor-top-column elementor-element elementor-element-6c13b16 sc_content_align_inherit sc_layouts_column_icons_position_left sc_fly_static\" data-id=\"6c13b16\" data-element_type=\"column\" data-e-type=\"column\">\n\t\t\t<div class=\"elementor-widget-wrap elementor-element-populated\">\n\t\t\t\t\t\t<div class=\"elementor-element elementor-element-1ec2be9 sc_fly_static elementor-widget elementor-widget-image\" data-id=\"1ec2be9\" data-element_type=\"widget\" data-e-type=\"widget\" data-widget_type=\"image.default\">\n\t\t\t\t<div class=\"elementor-widget-container\">\n\t\t\t\t\t\t\t\t\t\t\t\t<figure class=\"wp-caption\">\n\t\t\t\t\t\t\t\t\t\t<img fetchpriority=\"high\" decoding=\"async\" width=\"800\" height=\"487\" src=\"https:\/\/jagodina.museum\/wp-content\/uploads\/2022\/03\/sud-zgrada.jpg\" class=\"attachment-large size-large wp-image-17560\" alt=\"\" srcset=\"https:\/\/jagodina.museum\/wp-content\/uploads\/2022\/03\/sud-zgrada.jpg 800w, https:\/\/jagodina.museum\/wp-content\/uploads\/2022\/03\/sud-zgrada-300x183.jpg 300w, https:\/\/jagodina.museum\/wp-content\/uploads\/2022\/03\/sud-zgrada-768x468.jpg 768w, https:\/\/jagodina.museum\/wp-content\/uploads\/2022\/03\/sud-zgrada-370x225.jpg 370w, https:\/\/jagodina.museum\/wp-content\/uploads\/2022\/03\/sud-zgrada-770x469.jpg 770w\" sizes=\"(max-width: 800px) 100vw, 800px\" \/>\t\t\t\t\t\t\t\t\t\t\t<figcaption class=\"widget-image-caption wp-caption-text\">The Court building in Jagodina, early 1920s. On the right is the house of Stev\u010da Mihajlovi\u0107, the location of today's Regional Museum.<\/figcaption>\n\t\t\t\t\t\t\t\t\t\t<\/figure>\n\t\t\t\t\t\t\t\t\t<\/div>\n\t\t\t\t<\/div>\n\t\t\t\t<div class=\"elementor-element elementor-element-90129ec sc_fly_static elementor-widget elementor-widget-spacer\" data-id=\"90129ec\" data-element_type=\"widget\" data-e-type=\"widget\" data-widget_type=\"spacer.default\">\n\t\t\t\t<div class=\"elementor-widget-container\">\n\t\t\t\t\t\t\t<div class=\"elementor-spacer\">\n\t\t\t<div class=\"elementor-spacer-inner\"><\/div>\n\t\t<\/div>\n\t\t\t\t\t\t<\/div>\n\t\t\t\t<\/div>\n\t\t\t\t<div class=\"elementor-element elementor-element-f0cfe41 sc_fly_static elementor-widget elementor-widget-image\" data-id=\"f0cfe41\" data-element_type=\"widget\" data-e-type=\"widget\" data-widget_type=\"image.default\">\n\t\t\t\t<div class=\"elementor-widget-container\">\n\t\t\t\t\t\t\t\t\t\t\t\t<figure class=\"wp-caption\">\n\t\t\t\t\t\t\t\t\t\t<img decoding=\"async\" width=\"1920\" height=\"1280\" src=\"https:\/\/jagodina.museum\/wp-content\/uploads\/2021\/03\/muzej-1935-hd.jpg\" class=\"attachment-full size-full wp-image-5680\" alt=\"\" srcset=\"https:\/\/jagodina.museum\/wp-content\/uploads\/2021\/03\/muzej-1935-hd.jpg 1920w, https:\/\/jagodina.museum\/wp-content\/uploads\/2021\/03\/muzej-1935-hd-300x200.jpg 300w, https:\/\/jagodina.museum\/wp-content\/uploads\/2021\/03\/muzej-1935-hd-1024x683.jpg 1024w, https:\/\/jagodina.museum\/wp-content\/uploads\/2021\/03\/muzej-1935-hd-768x512.jpg 768w, https:\/\/jagodina.museum\/wp-content\/uploads\/2021\/03\/muzej-1935-hd-1536x1024.jpg 1536w, https:\/\/jagodina.museum\/wp-content\/uploads\/2021\/03\/muzej-1935-hd-370x247.jpg 370w, https:\/\/jagodina.museum\/wp-content\/uploads\/2021\/03\/muzej-1935-hd-770x513.jpg 770w\" sizes=\"(max-width: 1920px) 100vw, 1920px\" \/>\t\t\t\t\t\t\t\t\t\t\t<figcaption class=\"widget-image-caption wp-caption-text\">Sokol House in Jagodina, built in 1935.<\/figcaption>\n\t\t\t\t\t\t\t\t\t\t<\/figure>\n\t\t\t\t\t\t\t\t\t<\/div>\n\t\t\t\t<\/div>\n\t\t\t\t<div class=\"elementor-element elementor-element-170897a sc_fly_static elementor-widget elementor-widget-spacer\" data-id=\"170897a\" data-element_type=\"widget\" data-e-type=\"widget\" data-widget_type=\"spacer.default\">\n\t\t\t\t<div class=\"elementor-widget-container\">\n\t\t\t\t\t\t\t<div class=\"elementor-spacer\">\n\t\t\t<div class=\"elementor-spacer-inner\"><\/div>\n\t\t<\/div>\n\t\t\t\t\t\t<\/div>\n\t\t\t\t<\/div>\n\t\t\t\t<div class=\"elementor-element elementor-element-7ecb40a sc_fly_static elementor-widget elementor-widget-image\" data-id=\"7ecb40a\" data-element_type=\"widget\" data-e-type=\"widget\" data-widget_type=\"image.default\">\n\t\t\t\t<div class=\"elementor-widget-container\">\n\t\t\t\t\t\t\t\t\t\t\t\t<figure class=\"wp-caption\">\n\t\t\t\t\t\t\t\t\t\t<img decoding=\"async\" width=\"1024\" height=\"654\" src=\"https:\/\/jagodina.museum\/wp-content\/uploads\/2021\/03\/soko-hd-1024x654.jpg\" class=\"attachment-large size-large wp-image-5685\" alt=\"\" srcset=\"https:\/\/jagodina.museum\/wp-content\/uploads\/2021\/03\/soko-hd-1024x654.jpg 1024w, https:\/\/jagodina.museum\/wp-content\/uploads\/2021\/03\/soko-hd-300x192.jpg 300w, https:\/\/jagodina.museum\/wp-content\/uploads\/2021\/03\/soko-hd-768x490.jpg 768w, https:\/\/jagodina.museum\/wp-content\/uploads\/2021\/03\/soko-hd-1536x981.jpg 1536w, https:\/\/jagodina.museum\/wp-content\/uploads\/2021\/03\/soko-hd-370x236.jpg 370w, https:\/\/jagodina.museum\/wp-content\/uploads\/2021\/03\/soko-hd-770x492.jpg 770w, https:\/\/jagodina.museum\/wp-content\/uploads\/2021\/03\/soko-hd-740x474.jpg 740w, https:\/\/jagodina.museum\/wp-content\/uploads\/2021\/03\/soko-hd.jpg 1920w\" sizes=\"(max-width: 1024px) 100vw, 1024px\" \/>\t\t\t\t\t\t\t\t\t\t\t<figcaption class=\"widget-image-caption wp-caption-text\">The interior of Sokol House with gymnastics equipment, 1935-1940<\/figcaption>\n\t\t\t\t\t\t\t\t\t\t<\/figure>\n\t\t\t\t\t\t\t\t\t<\/div>\n\t\t\t\t<\/div>\n\t\t\t\t<div class=\"elementor-element elementor-element-1953f55 sc_fly_static elementor-widget elementor-widget-spacer\" data-id=\"1953f55\" data-element_type=\"widget\" data-e-type=\"widget\" data-widget_type=\"spacer.default\">\n\t\t\t\t<div class=\"elementor-widget-container\">\n\t\t\t\t\t\t\t<div class=\"elementor-spacer\">\n\t\t\t<div class=\"elementor-spacer-inner\"><\/div>\n\t\t<\/div>\n\t\t\t\t\t\t<\/div>\n\t\t\t\t<\/div>\n\t\t\t\t<div class=\"elementor-element elementor-element-f04b3d2 sc_fly_static elementor-widget elementor-widget-image\" data-id=\"f04b3d2\" data-element_type=\"widget\" data-e-type=\"widget\" data-widget_type=\"image.default\">\n\t\t\t\t<div class=\"elementor-widget-container\">\n\t\t\t\t\t\t\t\t\t\t\t\t<figure class=\"wp-caption\">\n\t\t\t\t\t\t\t\t\t\t<img loading=\"lazy\" decoding=\"async\" width=\"1920\" height=\"1209\" src=\"https:\/\/jagodina.museum\/wp-content\/uploads\/2021\/03\/soko-proslava-hd.jpg\" class=\"attachment-full size-full wp-image-5689\" alt=\"\" srcset=\"https:\/\/jagodina.museum\/wp-content\/uploads\/2021\/03\/soko-proslava-hd.jpg 1920w, https:\/\/jagodina.museum\/wp-content\/uploads\/2021\/03\/soko-proslava-hd-300x189.jpg 300w, https:\/\/jagodina.museum\/wp-content\/uploads\/2021\/03\/soko-proslava-hd-1024x645.jpg 1024w, https:\/\/jagodina.museum\/wp-content\/uploads\/2021\/03\/soko-proslava-hd-768x484.jpg 768w, https:\/\/jagodina.museum\/wp-content\/uploads\/2021\/03\/soko-proslava-hd-1536x967.jpg 1536w, https:\/\/jagodina.museum\/wp-content\/uploads\/2021\/03\/soko-proslava-hd-370x233.jpg 370w, https:\/\/jagodina.museum\/wp-content\/uploads\/2021\/03\/soko-proslava-hd-770x485.jpg 770w\" sizes=\"(max-width: 1920px) 100vw, 1920px\" \/>\t\t\t\t\t\t\t\t\t\t\t<figcaption class=\"widget-image-caption wp-caption-text\">The hall of Sokol House decorated for ceremony, 1935-1940<\/figcaption>\n\t\t\t\t\t\t\t\t\t\t<\/figure>\n\t\t\t\t\t\t\t\t\t<\/div>\n\t\t\t\t<\/div>\n\t\t\t\t<div class=\"elementor-element elementor-element-338b484 sc_fly_static elementor-widget elementor-widget-spacer\" data-id=\"338b484\" data-element_type=\"widget\" data-e-type=\"widget\" data-widget_type=\"spacer.default\">\n\t\t\t\t<div class=\"elementor-widget-container\">\n\t\t\t\t\t\t\t<div class=\"elementor-spacer\">\n\t\t\t<div class=\"elementor-spacer-inner\"><\/div>\n\t\t<\/div>\n\t\t\t\t\t\t<\/div>\n\t\t\t\t<\/div>\n\t\t\t\t<div class=\"elementor-element elementor-element-6a10742 sc_fly_static elementor-widget elementor-widget-image\" data-id=\"6a10742\" data-element_type=\"widget\" data-e-type=\"widget\" data-widget_type=\"image.default\">\n\t\t\t\t<div class=\"elementor-widget-container\">\n\t\t\t\t\t\t\t\t\t\t\t\t<figure class=\"wp-caption\">\n\t\t\t\t\t\t\t\t\t\t<img loading=\"lazy\" decoding=\"async\" width=\"1024\" height=\"636\" src=\"https:\/\/jagodina.museum\/wp-content\/uploads\/2021\/04\/img704-1-1024x636.png\" class=\"attachment-large size-large wp-image-9191\" alt=\"\" srcset=\"https:\/\/jagodina.museum\/wp-content\/uploads\/2021\/04\/img704-1-1024x636.png 1024w, https:\/\/jagodina.museum\/wp-content\/uploads\/2021\/04\/img704-1-300x186.png 300w, https:\/\/jagodina.museum\/wp-content\/uploads\/2021\/04\/img704-1-768x477.png 768w, https:\/\/jagodina.museum\/wp-content\/uploads\/2021\/04\/img704-1-370x230.png 370w, https:\/\/jagodina.museum\/wp-content\/uploads\/2021\/04\/img704-1-770x478.png 770w, https:\/\/jagodina.museum\/wp-content\/uploads\/2021\/04\/img704-1.png 1500w\" sizes=\"(max-width: 1024px) 100vw, 1024px\" \/>\t\t\t\t\t\t\t\t\t\t\t<figcaption class=\"widget-image-caption wp-caption-text\">Costume ball at Sokol house, 1935-1940<\/figcaption>\n\t\t\t\t\t\t\t\t\t\t<\/figure>\n\t\t\t\t\t\t\t\t\t<\/div>\n\t\t\t\t<\/div>\n\t\t\t\t\t<\/div>\n\t\t<\/div>\n\t\t\t\t\t<\/div>\n\t\t<\/section>\n\t\t\t\t<section class=\"elementor-section elementor-top-section elementor-element elementor-element-f654af3 elementor-section-boxed elementor-section-height-default elementor-section-height-default sc_fly_static\" data-id=\"f654af3\" data-element_type=\"section\" data-e-type=\"section\">\n\t\t\t\t\t\t<div class=\"elementor-container elementor-column-gap-extended\">\n\t\t\t\t\t<div class=\"elementor-column elementor-col-100 elementor-top-column elementor-element elementor-element-b1b5bdc sc_content_align_inherit sc_layouts_column_icons_position_left sc_fly_static\" data-id=\"b1b5bdc\" data-element_type=\"column\" data-e-type=\"column\">\n\t\t\t<div class=\"elementor-widget-wrap elementor-element-populated\">\n\t\t\t\t\t\t<div class=\"elementor-element elementor-element-62bd7d6 sc_fly_static elementor-widget elementor-widget-spacer\" data-id=\"62bd7d6\" data-element_type=\"widget\" data-e-type=\"widget\" data-widget_type=\"spacer.default\">\n\t\t\t\t<div class=\"elementor-widget-container\">\n\t\t\t\t\t\t\t<div class=\"elementor-spacer\">\n\t\t\t<div class=\"elementor-spacer-inner\"><\/div>\n\t\t<\/div>\n\t\t\t\t\t\t<\/div>\n\t\t\t\t<\/div>\n\t\t\t\t\t<\/div>\n\t\t<\/div>\n\t\t\t\t\t<\/div>\n\t\t<\/section>\n\t\t\t\t<\/div>\n\t\t","protected":false},"excerpt":{"rendered":"<p>From its founding in 1954 until 1979, the Regional Museum changed six locations. Today it is located in a building built in 1935 for the needs of the Sokol House. The Museum was given this building for use in 1979 and finally occupied it in&hellip;<\/p>\n","protected":false},"author":1,"featured_media":0,"parent":0,"menu_order":0,"comment_status":"closed","ping_status":"closed","template":"","meta":{"footnotes":""},"class_list":["post-7760","page","type-page","status-publish","hentry"],"_links":{"self":[{"href":"https:\/\/jagodina.museum\/en\/wp-json\/wp\/v2\/pages\/7760","targetHints":{"allow":["GET"]}}],"collection":[{"href":"https:\/\/jagodina.museum\/en\/wp-json\/wp\/v2\/pages"}],"about":[{"href":"https:\/\/jagodina.museum\/en\/wp-json\/wp\/v2\/types\/page"}],"author":[{"embeddable":true,"href":"https:\/\/jagodina.museum\/en\/wp-json\/wp\/v2\/users\/1"}],"replies":[{"embeddable":true,"href":"https:\/\/jagodina.museum\/en\/wp-json\/wp\/v2\/comments?post=7760"}],"version-history":[{"count":0,"href":"https:\/\/jagodina.museum\/en\/wp-json\/wp\/v2\/pages\/7760\/revisions"}],"wp:attachment":[{"href":"https:\/\/jagodina.museum\/en\/wp-json\/wp\/v2\/media?parent=7760"}],"curies":[{"name":"wp","href":"https:\/\/api.w.org\/{rel}","templated":true}]}}